{"id":46,"date":"2022-03-18T11:03:32","date_gmt":"2022-03-18T10:03:32","guid":{"rendered":"https:\/\/www.wpautotranslate.com\/en\/?page_id=46"},"modified":"2022-04-08T11:29:00","modified_gmt":"2022-04-08T09:29:00","slug":"installazione","status":"publish","type":"page","link":"https:\/\/www.wpautotranslate.com\/it\/installazione\/","title":{"rendered":"Installazione di WPAutoTranslate da zero"},"content":{"rendered":"\n<p>Questo tutorial ti mostrer\u00e0 come avere un sito WordPress in pi\u00f9 lingue e facilitare le traduzioni con WordPress AutoTranslate.<\/p>\n\n\n\n<h2 class=\"wp-block-heading\">Fabbisogno<\/h2>\n\n\n\n<ul class=\"wp-block-list\"><li>Ospitalit\u00e0<\/li><li>WordPress<\/li><li>MultilingualPress (plugin)<\/li><li>WP AutoTranslate per MultilingualPress (plugin)<\/li><li>Chiave API Microsoft Translate<\/li><\/ul>\n\n\n\n<h2 class=\"wp-block-heading\">Installazione<\/h2>\n\n\n\n<p>La prima cosa che faremo \u00e8 creare il nostro nuovo WordPress, uno normale. Abbiamo gi\u00e0 configurato i dati del database in precedenza. Il tuo hosting potrebbe avere l&#8217;opzione di installazione &#8220;one-click&#8221;. Puoi usarlo!<\/p>\n\n\n\n<p>Quando entriamo nel nostro sito, la prima cosa che ci verr\u00e0 chiesta \u00e8 la lingua principale che useremo. In questo caso la nostra lingua principale sar\u00e0 l&#8217;inglese.<\/p>\n\n\n\n<p>Inseriamo il nome del sito, l&#8217;utente amministratore principale, la password e l&#8217;account e-mail. Fai clic su Installa WordPress.<\/p>\n\n\n\n<figure class=\"wp-block-video aligncenter\"><video controls src=\"https:\/\/www.wpautotranslate.com\/wp-content\/uploads\/2020\/11\/v001-1.mp4\"><\/video><\/figure>\n\n\n\n<h2 class=\"wp-block-heading\">Configurazione<\/h2>\n\n\n\n<p>Successivamente, dobbiamo attivare la possibilit\u00e0 che il nostro sito sia un WordPress Multisite. Inseriremo il nostro file wp-config.php (tramite FTP o il sistema che vogliamo) e aggiungeremo la seguente riga.<\/p>\n\n\n\n<pre class=\"wp-block-code\"><code>define( 'WP_ALLOW_MULTISITE', true );<\/code><\/pre>\n\n\n\n<div class=\"wp-block-image\"><figure class=\"aligncenter size-full\"><img decoding=\"async\" src=\"https:\/\/www.wpautotranslate.com\/wp-content\/uploads\/2020\/11\/v002-1.png\" alt=\"\" class=\"wp-image-3052\" \/><\/figure><\/div>\n\n\n\n<p>Quando avremo aggiornato il file di configurazione di WordPress, entreremo in WordPress e attiveremo il sistema WordPress MultiSite.<\/p>\n\n\n\n<p>Accederemo a WordPress e l\u00ec andremo all&#8217;opzione Strumenti nel menu e in Impostazioni di rete.<\/p>\n\n\n\n<p>Sceglieremo tra sottodomini o cartelle, metteremo il nome che vogliamo alla rete e alla posta principale.<\/p>\n\n\n\n<p>Una volta creato, ci dar\u00e0 le istruzioni da aggiungere al nostro wp-config.php e al nostro .htaccess.<\/p>\n\n\n\n<figure class=\"wp-block-video aligncenter\"><video controls src=\"https:\/\/www.wpautotranslate.com\/wp-content\/uploads\/2020\/11\/v003-1.mp4\"><\/video><\/figure>\n\n\n\n<p>Aggiungiamo le informazioni a wp-config.php<\/p>\n\n\n\n<div class=\"wp-block-image\"><figure class=\"aligncenter size-full\"><img decoding=\"async\" src=\"https:\/\/www.wpautotranslate.com\/wp-content\/uploads\/2020\/11\/v004.png\" alt=\"\" class=\"wp-image-3055\" \/><\/figure><\/div>\n\n\n\n<p>Aggiungiamo le informazioni al .htaccess<\/p>\n\n\n\n<div class=\"wp-block-image\"><figure class=\"aligncenter size-full\"><img decoding=\"async\" src=\"https:\/\/www.wpautotranslate.com\/wp-content\/uploads\/2020\/11\/v005.png\" alt=\"\" class=\"wp-image-3056\" \/><\/figure><\/div>\n\n\n\n<p>Una volta aggiornati i file, torneremo al pannello. Normalmente, verrai espulso dal pannello e ti verr\u00e0 chiesto di accedere nuovamente con il tuo nome utente e password. Una volta entrati, saremo nell&#8217;installazione di WordPress MultiSite, anche se solo un sito (quello principale).<\/p>\n\n\n\n<figure class=\"wp-block-video aligncenter\"><video controls src=\"https:\/\/www.wpautotranslate.com\/wp-content\/uploads\/2020\/11\/v006-1.mp4\"><\/video><\/figure>\n\n\n\n<h2 class=\"wp-block-heading\">MultilinguePress<\/h2>\n\n\n\n<p>Prima di creare i nuovi siti, installeremo MultilingualPress, il plugin che permette di attribuire lingue e relazioni tra i diversi siti. Una volta installato, lo attiveremo per renderlo funzionale.<\/p>\n\n\n\n<figure class=\"wp-block-video aligncenter\"><video controls src=\"https:\/\/www.wpautotranslate.com\/wp-content\/uploads\/2020\/11\/v007-1.mp4\"><\/video><\/figure>\n\n\n\n<h2 class=\"wp-block-heading\">Creazione del sito<\/h2>\n\n\n\n<p>Creeremo i diversi siti. In questo caso creeremo un sito in inglese, spagnolo, francese e tedesco (il video mostra solo l&#8217;ultimo creato).<\/p>\n\n\n\n<figure class=\"wp-block-video aligncenter\"><video controls src=\"https:\/\/www.wpautotranslate.com\/wp-content\/uploads\/2020\/11\/v008-1.mp4\"><\/video><\/figure>\n\n\n\n<h2 class=\"wp-block-heading\">WP AutoTranslate<\/h2>\n\n\n\n<p>Ora che abbiamo creato tutti i siti, installiamo WordPress AutoTranslate per MultilingualPress. Aggiungeremo il plugin a livello di rete e lo attiveremo.<\/p>\n\n\n\n<figure class=\"wp-block-video aligncenter\"><video controls src=\"https:\/\/www.wpautotranslate.com\/wp-content\/uploads\/2020\/11\/v009-1.mp4\"><\/video><\/figure>\n\n\n\n<p>Ora creeremo uno dei fornitori di traduzioni. In questo caso, useremo Microsoft (dovrai <a href=\"https:\/\/www.wpautotranslate.com\/en\/wpautotranslate\/provider\/microsoft\/\" data-type=\"URL\" data-id=\"https:\/\/www.wpautotranslate.com\/en\/wpautotranslate\/provider\/microsoft\/\" target=\"_blank\" rel=\"noreferrer noopener\">seguire i passaggi per ottenere i dati API<\/a>). Una volta configurata l&#8217;API Microsoft, la attiveremo come provider di traduzione principale.<\/p>\n\n\n\n<figure class=\"wp-block-video aligncenter\"><video controls src=\"https:\/\/www.wpautotranslate.com\/wp-content\/uploads\/2020\/11\/v010-3.mp4\"><\/video><\/figure>\n\n\n\n<h2 class=\"wp-block-heading\">Tradurre contenuti<\/h2>\n\n\n\n<p>Ora che abbiamo tutto, creiamo una nuova categoria per i nostri post. Creeremo la categoria e la inseriremo per selezionare le lingue in cui vogliamo che traducano. Possiamo accedere ad alcuni di essi per verificare che sia stato tradotto correttamente.<\/p>\n\n\n\n<p>Possiamo andare in una qualsiasi delle 4 lingue che abbiamo creato per eseguire la traduzione, non deve essere la lingua principale dell&#8217;installazione. In questo caso il nostro obiettivo \u00e8 tradurre Don Chisciotte dallo spagnolo in altre lingue, quindi useremo lo spagnolo come lingua iniziale.<\/p>\n\n\n\n<figure class=\"wp-block-video aligncenter\"><video controls src=\"https:\/\/www.wpautotranslate.com\/wp-content\/uploads\/2020\/11\/v011-1.mp4\"><\/video><\/figure>\n\n\n\n<p>Ora che abbiamo la categoria, aggiungiamo l&#8217;inizio del primo capitolo come Post. Allo stesso modo, lo tradurremo nelle altre lingue.<\/p>\n\n\n\n<figure class=\"wp-block-video aligncenter\"><video controls src=\"https:\/\/www.wpautotranslate.com\/wp-content\/uploads\/2020\/11\/v012-1.mp4\"><\/video><\/figure>\n\n\n\n<h2 class=\"wp-block-heading\">La fine<\/h2>\n\n\n\n<p>E questo \u00e8 tutto! Hai tutto pronto per configurare la tua rete di siti in diverse lingue in modo facile e semplice.<\/p>\n","protected":false},"excerpt":{"rendered":"<p>Questo tutorial ti mostrer\u00e0 come avere un sito WordPress in pi\u00f9 lingue e facilitare le traduzioni con WordPress AutoTranslate. Requisiti WordPress MultilingualPress Hosting (plugin) WP AutoTranslate per MultilingualPress (plugin) Microsoft Translate API Key Installation La prima cosa che faremo \u00e8 creare il nostro nuovo WordPress, uno normale. Abbiamo gi\u00e0 impostato il database&#8230; <a title=\"Installazione di WPAutoTranslate da zero\" class=\"read-more\" href=\"https:\/\/www.wpautotranslate.com\/en\/install\/\" aria-label=\"Ulteriori informazioni sull'installazione di WPAutoTranslate da zero\">Leggi di pi\u00f9<\/a><\/p>\n","protected":false},"author":1,"featured_media":0,"parent":0,"menu_order":30,"comment_status":"closed","ping_status":"closed","template":"","meta":{"_seopress_robots_primary_cat":"","_seopress_titles_title":"","_seopress_titles_desc":"","_seopress_robots_index":"","inline_featured_image":false,"footnotes":""},"class_list":["post-46","page","type-page","status-publish"],"_links":{"self":[{"href":"https:\/\/www.wpautotranslate.com\/it\/wp-json\/wp\/v2\/pages\/46","targetHints":{"allow":["GET"]}}],"collection":[{"href":"https:\/\/www.wpautotranslate.com\/it\/wp-json\/wp\/v2\/pages"}],"about":[{"href":"https:\/\/www.wpautotranslate.com\/it\/wp-json\/wp\/v2\/types\/page"}],"author":[{"embeddable":true,"href":"https:\/\/www.wpautotranslate.com\/it\/wp-json\/wp\/v2\/users\/1"}],"replies":[{"embeddable":true,"href":"https:\/\/www.wpautotranslate.com\/it\/wp-json\/wp\/v2\/comments?post=46"}],"version-history":[{"count":5,"href":"https:\/\/www.wpautotranslate.com\/it\/wp-json\/wp\/v2\/pages\/46\/revisions"}],"predecessor-version":[{"id":228,"href":"https:\/\/www.wpautotranslate.com\/it\/wp-json\/wp\/v2\/pages\/46\/revisions\/228"}],"wp:attachment":[{"href":"https:\/\/www.wpautotranslate.com\/it\/wp-json\/wp\/v2\/media?parent=46"}],"curies":[{"name":"wp","href":"https:\/\/api.w.org\/{rel}","templated":true}]}}