{"id":36,"date":"2022-03-18T10:59:51","date_gmt":"2022-03-18T09:59:51","guid":{"rendered":"https:\/\/www.wpautotranslate.com\/en\/?page_id=36"},"modified":"2022-04-08T11:28:53","modified_gmt":"2022-04-08T09:28:53","slug":"softcatala","status":"publish","type":"page","link":"https:\/\/www.wpautotranslate.com\/it\/wpautotranslate\/configuration-api\/softcatala\/","title":{"rendered":"Softcatal\u00e0"},"content":{"rendered":"\n<p>Per utilizzare le traduzioni Softcatal\u00e0 non hai bisogno di alcun tipo di API o qualcosa del genere.<\/p>\n\n\n\n<p>Va notato che Softcatal\u00e0 \u00e8 una comunit\u00e0 che promuove il catalano e che non tutte le lingue sono disponibili, e raccomanda solo l&#8217;uso di questa piattaforma quando si traduce dal catalano.<\/p>\n","protected":false},"excerpt":{"rendered":"<p>Per utilizzare le traduzioni Softcatal\u00e0 non hai bisogno di alcun tipo di API o qualcosa del genere. Va notato che Softcatal\u00e0 \u00e8 una comunit\u00e0 che promuove il catalano e che non tutte le lingue sono disponibili, e raccomanda solo l&#8217;uso di questa piattaforma quando si traduce dal catalano.<\/p>\n","protected":false},"author":1,"featured_media":0,"parent":24,"menu_order":30,"comment_status":"closed","ping_status":"closed","template":"","meta":{"_seopress_robots_primary_cat":"","_seopress_titles_title":"","_seopress_titles_desc":"","_seopress_robots_index":"","inline_featured_image":false,"footnotes":""},"class_list":["post-36","page","type-page","status-publish"],"_links":{"self":[{"href":"https:\/\/www.wpautotranslate.com\/it\/wp-json\/wp\/v2\/pages\/36","targetHints":{"allow":["GET"]}}],"collection":[{"href":"https:\/\/www.wpautotranslate.com\/it\/wp-json\/wp\/v2\/pages"}],"about":[{"href":"https:\/\/www.wpautotranslate.com\/it\/wp-json\/wp\/v2\/types\/page"}],"author":[{"embeddable":true,"href":"https:\/\/www.wpautotranslate.com\/it\/wp-json\/wp\/v2\/users\/1"}],"replies":[{"embeddable":true,"href":"https:\/\/www.wpautotranslate.com\/it\/wp-json\/wp\/v2\/comments?post=36"}],"version-history":[{"count":2,"href":"https:\/\/www.wpautotranslate.com\/it\/wp-json\/wp\/v2\/pages\/36\/revisions"}],"predecessor-version":[{"id":177,"href":"https:\/\/www.wpautotranslate.com\/it\/wp-json\/wp\/v2\/pages\/36\/revisions\/177"}],"up":[{"embeddable":true,"href":"https:\/\/www.wpautotranslate.com\/it\/wp-json\/wp\/v2\/pages\/24"}],"wp:attachment":[{"href":"https:\/\/www.wpautotranslate.com\/it\/wp-json\/wp\/v2\/media?parent=36"}],"curies":[{"name":"wp","href":"https:\/\/api.w.org\/{rel}","templated":true}]}}