{"id":30,"date":"2022-03-18T10:58:15","date_gmt":"2022-03-18T09:58:15","guid":{"rendered":"https:\/\/www.wpautotranslate.com\/en\/?page_id=30"},"modified":"2022-04-08T11:28:49","modified_gmt":"2022-04-08T09:28:49","slug":"google","status":"publish","type":"page","link":"https:\/\/www.wpautotranslate.com\/it\/wpautotranslate\/configuration-api\/google\/","title":{"rendered":"Google"},"content":{"rendered":"\n<p>Per utilizzare l&#8217;API di Google, il contenuto JSON della chiave. Il processo \u00e8 un po &#8216;complesso, ma pu\u00f2 essere fatto. La prima cosa \u00e8 registrarsi e avere un account<a aria-label=\"Google Cloud (opens in a new tab)\" class=\"rank-math-link\" href=\"https:\/\/cloud.google.com\/translate\/\" target=\"_blank\" rel=\"noreferrer noopener\"> Google Cloud<\/a> .<\/p>\n\n\n\n<p>La prima cosa che devi fare \u00e8 selezionare l&#8217;opzione API e servizi e quindi l&#8217;opzione <a aria-label=\"Credentials (opens in a new tab)\" href=\"https:\/\/console.cloud.google.com\/apis\/credentials\" target=\"_blank\" rel=\"noreferrer noopener\" class=\"rank-math-link\">Credenziali<\/a> .<\/p>\n\n\n\n<div class=\"wp-block-image\"><figure class=\"aligncenter size-full\"><img decoding=\"async\" src=\"https:\/\/www.wpautotranslate.com\/wp-content\/uploads\/2020\/10\/google-01.png\" alt=\"\" class=\"wp-image-2862\" \/><\/figure><\/div>\n\n\n\n<p>Selezioneremo l&#8217;opzione per creare le credenziali e l\u00ec sceglieremo quella del Tipo di account di servizio.<\/p>\n\n\n\n<div class=\"wp-block-image\"><figure class=\"aligncenter size-full\"><img decoding=\"async\" src=\"https:\/\/www.wpautotranslate.com\/wp-content\/uploads\/2020\/10\/google-02.png\" alt=\"\" class=\"wp-image-2863\" \/><\/figure><\/div>\n\n\n\n<p>L\u00ec metteremo il nome e l&#8217;identificatore che vogliamo avere elencato.<\/p>\n\n\n\n<div class=\"wp-block-image\"><figure class=\"aligncenter size-full\"><img decoding=\"async\" src=\"https:\/\/www.wpautotranslate.com\/wp-content\/uploads\/2020\/10\/google-03.png\" alt=\"\" class=\"wp-image-2864\" \/><\/figure><\/div>\n\n\n\n<p>E ti daremo le autorizzazioni di proprietario.<\/p>\n\n\n\n<div class=\"wp-block-image\"><figure class=\"aligncenter size-full\"><img decoding=\"async\" src=\"https:\/\/www.wpautotranslate.com\/wp-content\/uploads\/2020\/10\/google-04.png\" alt=\"\" class=\"wp-image-2865\" \/><\/figure><\/div>\n\n\n\n<p>Una volta creato, se entriamo nell&#8217;account, creeremo la chiave stessa.<\/p>\n\n\n\n<div class=\"wp-block-image\"><figure class=\"aligncenter size-full\"><img decoding=\"async\" src=\"https:\/\/www.wpautotranslate.com\/wp-content\/uploads\/2020\/10\/google-05.png\" alt=\"\" class=\"wp-image-2866\" \/><\/figure><\/div>\n\n\n\n<p>Tra i tipi di chiave selezioneremo il tipo JSON<\/p>\n\n\n\n<div class=\"wp-block-image\"><figure class=\"aligncenter size-full\"><img decoding=\"async\" src=\"https:\/\/www.wpautotranslate.com\/wp-content\/uploads\/2020\/10\/google-06.png\" alt=\"\" class=\"wp-image-2867\" \/><\/figure><\/div>\n\n\n\n<p>Quando creiamo la chiave ci verr\u00e0 dato un file da scaricare. Questo file JSON \u00e8 un file di testo. All&#8217;interno, tutto il contenuto \u00e8 la chiave necessaria per il funzionamento dell&#8217;API.<\/p>\n\n\n\n<p>Copieremo il contenuto del file e procederemo ad accedere al pannello Impostazioni del plugin e includerlo nella scheda Google.<\/p>\n\n\n\n<div class=\"wp-block-image\"><figure class=\"aligncenter size-full\"><img decoding=\"async\" src=\"https:\/\/www.wpautotranslate.com\/wp-content\/uploads\/2020\/10\/google-07.png\" alt=\"\" class=\"wp-image-2868\" \/><\/figure><\/div>\n\n\n\n<p>\n","protected":false},"excerpt":{"rendered":"<p>Per utilizzare l&#8217;API di Google, il contenuto JSON della chiave. Il processo \u00e8 un po &#8216;complesso, ma pu\u00f2 essere fatto. La prima cosa \u00e8 registrarsi e avere un account Google Cloud. La prima cosa che devi fare \u00e8 selezionare l&#8217;opzione API e servizi e quindi l&#8217;opzione Credenziali. Stiamo andando a&#8230; <a title=\"Google\" class=\"read-more\" href=\"https:\/\/www.wpautotranslate.com\/en\/wpautotranslate\/provider\/google\/\" aria-label=\"Ulteriori informazioni su Google\">Leggi di pi\u00f9<\/a><\/p>\n","protected":false},"author":1,"featured_media":0,"parent":24,"menu_order":20,"comment_status":"closed","ping_status":"closed","template":"","meta":{"_seopress_robots_primary_cat":"","_seopress_titles_title":"","_seopress_titles_desc":"","_seopress_robots_index":"","inline_featured_image":false,"footnotes":""},"class_list":["post-30","page","type-page","status-publish"],"_links":{"self":[{"href":"https:\/\/www.wpautotranslate.com\/it\/wp-json\/wp\/v2\/pages\/30","targetHints":{"allow":["GET"]}}],"collection":[{"href":"https:\/\/www.wpautotranslate.com\/it\/wp-json\/wp\/v2\/pages"}],"about":[{"href":"https:\/\/www.wpautotranslate.com\/it\/wp-json\/wp\/v2\/types\/page"}],"author":[{"embeddable":true,"href":"https:\/\/www.wpautotranslate.com\/it\/wp-json\/wp\/v2\/users\/1"}],"replies":[{"embeddable":true,"href":"https:\/\/www.wpautotranslate.com\/it\/wp-json\/wp\/v2\/comments?post=30"}],"version-history":[{"count":4,"href":"https:\/\/www.wpautotranslate.com\/it\/wp-json\/wp\/v2\/pages\/30\/revisions"}],"predecessor-version":[{"id":222,"href":"https:\/\/www.wpautotranslate.com\/it\/wp-json\/wp\/v2\/pages\/30\/revisions\/222"}],"up":[{"embeddable":true,"href":"https:\/\/www.wpautotranslate.com\/it\/wp-json\/wp\/v2\/pages\/24"}],"wp:attachment":[{"href":"https:\/\/www.wpautotranslate.com\/it\/wp-json\/wp\/v2\/media?parent=30"}],"curies":[{"name":"wp","href":"https:\/\/api.w.org\/{rel}","templated":true}]}}