{"id":231,"date":"2022-06-17T13:50:31","date_gmt":"2022-06-17T11:50:31","guid":{"rendered":"https:\/\/www.wpautotranslate.com\/it\/?page_id=231"},"modified":"2022-06-28T16:16:31","modified_gmt":"2022-06-28T14:16:31","slug":"microsoft","status":"publish","type":"page","link":"https:\/\/www.wpautotranslate.com\/it\/wpautotranslate\/configuration-api\/microsoft\/","title":{"rendered":"Microsoft"},"content":{"rendered":"\n<h3 class=\"gb-headline gb-headline-545765af gb-headline-text\">Come ottenere la chiave API<\/h3>\n\n\n\n<p>Per usare l&#8217;API Microsoft \u00e8 necessario un account Azure, dove si otterr\u00e0 la chiave API e l&#8217;area in cui si utilizzer\u00e0 il sistema di traduzione.<\/p>\n\n\n\n<p>Dopo aver creato un account gratuito la prima cosa che dobbiamo fare \u00e8 <a href=\"https:\/\/ms.portal.azure.com\/#create\/Microsoft.CognitiveServicesTextTranslation\" target=\"_blank\" rel=\"noreferrer noopener\">creare l&#8217;istanza<\/a> per il sistema di traduzione. Nel gruppo di risorse ne creiamo uno nuovo e lo chiamiamo, ad esempio, WPAutoTranslate. <\/p>\n\n\n<div class=\"wp-block-image\">\n<figure class=\"aligncenter size-full\"><img loading=\"lazy\" decoding=\"async\" width=\"798\" height=\"399\" src=\"https:\/\/www.wpautotranslate.com\/it\/wp-content\/uploads\/sites\/7\/2022\/06\/azure.png\" alt=\"\" class=\"wp-image-236\" srcset=\"https:\/\/www.wpautotranslate.com\/it\/wp-content\/uploads\/sites\/7\/2022\/06\/azure.png 798w, https:\/\/www.wpautotranslate.com\/it\/wp-content\/uploads\/sites\/7\/2022\/06\/azure-768x384.png 768w\" sizes=\"auto, (max-width: 798px) 100vw, 798px\" \/><\/figure>\n<\/div>\n\n\n<p>Nei dettagli dell&#8217;istanza sceglieremo come regione <strong>Francia centrale<\/strong> e nome possiamo mettere quello che vogliamo, in questo caso lo abbiamo chiamato WPAT.<\/p>\n\n\n<div class=\"wp-block-image\">\n<figure class=\"aligncenter size-full\"><img loading=\"lazy\" decoding=\"async\" width=\"765\" height=\"487\" src=\"https:\/\/www.wpautotranslate.com\/it\/wp-content\/uploads\/sites\/7\/2022\/06\/resoure_azure.png\" alt=\"\" class=\"wp-image-237\"\/><\/figure>\n<\/div>\n\n\n<p>Il piano tariffario sar\u00e0 <strong>Free<\/strong> <strong>F0<\/strong>. Fai clic su rivedi e crea e nella schermata successiva che appare premiamo il pulsante <strong>Vai alla risorsa<\/strong> :<\/p>\n\n\n<div class=\"wp-block-image\">\n<figure class=\"aligncenter size-full\"><img loading=\"lazy\" decoding=\"async\" width=\"731\" height=\"405\" src=\"https:\/\/www.wpautotranslate.com\/it\/wp-content\/uploads\/sites\/7\/2022\/06\/resource.png\" alt=\"\" class=\"wp-image-239\"\/><\/figure>\n<\/div>\n\n\n<p>Andiamo accanto a <strong>Chiavi e punto di connessione<\/strong>. L\u00ec seleziona una delle due chiavi che ti danno, cos\u00ec come la regione.<\/p>\n\n\n<div class=\"wp-block-image\">\n<figure class=\"aligncenter size-full is-resized\"><img loading=\"lazy\" decoding=\"async\" src=\"https:\/\/www.wpautotranslate.com\/it\/wp-content\/uploads\/sites\/7\/2022\/06\/keys-and-endpoint.png\" alt=\"\" class=\"wp-image-240\" width=\"825\" height=\"543\" srcset=\"https:\/\/www.wpautotranslate.com\/it\/wp-content\/uploads\/sites\/7\/2022\/06\/keys-and-endpoint.png 971w, https:\/\/www.wpautotranslate.com\/it\/wp-content\/uploads\/sites\/7\/2022\/06\/keys-and-endpoint-768x506.png 768w\" sizes=\"auto, (max-width: 825px) 100vw, 825px\" \/><\/figure>\n<\/div>\n\n\n<div style=\"height:8px\" aria-hidden=\"true\" class=\"wp-block-spacer\"><\/div>\n\n\n\n<p>Utilizzare questi dati nella scheda <strong>Microsoft<\/strong> all&#8217;interno delle impostazioni del plug-in.<\/p>\n\n\n<div class=\"wp-block-image\">\n<figure class=\"aligncenter size-full is-resized\"><img loading=\"lazy\" decoding=\"async\" src=\"https:\/\/www.wpautotranslate.com\/wp-content\/uploads\/2020\/10\/microsoft-04.png\" alt=\"\" class=\"wp-image-2879\" width=\"700\" height=\"272\"\/><\/figure>\n<\/div>\n\n\n<div style=\"height:51px\" aria-hidden=\"true\" class=\"wp-block-spacer\"><\/div>\n\n\n\n<h3 class=\"gb-headline gb-headline-b17b478d gb-headline-text\">Cosa succede alla fine del periodo gratuito?<\/h3>\n\n\n\n<p>Quando creiamo un account Azure gratuito, abbiamo un mese di servizi popolari gratuiti e un credito di $ 200. All&#8217;interno di questi servizi gratuiti ci sono <strong>2 milioni di stringhe di traduzione al mese<\/strong>. Al termine dei 30 giorni o dopo aver speso il credito (a seconda dell&#8217;evento che si verifica per primo), Azure invier\u00e0 un messaggio di posta elettronica per passare alla tariffa con pagamento in base al consumo. <\/p>\n\n\n\n<p>Quando passiamo a questo tasso \u00e8 importante sapere che continueremo ad avere <strong>12 mesi in pi\u00f9 <\/strong>di servizi popolari gratuiti (all&#8217;interno dei quali sono i 2 milioni di catene gratuite \/ mese). Dopo l&#8217;anno, verr\u00e0 implementato il tasso pay-per-use ed \u00e8 necessario pagare ogni mese a seconda delle catene che utilizziamo. Il costo verr\u00e0 addebitato con il metodo di pagamento che abbiamo fornito. Qui vi lasciamo il<a href=\"https:\/\/azure.microsoft.com\/es-es\/pricing\/details\/cognitive-services\/translator\/\"> listino prezzi in base alle<\/a> catene che utilizziamo. Il nostro caso corrisponde ai prezzi <strong>di traduzione standard<\/strong> .<\/p>\n\n\n\n<p>Una domanda che pu\u00f2 sorgere \u00e8 perch\u00e9 non creare direttamente il nostro account con la tariffa pay-per-use, invece di quella gratuita, ed evitare cos\u00ec di creare la risorsa due volte, anche se perdiamo un mese di servizi gratuiti. E la risposta \u00e8 che non \u00e8 cos\u00ec vantaggioso, perch\u00e9 <strong>solo passando dalla tariffa gratuita alla tariffa pay per use<\/strong> ci forniranno i 12 mesi extra di servizi popolari gratuiti.<\/p>\n\n\n\n<p>Vediamo, infine, come dobbiamo procedere quando riceviamo l&#8217;email da Azure che ci avvisa che dobbiamo passare alla tariffa pay-as-you-go. Per prima cosa premiamo il pulsante <strong>Aggiorna ora<\/strong> che appare nell&#8217;e-mail:<\/p>\n\n\n<div class=\"wp-block-image\">\n<figure class=\"aligncenter size-full is-resized\"><img loading=\"lazy\" decoding=\"async\" src=\"https:\/\/close.technology\/wp-content\/uploads\/2022\/06\/microsoft-azure.png\" alt=\"Microsoft Azure\" class=\"wp-image-2686\" width=\"571\" height=\"406\"\/><\/figure>\n<\/div>\n\n\n<p>Si apre quindi una schermata di Microsoft Azure in cui dovremo verificare il nostro numero di telefono: <\/p>\n\n\n<div class=\"wp-block-image\">\n<figure class=\"aligncenter size-full is-resized\"><img loading=\"lazy\" decoding=\"async\" src=\"https:\/\/close.technology\/wp-content\/uploads\/2022\/06\/actualziar-azure.png\" alt=\"Actualziar Azure\" class=\"wp-image-2687\" width=\"590\" height=\"313\"\/><\/figure>\n<\/div>\n\n\n<p>E poi scegli il tipo di abbonamento, dove selezioneremo <strong>Basic<\/strong>:<\/p>\n\n\n<div class=\"wp-block-image\">\n<figure class=\"aligncenter size-full is-resized\"><img loading=\"lazy\" decoding=\"async\" src=\"https:\/\/close.technology\/wp-content\/uploads\/2022\/06\/azure-2.png\" alt=\"Azure 2\" class=\"wp-image-2688\" width=\"603\" height=\"458\"\/><\/figure>\n<\/div>\n\n\n<p>Una volta aggiornato il tipo di abbonamento ci chieder\u00e0 di convalidare un numero di carta bancaria per associarlo al nostro account. Per questo dovremo effettuare il &#8220;pagamento&#8221; di 0 euro.<\/p>\n\n\n\n<p>Una volta salvato il metodo di pagamento in Azure, la nostra risorsa di traduzione durer\u00e0 altri 12 mesi. Il piano tariffario delle risorse sar\u00e0 lo stesso che abbiamo utilizzato con l&#8217;account gratuito: <strong>Free<\/strong> <strong>F0<\/strong>. <\/p>\n","protected":false},"excerpt":{"rendered":"<p>Per usare l&#8217;API Microsoft avremo bisogno di un account Azure, dove otterremo l&#8217;API chiave e la regione in cui useremo il sistema di traduzione. Creeremo l&#8217;istanza per il sistema di traduzione. Una volta creato, andremo alle chiavi e all&#8217;area endpoint. L\u00ec selezioneremo uno qualsiasi dei &#8230; <a title=\"Microsoft\" class=\"read-more\" href=\"https:\/\/www.wpautotranslate.com\/en\/wpautotranslate\/provider\/microsoft\/\" aria-label=\"More about Microsoft\">Leggi di pi\u00f9<\/a><\/p>\n","protected":false},"author":1,"featured_media":0,"parent":24,"menu_order":25,"comment_status":"closed","ping_status":"closed","template":"","meta":{"_seopress_robots_primary_cat":"","_seopress_titles_title":"","_seopress_titles_desc":"","_seopress_robots_index":"","inline_featured_image":false,"footnotes":""},"class_list":["post-231","page","type-page","status-publish"],"_links":{"self":[{"href":"https:\/\/www.wpautotranslate.com\/it\/wp-json\/wp\/v2\/pages\/231","targetHints":{"allow":["GET"]}}],"collection":[{"href":"https:\/\/www.wpautotranslate.com\/it\/wp-json\/wp\/v2\/pages"}],"about":[{"href":"https:\/\/www.wpautotranslate.com\/it\/wp-json\/wp\/v2\/types\/page"}],"author":[{"embeddable":true,"href":"https:\/\/www.wpautotranslate.com\/it\/wp-json\/wp\/v2\/users\/1"}],"replies":[{"embeddable":true,"href":"https:\/\/www.wpautotranslate.com\/it\/wp-json\/wp\/v2\/comments?post=231"}],"version-history":[{"count":3,"href":"https:\/\/www.wpautotranslate.com\/it\/wp-json\/wp\/v2\/pages\/231\/revisions"}],"predecessor-version":[{"id":241,"href":"https:\/\/www.wpautotranslate.com\/it\/wp-json\/wp\/v2\/pages\/231\/revisions\/241"}],"up":[{"embeddable":true,"href":"https:\/\/www.wpautotranslate.com\/it\/wp-json\/wp\/v2\/pages\/24"}],"wp:attachment":[{"href":"https:\/\/www.wpautotranslate.com\/it\/wp-json\/wp\/v2\/media?parent=231"}],"curies":[{"name":"wp","href":"https:\/\/api.w.org\/{rel}","templated":true}]}}