{"id":194,"date":"2022-04-11T12:31:12","date_gmt":"2022-04-11T10:31:12","guid":{"rendered":"https:\/\/www.wpautotranslate.com\/it\/?page_id=194"},"modified":"2022-04-11T12:31:12","modified_gmt":"2022-04-11T10:31:12","slug":"scegliere","status":"publish","type":"page","link":"https:\/\/www.wpautotranslate.com\/it\/wpautotranslate\/scegliere\/","title":{"rendered":"Come scegliere un fornitore di servizi di traduzione"},"content":{"rendered":"\n<p>Questo plug-in permette di tradurre i contenuti ma lo fa attraverso strumenti esterni, grazie alle API di traduzione di provider come Amazon, DeepL, Google, IBM, Microsoft, Softcatal\u00e0 o Yandex.<\/p>\n\n\n\n<p>Attualmente \u00e8 possibile scegliere una singola API durante la traduzione (questo cambier\u00e0 nelle versioni future), quindi il supporto alla traduzione sar\u00e0 limitato dalle possibilit\u00e0 offerte da quel provider e dalla sua API.<\/p>\n\n\n\n<h3 class=\"wp-block-heading\">Come scegliere?<\/h3>\n\n\n\n<p>Ci sono fondamentalmente 3 elementi da considerare quando si sceglie un fornitore:<\/p>\n\n\n\n<ol class=\"wp-block-list\"><li>Le lingue di traduzione. Ogni provider ha una serie di lingue da cui pu\u00f2 tradurre, una serie di combinazioni linguistiche. A seconda delle lingue del tuo sito, dovresti verificare che siano supportate.<\/li><li>La quantit\u00e0 di testo da tradurre. Ogni provider offre una serie di limiti nelle loro versioni gratuite. Ad esempio, Microsoft consente 2 milioni di caratteri al mese. Tieni presente che, approssimativamente, Chisciotte \u00e8 di 2 milioni di caratteri, o la Bibbia \u00e8 di 3 milioni.<\/li><li>Il prezzo. Sebbene quasi tutti i provider consentano un numero limitato di caratteri gratuiti al mese, \u00e8 necessario tenere presente che potrebbero esserci costi aggiuntivi se si superano i limiti per un periodo di tempo.<\/li><\/ol>\n\n\n\n<h3 class=\"wp-block-heading\">I nostri suggerimenti<\/h3>\n\n\n\n<p>Di tutti i provider consigliamo di utilizzare Microsoft per impostazione predefinita. Attualmente, \u00e8 il fornitore che offre le migliori condizioni economiche. Anche cos\u00ec, a livello di qualit\u00e0, molte persone decidono di utilizzare DeepL, che \u00e8 pi\u00f9 piccolo in termini di numero di lingue, soprattutto per scopi SEO.<\/p>\n\n\n\n<p>Se hai lingue molto particolari, ti suggeriamo di andare su sistemi il pi\u00f9 locali possibile. Ad esempio Yandex per il russo o Softcatal\u00e0 per il catalano.<\/p>\n","protected":false},"excerpt":{"rendered":"<p>Questo plug-in permette di tradurre i contenuti ma lo fa attraverso strumenti esterni, grazie alle API di traduzione di provider come Amazon, DeepL, Google, IBM, Microsoft, Softcatal\u00e0 o Yandex. Attualmente \u00e8 possibile scegliere una singola API durante la traduzione (questo cambier\u00e0 nelle versioni future), quindi il supporto per la traduzione sar\u00e0 limitato da &#8230; <a title=\"Come scegliere un fornitore di servizi di traduzione\" class=\"read-more\" href=\"https:\/\/www.wpautotranslate.com\/en\/wpautotranslate\/choose\/\" aria-label=\"Maggiori informazioni su come scegliere un fornitore di servizi di traduzione\">Leggi tutto<\/a><\/p>\n","protected":false},"author":1,"featured_media":0,"parent":6,"menu_order":18,"comment_status":"closed","ping_status":"closed","template":"","meta":{"_seopress_robots_primary_cat":"","_seopress_titles_title":"","_seopress_titles_desc":"","_seopress_robots_index":"","inline_featured_image":false,"footnotes":""},"class_list":["post-194","page","type-page","status-publish"],"_links":{"self":[{"href":"https:\/\/www.wpautotranslate.com\/it\/wp-json\/wp\/v2\/pages\/194","targetHints":{"allow":["GET"]}}],"collection":[{"href":"https:\/\/www.wpautotranslate.com\/it\/wp-json\/wp\/v2\/pages"}],"about":[{"href":"https:\/\/www.wpautotranslate.com\/it\/wp-json\/wp\/v2\/types\/page"}],"author":[{"embeddable":true,"href":"https:\/\/www.wpautotranslate.com\/it\/wp-json\/wp\/v2\/users\/1"}],"replies":[{"embeddable":true,"href":"https:\/\/www.wpautotranslate.com\/it\/wp-json\/wp\/v2\/comments?post=194"}],"version-history":[{"count":1,"href":"https:\/\/www.wpautotranslate.com\/it\/wp-json\/wp\/v2\/pages\/194\/revisions"}],"predecessor-version":[{"id":195,"href":"https:\/\/www.wpautotranslate.com\/it\/wp-json\/wp\/v2\/pages\/194\/revisions\/195"}],"up":[{"embeddable":true,"href":"https:\/\/www.wpautotranslate.com\/it\/wp-json\/wp\/v2\/pages\/6"}],"wp:attachment":[{"href":"https:\/\/www.wpautotranslate.com\/it\/wp-json\/wp\/v2\/media?parent=194"}],"curies":[{"name":"wp","href":"https:\/\/api.w.org\/{rel}","templated":true}]}}