{"id":18,"date":"2022-03-18T10:54:48","date_gmt":"2022-03-18T09:54:48","guid":{"rendered":"https:\/\/www.wpautotranslate.com\/en\/?page_id=18"},"modified":"2022-04-08T11:28:43","modified_gmt":"2022-04-08T09:28:43","slug":"aggiornare","status":"publish","type":"page","link":"https:\/\/www.wpautotranslate.com\/it\/wpautotranslate\/aggiornare\/","title":{"rendered":"Aggiornare"},"content":{"rendered":"\n<p>Per aggiornare il plugin \u00e8 possibile utilizzare il sistema di aggiornamento automatico, se si dispone della licenza attiva. Nel caso in cui non lo hai o hai il file da aggiornare, puoi scaricarlo dal pannello.<\/p>\n\n\n\n<p>Una volta scaricato il file, devi andare sul sito principale del tuo WordPress Multisite e aggiungerlo come qualsiasi altro plugin.<\/p>\n\n\n\n<p>Per prima cosa faremo clic sul pulsante Aggiungi nuovo.<\/p>\n\n\n\n<div class=\"wp-block-image\"><figure class=\"aligncenter size-full is-resized\"><img loading=\"lazy\" decoding=\"async\" src=\"https:\/\/www.wpautotranslate.com\/wp-content\/uploads\/2020\/10\/installation-01.png\" alt=\"\" class=\"wp-image-2830\" width=\"582\" height=\"120\" \/><\/figure><\/div>\n\n\n\n<p>L\u00ec sceglieremo Upload Plugin.<\/p>\n\n\n\n<div class=\"wp-block-image\"><figure class=\"aligncenter size-full is-resized\"><img loading=\"lazy\" decoding=\"async\" src=\"https:\/\/www.wpautotranslate.com\/wp-content\/uploads\/2020\/10\/installation-02.png\" alt=\"\" class=\"wp-image-2831\" width=\"738\" height=\"168\" \/><\/figure><\/div>\n\n\n\n<p>Vedremo un&#8217;area in cui possiamo selezionare il file che abbiamo scaricato in precedenza.<\/p>\n\n\n\n<div class=\"wp-block-image\"><figure class=\"aligncenter size-full is-resized\"><img loading=\"lazy\" decoding=\"async\" src=\"https:\/\/www.wpautotranslate.com\/wp-content\/uploads\/2020\/10\/installation-03.png\" alt=\"\" class=\"wp-image-2832\" width=\"734\" height=\"206\" \/><\/figure><\/div>\n\n\n\n<p>Una volta selezionato, fai clic su Installa ora.<\/p>\n\n\n\n<div class=\"wp-block-image\"><figure class=\"aligncenter size-full is-resized\"><img loading=\"lazy\" decoding=\"async\" src=\"https:\/\/www.wpautotranslate.com\/wp-content\/uploads\/2020\/10\/installation-04.png\" alt=\"\" class=\"wp-image-2833\" width=\"730\" height=\"213\" \/><\/figure><\/div>\n\n\n\n<p>Troverai un avviso che ti informer\u00e0 dei dati della versione attuale e nuova. Se tutto \u00e8 corretto, \u00e8 possibile fare clic su Sostituisci corrente con Caricato.<\/p>\n\n\n\n<div class=\"wp-block-image\"><figure class=\"aligncenter size-full is-resized\"><img loading=\"lazy\" decoding=\"async\" src=\"https:\/\/www.wpautotranslate.com\/wp-content\/uploads\/2020\/10\/upgrade-01.png\" alt=\"\" class=\"wp-image-2838\" width=\"621\" height=\"400\" \/><\/figure><\/div>\n","protected":false},"excerpt":{"rendered":"<p>Per aggiornare il plugin \u00e8 possibile utilizzare il sistema di aggiornamento automatico, se si dispone della licenza attiva. Nel caso in cui non lo hai o hai il file da aggiornare, puoi scaricarlo dal pannello. Una volta scaricato il file, devi andare al sito principale del tuo WordPress Multisite e aggiungere &#8230; <a title=\"Upgrading\" class=\"read-more\" href=\"https:\/\/www.wpautotranslate.com\/en\/wpautotranslate\/upgrading\/\" aria-label=\"Maggiori informazioni sull'aggiornamento\">Leggi tutto<\/a><\/p>\n","protected":false},"author":1,"featured_media":0,"parent":6,"menu_order":10,"comment_status":"closed","ping_status":"closed","template":"","meta":{"_seopress_robots_primary_cat":"","_seopress_titles_title":"","_seopress_titles_desc":"","_seopress_robots_index":"","inline_featured_image":false,"footnotes":""},"class_list":["post-18","page","type-page","status-publish"],"_links":{"self":[{"href":"https:\/\/www.wpautotranslate.com\/it\/wp-json\/wp\/v2\/pages\/18","targetHints":{"allow":["GET"]}}],"collection":[{"href":"https:\/\/www.wpautotranslate.com\/it\/wp-json\/wp\/v2\/pages"}],"about":[{"href":"https:\/\/www.wpautotranslate.com\/it\/wp-json\/wp\/v2\/types\/page"}],"author":[{"embeddable":true,"href":"https:\/\/www.wpautotranslate.com\/it\/wp-json\/wp\/v2\/users\/1"}],"replies":[{"embeddable":true,"href":"https:\/\/www.wpautotranslate.com\/it\/wp-json\/wp\/v2\/comments?post=18"}],"version-history":[{"count":3,"href":"https:\/\/www.wpautotranslate.com\/it\/wp-json\/wp\/v2\/pages\/18\/revisions"}],"predecessor-version":[{"id":218,"href":"https:\/\/www.wpautotranslate.com\/it\/wp-json\/wp\/v2\/pages\/18\/revisions\/218"}],"up":[{"embeddable":true,"href":"https:\/\/www.wpautotranslate.com\/it\/wp-json\/wp\/v2\/pages\/6"}],"wp:attachment":[{"href":"https:\/\/www.wpautotranslate.com\/it\/wp-json\/wp\/v2\/media?parent=18"}],"curies":[{"name":"wp","href":"https:\/\/api.w.org\/{rel}","templated":true}]}}