{"id":50,"date":"2022-03-18T11:04:55","date_gmt":"2022-03-18T10:04:55","guid":{"rendered":"https:\/\/www.wpautotranslate.com\/en\/?page_id=50"},"modified":"2022-04-08T14:13:57","modified_gmt":"2022-04-08T12:13:57","slug":"affiliation","status":"publish","type":"page","link":"https:\/\/www.wpautotranslate.com\/fr\/affiliation\/","title":{"rendered":"Affiliation"},"content":{"rendered":"\n<p>Nous avons un programme d\u2019affiliation pour tous ceux qui veulent promouvoir la vente du plugin et ses renouvellements ou mises \u00e0 niveau.<\/p>\n\n\n\n<p>C\u2019est pourquoi pour chaque vente qui a lieu, vous aurez un taux de commission de 10% pour l\u2019affili\u00e9 qui en fait la promotion.<\/p>\n\n\n\n<p>Pour participer au programme d\u2019affiliation, vous pouvez vous <a aria-label=\"register on our site (opens in a new tab)\" href=\"https:\/\/www.wpautotranslate.com\/affiliate-area\/\" target=\"_blank\" rel=\"noreferrer noopener\" class=\"rank-math-link\">inscrire sur notre site<\/a>.<\/p>\n\n\n\n<div class=\"wp-block-image\"><figure class=\"aligncenter size-full\"><img decoding=\"async\" src=\"https:\/\/www.wpautotranslate.com\/wp-content\/uploads\/2020\/11\/affiliate-3.png\" alt=\"\" class=\"wp-image-3006\" \/><\/figure><\/div>\n\n\n\n<p>Et une fois l\u00e0,vous pouvez voir les informations pour g\u00e9n\u00e9rer l\u2019URL de promotion du produit.<\/p>\n\n\n\n<div class=\"wp-block-image\"><figure class=\"aligncenter size-full\"><img decoding=\"async\" src=\"https:\/\/www.wpautotranslate.com\/wp-content\/uploads\/2020\/11\/affiliate-1.png\" alt=\"\" class=\"wp-image-3003\" \/><\/figure><\/div>\n\n\n\n<p>Et les donn\u00e9es statistiques.<\/p>\n\n\n\n<div class=\"wp-block-image\"><figure class=\"aligncenter size-full\"><img decoding=\"async\" src=\"https:\/\/www.wpautotranslate.com\/wp-content\/uploads\/2020\/11\/affiliate-2.png\" alt=\"\" class=\"wp-image-3004\" \/><\/figure><\/div>\n\n\n\n<p>Nous paierons \u00e0 votre arriv\u00e9e \u00e0 50 \u20ac, chaque trimestre.<\/p>\n","protected":false},"excerpt":{"rendered":"<p>Nous avons un programme d\u2019affiliation pour tous ceux qui veulent promouvoir la vente du plugin et ses renouvellements ou mises \u00e0 niveau. C\u2019est pourquoi pour chaque vente qui a lieu, vous aurez un taux de commission de 10% pour l\u2019affili\u00e9 qui en fait la promotion. Pour participer au programme d\u2019affiliation, vous pouvez vous inscrire sur notre &#8230; <a>Lire plus<\/a><\/p>\n","protected":false},"author":1,"featured_media":0,"parent":0,"menu_order":50,"comment_status":"closed","ping_status":"closed","template":"","meta":{"_seopress_robots_primary_cat":"","_seopress_titles_title":"","_seopress_titles_desc":"","_seopress_robots_index":"","inline_featured_image":false,"footnotes":""},"class_list":["post-50","page","type-page","status-publish"],"_links":{"self":[{"href":"https:\/\/www.wpautotranslate.com\/fr\/wp-json\/wp\/v2\/pages\/50","targetHints":{"allow":["GET"]}}],"collection":[{"href":"https:\/\/www.wpautotranslate.com\/fr\/wp-json\/wp\/v2\/pages"}],"about":[{"href":"https:\/\/www.wpautotranslate.com\/fr\/wp-json\/wp\/v2\/types\/page"}],"author":[{"embeddable":true,"href":"https:\/\/www.wpautotranslate.com\/fr\/wp-json\/wp\/v2\/users\/1"}],"replies":[{"embeddable":true,"href":"https:\/\/www.wpautotranslate.com\/fr\/wp-json\/wp\/v2\/comments?post=50"}],"version-history":[{"count":4,"href":"https:\/\/www.wpautotranslate.com\/fr\/wp-json\/wp\/v2\/pages\/50\/revisions"}],"predecessor-version":[{"id":236,"href":"https:\/\/www.wpautotranslate.com\/fr\/wp-json\/wp\/v2\/pages\/50\/revisions\/236"}],"wp:attachment":[{"href":"https:\/\/www.wpautotranslate.com\/fr\/wp-json\/wp\/v2\/media?parent=50"}],"curies":[{"name":"wp","href":"https:\/\/api.w.org\/{rel}","templated":true}]}}