{"id":48,"date":"2022-03-18T11:04:29","date_gmt":"2022-03-18T10:04:29","guid":{"rendered":"https:\/\/www.wpautotranslate.com\/en\/?page_id=48"},"modified":"2022-04-08T14:13:56","modified_gmt":"2022-04-08T12:13:56","slug":"compte","status":"publish","type":"page","link":"https:\/\/www.wpautotranslate.com\/fr\/compte\/","title":{"rendered":"Mon compte \/ Inscription"},"content":{"rendered":"\n<p>Lorsque vous acc\u00e9dez \u00e0 Votre compte \u00e0 partir du menu de navigation, vous pouvez acc\u00e9der \u00e0 <a href=\"https:\/\/www.wpautotranslate.com\/my-account\/\" target=\"_blank\" data-type=\"URL\" data-id=\"https:\/\/www.wpautotranslate.com\/my-account\/\" rel=\"noreferrer noopener\">votre compte<\/a> (s\u2019il existe d\u00e9j\u00e0) ou <a href=\"https:\/\/www.wpautotranslate.com\/my-account\/\" target=\"_blank\" data-type=\"URL\" data-id=\"https:\/\/www.wpautotranslate.com\/my-account\/\" rel=\"noreferrer noopener\">en cr\u00e9er un nouveau<\/a>.<\/p>\n\n\n\n<div class=\"wp-block-image\"><figure class=\"aligncenter size-full\"><img decoding=\"async\" src=\"https:\/\/www.wpautotranslate.com\/wp-content\/uploads\/2020\/11\/account-login.png\" alt=\"\" class=\"wp-image-3014\" \/><\/figure><\/div>\n\n\n\n<p>Vous n\u2019aurez qu\u2019\u00e0 entrer un nom d\u2019utilisateur, un compte de messagerie et le mot de passe que vous souhaitez utiliser.<\/p>\n\n\n\n<div class=\"wp-block-image\"><figure class=\"aligncenter size-full\"><img decoding=\"async\" src=\"https:\/\/www.wpautotranslate.com\/wp-content\/uploads\/2020\/11\/account-new.png\" alt=\"\" class=\"wp-image-3015\" \/><\/figure><\/div>\n\n\n\n<p>Si vous ne vous souvenez pas de votre mot de passe, vous pouvez utiliser le <a href=\"https:\/\/www.wpautotranslate.com\/my-account\/lost-password\/\" target=\"_blank\" data-type=\"URL\" data-id=\"https:\/\/www.wpautotranslate.com\/my-account\/lost-password\/\" rel=\"noreferrer noopener\">mot de passe Perdu?<\/a><\/p>\n\n\n\n<div class=\"wp-block-image\"><figure class=\"aligncenter size-large\"><img decoding=\"async\" src=\"https:\/\/www.wpautotranslate.com\/wp-content\/uploads\/2020\/11\/account-forgot.png\" alt=\"\" class=\"wp-image-3016\" \/><\/figure><\/div>\n\n\n\n<p>\n","protected":false},"excerpt":{"rendered":"<p>Lorsque vous acc\u00e9dez \u00e0 Votre compte \u00e0 partir du menu de navigation, vous pouvez acc\u00e9der \u00e0 votre compte (s\u2019il existe d\u00e9j\u00e0) ou en cr\u00e9er un nouveau. Vous n\u2019aurez qu\u2019\u00e0 entrer un nom d\u2019utilisateur, un compte de messagerie et le mot de passe que vous souhaitez utiliser. Si vous ne vous souvenez pas de votre mot de passe, vous pouvez utiliser le mot de passe Perdu?<\/p>\n","protected":false},"author":1,"featured_media":0,"parent":0,"menu_order":40,"comment_status":"closed","ping_status":"closed","template":"","meta":{"_seopress_robots_primary_cat":"","_seopress_titles_title":"","_seopress_titles_desc":"","_seopress_robots_index":"","inline_featured_image":false,"footnotes":""},"class_list":["post-48","page","type-page","status-publish"],"_links":{"self":[{"href":"https:\/\/www.wpautotranslate.com\/fr\/wp-json\/wp\/v2\/pages\/48","targetHints":{"allow":["GET"]}}],"collection":[{"href":"https:\/\/www.wpautotranslate.com\/fr\/wp-json\/wp\/v2\/pages"}],"about":[{"href":"https:\/\/www.wpautotranslate.com\/fr\/wp-json\/wp\/v2\/types\/page"}],"author":[{"embeddable":true,"href":"https:\/\/www.wpautotranslate.com\/fr\/wp-json\/wp\/v2\/users\/1"}],"replies":[{"embeddable":true,"href":"https:\/\/www.wpautotranslate.com\/fr\/wp-json\/wp\/v2\/comments?post=48"}],"version-history":[{"count":5,"href":"https:\/\/www.wpautotranslate.com\/fr\/wp-json\/wp\/v2\/pages\/48\/revisions"}],"predecessor-version":[{"id":235,"href":"https:\/\/www.wpautotranslate.com\/fr\/wp-json\/wp\/v2\/pages\/48\/revisions\/235"}],"wp:attachment":[{"href":"https:\/\/www.wpautotranslate.com\/fr\/wp-json\/wp\/v2\/media?parent=48"}],"curies":[{"name":"wp","href":"https:\/\/api.w.org\/{rel}","templated":true}]}}