{"id":46,"date":"2022-03-18T11:03:32","date_gmt":"2022-03-18T10:03:32","guid":{"rendered":"https:\/\/www.wpautotranslate.com\/en\/?page_id=46"},"modified":"2022-04-08T14:11:36","modified_gmt":"2022-04-08T12:11:36","slug":"installer","status":"publish","type":"page","link":"https:\/\/www.wpautotranslate.com\/fr\/installer\/","title":{"rendered":"Installation de WPAutoTranslate \u00e0 partir de z\u00e9ro"},"content":{"rendered":"\n<p>Ce tutoriel vous montrera comment avoir un site WordPress dans plusieurs langues et faciliter les traductions avec WordPress AutoTranslate.<\/p>\n\n\n\n<h2 class=\"wp-block-heading\">Exigences<\/h2>\n\n\n\n<ul class=\"wp-block-list\"><li>H\u00e9bergement<\/li><li>WordPress (en anglais)<\/li><li>MultilingualPress (plugin)<\/li><li>WP AutoTranslate pour MultilingualPress (plugin)<\/li><li>Cl\u00e9 API Microsoft Translate<\/li><\/ul>\n\n\n\n<h2 class=\"wp-block-heading\">Installation<\/h2>\n\n\n\n<p>La premi\u00e8re chose que nous allons faire est de cr\u00e9er notre nouveau WordPress, un WordPress normal. Nous avons d\u00e9j\u00e0 configur\u00e9 les donn\u00e9es de la base de donn\u00e9es pr\u00e9c\u00e9demment. Votre h\u00e9bergement peut avoir l\u2019option d\u2019installation \u00ab\u00a0en un clic\u00a0\u00bb. Vous pouvez l\u2019utiliser!<\/p>\n\n\n\n<p>Lorsque nous entrons sur notre site, la premi\u00e8re chose qui nous sera demand\u00e9e est la langue principale que nous allons utiliser. Dans ce cas, notre langue principale sera l\u2019anglais.<\/p>\n\n\n\n<p>Nous remplissons le nom du site, l\u2019utilisateur administrateur principal, le mot de passe et le compte de messagerie. Cliquez sur Installer WordPress.<\/p>\n\n\n\n<figure class=\"wp-block-video aligncenter\"><video controls src=\"https:\/\/www.wpautotranslate.com\/wp-content\/uploads\/2020\/11\/v001-1.mp4\"><\/video><\/figure>\n\n\n\n<h2 class=\"wp-block-heading\">Configuration<\/h2>\n\n\n\n<p>Ensuite, nous devons activer la possibilit\u00e9 que notre site soit un WordPress Multisite. Nous entrerons notre fichier wp-config.php (via FTP ou tout autre syst\u00e8me que nous voulons) et ajouterons la ligne suivante.<\/p>\n\n\n\n<pre class=\"wp-block-code\"><code>define( 'WP_ALLOW_MULTISITE', true );<\/code><\/pre>\n\n\n\n<div class=\"wp-block-image\"><figure class=\"aligncenter size-full\"><img decoding=\"async\" src=\"https:\/\/www.wpautotranslate.com\/wp-content\/uploads\/2020\/11\/v002-1.png\" alt=\"\" class=\"wp-image-3052\" \/><\/figure><\/div>\n\n\n\n<p>Lorsque nous aurons mis \u00e0 jour le fichier de configuration WordPress, nous entrerons dans WordPress et activerons le syst\u00e8me WordPress MultiSite.<\/p>\n\n\n\n<p>Nous acc\u00e9derons \u00e0 WordPress et l\u00e0, nous irons \u00e0 l\u2019option Outils dans le menu et \u00e0 l\u2019int\u00e9rieur de la configuration du r\u00e9seau.<\/p>\n\n\n\n<p>Nous choisirons entre des sous-domaines ou des dossiers, nous mettrons le nom que nous voulons sur le r\u00e9seau et le courrier principal.<\/p>\n\n\n\n<p>Une fois cr\u00e9\u00e9, il nous donnera des instructions \u00e0 ajouter \u00e0 notre wp-config.php et \u00e0 notre .htaccess.<\/p>\n\n\n\n<figure class=\"wp-block-video aligncenter\"><video controls src=\"https:\/\/www.wpautotranslate.com\/wp-content\/uploads\/2020\/11\/v003-1.mp4\"><\/video><\/figure>\n\n\n\n<p>Nous ajoutons les informations \u00e0 wp-config.php<\/p>\n\n\n\n<div class=\"wp-block-image\"><figure class=\"aligncenter size-full\"><img decoding=\"async\" src=\"https:\/\/www.wpautotranslate.com\/wp-content\/uploads\/2020\/11\/v004.png\" alt=\"\" class=\"wp-image-3055\" \/><\/figure><\/div>\n\n\n\n<p>Nous ajoutons les informations au .htaccess<\/p>\n\n\n\n<div class=\"wp-block-image\"><figure class=\"aligncenter size-full\"><img decoding=\"async\" src=\"https:\/\/www.wpautotranslate.com\/wp-content\/uploads\/2020\/11\/v005.png\" alt=\"\" class=\"wp-image-3056\" \/><\/figure><\/div>\n\n\n\n<p>Une fois les fichiers mis \u00e0 jour, nous reviendrons au panneau. Normalement, vous serez expuls\u00e9 du panneau et invit\u00e9 \u00e0 entrer \u00e0 nouveau avec votre nom d\u2019utilisateur et votre mot de passe. Une fois que nous entrons, nous serons d\u00e9j\u00e0 dans l\u2019installation de WordPress MultiSite, bien qu\u2019un seul site (le principal).<\/p>\n\n\n\n<figure class=\"wp-block-video aligncenter\"><video controls src=\"https:\/\/www.wpautotranslate.com\/wp-content\/uploads\/2020\/11\/v006-1.mp4\"><\/video><\/figure>\n\n\n\n<h2 class=\"wp-block-heading\">MultilingualPresse<\/h2>\n\n\n\n<p>Avant de cr\u00e9er les nouveaux sites, nous allons installer MultilingualPress, le plugin qui vous permet d\u2019attribuer des langues et des relations entre les diff\u00e9rents sites. Une fois install\u00e9, nous l\u2019activerons pour le rendre fonctionnel.<\/p>\n\n\n\n<figure class=\"wp-block-video aligncenter\"><video controls src=\"https:\/\/www.wpautotranslate.com\/wp-content\/uploads\/2020\/11\/v007-1.mp4\"><\/video><\/figure>\n\n\n\n<h2 class=\"wp-block-heading\">Cr\u00e9ation de site<\/h2>\n\n\n\n<p>Nous allons cr\u00e9er les diff\u00e9rents sites. Dans ce cas, nous allons cr\u00e9er un site en anglais, espagnol, Fran\u00e7ais et allemand (la vid\u00e9o ne montre que le dernier cr\u00e9\u00e9).<\/p>\n\n\n\n<figure class=\"wp-block-video aligncenter\"><video controls src=\"https:\/\/www.wpautotranslate.com\/wp-content\/uploads\/2020\/11\/v008-1.mp4\"><\/video><\/figure>\n\n\n\n<h2 class=\"wp-block-heading\">Traduction automatique WP<\/h2>\n\n\n\n<p>Maintenant que nous avons cr\u00e9\u00e9 tous les sites, installons WordPress AutoTranslate pour MultilingualPress. Nous allons ajouter le plugin au niveau du r\u00e9seau et l\u2019activer.<\/p>\n\n\n\n<figure class=\"wp-block-video aligncenter\"><video controls src=\"https:\/\/www.wpautotranslate.com\/wp-content\/uploads\/2020\/11\/v009-1.mp4\"><\/video><\/figure>\n\n\n\n<p>Nous allons maintenant mettre en place l\u2019un des fournisseurs de traduction. Dans ce cas, nous allons utiliser Microsoft (vous devrez <a href=\"https:\/\/www.wpautotranslate.com\/en\/wpautotranslate\/provider\/microsoft\/\" data-type=\"URL\" data-id=\"https:\/\/www.wpautotranslate.com\/en\/wpautotranslate\/provider\/microsoft\/\" target=\"_blank\" rel=\"noreferrer noopener\">suivre les \u00e9tapes pour obtenir les donn\u00e9es de l\u2019API<\/a>). Une fois que nous avons configur\u00e9 l\u2019API Microsoft, nous l\u2019activerons en tant que principal fournisseur de traduction.<\/p>\n\n\n\n<figure class=\"wp-block-video aligncenter\"><video controls src=\"https:\/\/www.wpautotranslate.com\/wp-content\/uploads\/2020\/11\/v010-3.mp4\"><\/video><\/figure>\n\n\n\n<h2 class=\"wp-block-heading\">Traduire le contenu<\/h2>\n\n\n\n<p>Maintenant que nous avons tout, cr\u00e9ons une nouvelle cat\u00e9gorie pour nos articles. Nous allons cr\u00e9er la cat\u00e9gorie et l\u2019entrer pour s\u00e9lectionner les langues dans lesquelles nous voulons faire traduire. Nous pourrons acc\u00e9der \u00e0 certains d\u2019entre eux pour v\u00e9rifier qu\u2019il a \u00e9t\u00e9 traduit correctement.<\/p>\n\n\n\n<p>Nous pouvons aller dans l\u2019une des 4 langues que nous avons cr\u00e9\u00e9es pour faire la traduction, il n\u2019est pas n\u00e9cessaire que ce soit la langue principale de l\u2019installation. Dans ce cas, notre objectif est de traduire le Quichotte de l\u2019espagnol vers d\u2019autres langues, nous allons donc utiliser l\u2019espagnol comme langue initiale.<\/p>\n\n\n\n<figure class=\"wp-block-video aligncenter\"><video controls src=\"https:\/\/www.wpautotranslate.com\/wp-content\/uploads\/2020\/11\/v011-1.mp4\"><\/video><\/figure>\n\n\n\n<p>Maintenant que nous avons la cat\u00e9gorie, ajoutons le d\u00e9but du premier chapitre en tant que post. De la m\u00eame mani\u00e8re, nous le traduirons dans les autres langues.<\/p>\n\n\n\n<figure class=\"wp-block-video aligncenter\"><video controls src=\"https:\/\/www.wpautotranslate.com\/wp-content\/uploads\/2020\/11\/v012-1.mp4\"><\/video><\/figure>\n\n\n\n<h2 class=\"wp-block-heading\">Fin<\/h2>\n\n\n\n<p>Et c\u2019est tout! Vous avez tout pr\u00eat pour configurer votre r\u00e9seau de sites dans diff\u00e9rentes langues de mani\u00e8re simple et simple.<\/p>\n","protected":false},"excerpt":{"rendered":"<p>Ce tutoriel vous montrera comment avoir un site WordPress dans plusieurs langues et faciliter les traductions avec WordPress AutoTranslate. Exigences H\u00e9bergement WordPress MultilingualPress (plugin) WP AutoTranslate for MultilingualPress (plugin) Microsoft Translate API Key Installation La premi\u00e8re chose que nous allons faire est de cr\u00e9er notre nouveau WordPress, un WordPress normal. Nous avons d\u00e9j\u00e0 configur\u00e9 la base de donn\u00e9es &#8230; <a>Lire plus<\/a><\/p>\n","protected":false},"author":1,"featured_media":0,"parent":0,"menu_order":30,"comment_status":"closed","ping_status":"closed","template":"","meta":{"_seopress_robots_primary_cat":"","_seopress_titles_title":"","_seopress_titles_desc":"","_seopress_robots_index":"","inline_featured_image":false,"footnotes":""},"class_list":["post-46","page","type-page","status-publish"],"_links":{"self":[{"href":"https:\/\/www.wpautotranslate.com\/fr\/wp-json\/wp\/v2\/pages\/46","targetHints":{"allow":["GET"]}}],"collection":[{"href":"https:\/\/www.wpautotranslate.com\/fr\/wp-json\/wp\/v2\/pages"}],"about":[{"href":"https:\/\/www.wpautotranslate.com\/fr\/wp-json\/wp\/v2\/types\/page"}],"author":[{"embeddable":true,"href":"https:\/\/www.wpautotranslate.com\/fr\/wp-json\/wp\/v2\/users\/1"}],"replies":[{"embeddable":true,"href":"https:\/\/www.wpautotranslate.com\/fr\/wp-json\/wp\/v2\/comments?post=46"}],"version-history":[{"count":5,"href":"https:\/\/www.wpautotranslate.com\/fr\/wp-json\/wp\/v2\/pages\/46\/revisions"}],"predecessor-version":[{"id":234,"href":"https:\/\/www.wpautotranslate.com\/fr\/wp-json\/wp\/v2\/pages\/46\/revisions\/234"}],"wp:attachment":[{"href":"https:\/\/www.wpautotranslate.com\/fr\/wp-json\/wp\/v2\/media?parent=46"}],"curies":[{"name":"wp","href":"https:\/\/api.w.org\/{rel}","templated":true}]}}