{"id":44,"date":"2022-03-18T11:02:37","date_gmt":"2022-03-18T10:02:37","guid":{"rendered":"https:\/\/www.wpautotranslate.com\/en\/?page_id=44"},"modified":"2022-04-11T12:56:12","modified_gmt":"2022-04-11T10:56:12","slug":"traduction-publication","status":"publish","type":"page","link":"https:\/\/www.wpautotranslate.com\/fr\/wpautotranslate\/traduction-publication\/","title":{"rendered":"Traduction d\u2019une publication, d\u2019une page ou d\u2019un type de publication personnalis\u00e9"},"content":{"rendered":"\n<p>Si nous voulons traduire un article (par exemple), nous irons dans la zone de publication de la langue source que nous allons utiliser pour la traduction. Dans cet exemple, nous allons cr\u00e9er un article (en espagnol) et nous allons le traduire en 3 langues en m\u00eame temps: catalan, anglais et Fran\u00e7ais.<\/p>\n\n\n\n<p>La premi\u00e8re chose \u00e0 faire est d\u2019aller dans la section de l\u2019article et d\u2019en remplir une nouvelle.<\/p>\n\n\n\n<div class=\"wp-block-image\"><figure class=\"aligncenter size-full\"><img decoding=\"async\" src=\"https:\/\/www.wpautotranslate.com\/wp-content\/uploads\/2020\/10\/post-01.png\" alt=\"\" class=\"wp-image-2901\" \/><\/figure><\/div>\n\n\n\n<p>Nous activons toutes les langues que nous voulons traduire et cr\u00e9ons leurs cat\u00e9gories correspondantes. Le titre, la limace, l\u2019extrait et la description seront traduits.<\/p>\n\n\n\n<div class=\"wp-block-image\"><figure class=\"aligncenter size-full\"><img decoding=\"async\" src=\"https:\/\/www.wpautotranslate.com\/wp-content\/uploads\/2020\/10\/post-02.png\" alt=\"\" class=\"wp-image-2902\" \/><\/figure><\/div>\n\n\n\n<p>Une fois cr\u00e9\u00e9s (publi\u00e9s ou brouillons), vous pouvez y acc\u00e9der directement depuis le lien de chaque langue.<\/p>\n\n\n\n<div class=\"wp-block-image\"><figure class=\"aligncenter size-full\"><img decoding=\"async\" src=\"https:\/\/www.wpautotranslate.com\/wp-content\/uploads\/2020\/10\/post-03.png\" alt=\"\" class=\"wp-image-2903\" \/><\/figure><\/div>\n\n\n\n<p>L\u00e0, nous pourrons voir les \u00e9l\u00e9ments traduits.<\/p>\n\n\n\n<div class=\"wp-block-image\"><figure class=\"aligncenter size-full\"><img decoding=\"async\" src=\"https:\/\/www.wpautotranslate.com\/wp-content\/uploads\/2020\/10\/post-04.png\" alt=\"\" class=\"wp-image-2904\" \/><\/figure><\/div>\n\n\n\n<p>\n","protected":false},"excerpt":{"rendered":"<p>Si nous voulons traduire un article (par exemple), nous irons dans la zone de publication de la langue source que nous allons utiliser pour la traduction. Dans cet exemple, nous allons cr\u00e9er un article (en espagnol) et nous allons le traduire en 3 langues en m\u00eame temps: &#8230; <a>Lire plus<\/a><\/p>\n","protected":false},"author":1,"featured_media":0,"parent":6,"menu_order":55,"comment_status":"closed","ping_status":"closed","template":"","meta":{"_seopress_robots_primary_cat":"","_seopress_titles_title":"","_seopress_titles_desc":"","_seopress_robots_index":"","inline_featured_image":false,"footnotes":""},"class_list":["post-44","page","type-page","status-publish"],"_links":{"self":[{"href":"https:\/\/www.wpautotranslate.com\/fr\/wp-json\/wp\/v2\/pages\/44","targetHints":{"allow":["GET"]}}],"collection":[{"href":"https:\/\/www.wpautotranslate.com\/fr\/wp-json\/wp\/v2\/pages"}],"about":[{"href":"https:\/\/www.wpautotranslate.com\/fr\/wp-json\/wp\/v2\/types\/page"}],"author":[{"embeddable":true,"href":"https:\/\/www.wpautotranslate.com\/fr\/wp-json\/wp\/v2\/users\/1"}],"replies":[{"embeddable":true,"href":"https:\/\/www.wpautotranslate.com\/fr\/wp-json\/wp\/v2\/comments?post=44"}],"version-history":[{"count":4,"href":"https:\/\/www.wpautotranslate.com\/fr\/wp-json\/wp\/v2\/pages\/44\/revisions"}],"predecessor-version":[{"id":233,"href":"https:\/\/www.wpautotranslate.com\/fr\/wp-json\/wp\/v2\/pages\/44\/revisions\/233"}],"up":[{"embeddable":true,"href":"https:\/\/www.wpautotranslate.com\/fr\/wp-json\/wp\/v2\/pages\/6"}],"wp:attachment":[{"href":"https:\/\/www.wpautotranslate.com\/fr\/wp-json\/wp\/v2\/media?parent=44"}],"curies":[{"name":"wp","href":"https:\/\/api.w.org\/{rel}","templated":true}]}}