{"id":42,"date":"2022-03-18T11:02:02","date_gmt":"2022-03-18T10:02:02","guid":{"rendered":"https:\/\/www.wpautotranslate.com\/en\/?page_id=42"},"modified":"2022-04-11T12:54:28","modified_gmt":"2022-04-11T10:54:28","slug":"traduction-taxonomie","status":"publish","type":"page","link":"https:\/\/www.wpautotranslate.com\/fr\/wpautotranslate\/traduction-taxonomie\/","title":{"rendered":"Traduction d\u2019une taxonomie, d\u2019une balise ou d\u2019une cat\u00e9gorie"},"content":{"rendered":"\n<p>Si nous voulons traduire une cat\u00e9gorie (par exemple), nous irons dans la zone de cat\u00e9gorie de la langue source que nous utiliserons pour la traduction. Dans cet exemple, nous allons cr\u00e9er une cat\u00e9gorie (en espagnol) et nous allons la traduire en 3 langues en m\u00eame temps: catalan, anglais et Fran\u00e7ais.<\/p>\n\n\n\n<p>La premi\u00e8re chose \u00e0 faire est d\u2019aller dans la section des cat\u00e9gories et d\u2019en remplir une nouvelle.<\/p>\n\n\n\n<div class=\"wp-block-image\"><figure class=\"aligncenter size-full\"><img decoding=\"async\" src=\"https:\/\/www.wpautotranslate.com\/wp-content\/uploads\/2020\/10\/taxonomy-01.png\" alt=\"\" class=\"wp-image-2894\" \/><\/figure><\/div>\n\n\n\n<p>Nous s\u00e9lectionnons l\u2019option \u00e0 modifier pour entrer votre fichier.<\/p>\n\n\n\n<div class=\"wp-block-image\"><figure class=\"aligncenter size-full\"><img decoding=\"async\" src=\"https:\/\/www.wpautotranslate.com\/wp-content\/uploads\/2020\/10\/taxonomy-02.png\" alt=\"\" class=\"wp-image-2895\" \/><\/figure><\/div>\n\n\n\n<p>Nous activons toutes les langues que nous voulons traduire et cr\u00e9ons leurs cat\u00e9gories correspondantes. Le titre, la limace et la description seront traduits.<\/p>\n\n\n\n<div class=\"wp-block-image\"><figure class=\"aligncenter size-full\"><img decoding=\"async\" src=\"https:\/\/www.wpautotranslate.com\/wp-content\/uploads\/2020\/10\/taxonomy-03.png\" alt=\"\" class=\"wp-image-2896\" \/><\/figure><\/div>\n\n\n\n<p>Une fois cr\u00e9\u00e9s, vous pouvez y acc\u00e9der directement depuis le lien de chaque langue.<\/p>\n\n\n\n<div class=\"wp-block-image\"><figure class=\"aligncenter size-full\"><img decoding=\"async\" src=\"https:\/\/www.wpautotranslate.com\/wp-content\/uploads\/2020\/10\/taxonomy-04.png\" alt=\"\" class=\"wp-image-2897\" \/><\/figure><\/div>\n\n\n\n<p>L\u00e0, nous pourrons voir les \u00e9l\u00e9ments traduits,<\/p>\n\n\n\n<div class=\"wp-block-image\"><figure class=\"aligncenter size-full\"><img decoding=\"async\" src=\"https:\/\/www.wpautotranslate.com\/wp-content\/uploads\/2020\/10\/taxonomy-05.png\" alt=\"\" class=\"wp-image-2898\" \/><\/figure><\/div>\n\n\n\n<p>\n","protected":false},"excerpt":{"rendered":"<p>Si nous voulons traduire une cat\u00e9gorie (par exemple), nous irons dans la zone de cat\u00e9gorie de la langue source que nous utiliserons pour la traduction. Dans cet exemple, nous allons cr\u00e9er une cat\u00e9gorie (en espagnol) et nous allons la traduire en 3 langues en m\u00eame temps: catalan, anglais &#8230; <a>Lire plus<\/a><\/p>\n","protected":false},"author":1,"featured_media":0,"parent":6,"menu_order":53,"comment_status":"closed","ping_status":"closed","template":"","meta":{"_seopress_robots_primary_cat":"","_seopress_titles_title":"","_seopress_titles_desc":"","_seopress_robots_index":"","inline_featured_image":false,"footnotes":""},"class_list":["post-42","page","type-page","status-publish"],"_links":{"self":[{"href":"https:\/\/www.wpautotranslate.com\/fr\/wp-json\/wp\/v2\/pages\/42","targetHints":{"allow":["GET"]}}],"collection":[{"href":"https:\/\/www.wpautotranslate.com\/fr\/wp-json\/wp\/v2\/pages"}],"about":[{"href":"https:\/\/www.wpautotranslate.com\/fr\/wp-json\/wp\/v2\/types\/page"}],"author":[{"embeddable":true,"href":"https:\/\/www.wpautotranslate.com\/fr\/wp-json\/wp\/v2\/users\/1"}],"replies":[{"embeddable":true,"href":"https:\/\/www.wpautotranslate.com\/fr\/wp-json\/wp\/v2\/comments?post=42"}],"version-history":[{"count":4,"href":"https:\/\/www.wpautotranslate.com\/fr\/wp-json\/wp\/v2\/pages\/42\/revisions"}],"predecessor-version":[{"id":232,"href":"https:\/\/www.wpautotranslate.com\/fr\/wp-json\/wp\/v2\/pages\/42\/revisions\/232"}],"up":[{"embeddable":true,"href":"https:\/\/www.wpautotranslate.com\/fr\/wp-json\/wp\/v2\/pages\/6"}],"wp:attachment":[{"href":"https:\/\/www.wpautotranslate.com\/fr\/wp-json\/wp\/v2\/media?parent=42"}],"curies":[{"name":"wp","href":"https:\/\/api.w.org\/{rel}","templated":true}]}}