{"id":38,"date":"2022-03-18T11:00:23","date_gmt":"2022-03-18T10:00:23","guid":{"rendered":"https:\/\/www.wpautotranslate.com\/en\/?page_id=38"},"modified":"2022-04-08T14:11:33","modified_gmt":"2022-04-08T12:11:33","slug":"yandex","status":"publish","type":"page","link":"https:\/\/www.wpautotranslate.com\/fr\/wpautotranslate\/fournisseur\/yandex\/","title":{"rendered":"Yandex"},"content":{"rendered":"\n<p>Pour utiliser la traduction Yandex, vous avez besoin d\u2019un compte dans votre Yandex Cloud, et ici de la cr\u00e9ation d\u2019une instance du syst\u00e8me Translate.<\/p>\n\n\n\n<p>Lorsque vous cr\u00e9ez un compte sur votre Cloud, il cr\u00e9e automatiquement <a aria-label=\"creates an instance (opens in a new tab)\" href=\"https:\/\/console.cloud.yandex.com\/\" target=\"_blank\" rel=\"noreferrer noopener\" class=\"rank-math-link\">une instance<\/a> que nous pouvons utiliser pour obtenir l\u2019API. Ici, nous verrons notre cloud, qui est le dossier. Ce sera notre premi\u00e8re cl\u00e9 n\u00e9cessaire pour l\u2019utiliser.<\/p>\n\n\n\n<div class=\"wp-block-image\"><figure class=\"aligncenter size-full\"><img decoding=\"async\" src=\"https:\/\/www.wpautotranslate.com\/wp-content\/uploads\/2020\/10\/yandex-01.png\" alt=\"\" class=\"wp-image-2884\" \/><\/figure><\/div>\n\n\n\n<p>Une fois que nous l\u2019avons, nous devons cr\u00e9er la cl\u00e9 API pour l\u2019instance. Nous allons entrer dans la sous-section.<\/p>\n\n\n\n<div class=\"wp-block-image\"><figure class=\"aligncenter size-full\"><img decoding=\"async\" src=\"https:\/\/www.wpautotranslate.com\/wp-content\/uploads\/2020\/10\/yandex-02.png\" alt=\"\" class=\"wp-image-2885\" \/><\/figure><\/div>\n\n\n\n<p>L\u00e0, nous s\u00e9lectionnerons l\u2019option Comptes de service<\/p>\n\n\n\n<div class=\"wp-block-image\"><figure class=\"aligncenter size-full\"><img decoding=\"async\" src=\"https:\/\/www.wpautotranslate.com\/wp-content\/uploads\/2020\/10\/yandex-03.png\" alt=\"\" class=\"wp-image-2886\" \/><\/figure><\/div>\n\n\n\n<p>et nous allons cr\u00e9er un nouveau service.<\/p>\n\n\n\n<div class=\"wp-block-image\"><figure class=\"aligncenter size-full\"><img decoding=\"async\" src=\"https:\/\/www.wpautotranslate.com\/wp-content\/uploads\/2020\/10\/yandex-04.png\" alt=\"\" class=\"wp-image-2887\" \/><\/figure><\/div>\n\n\n\n<p>nous le nommerons et lui donnerons des autorisations \u00ab\u00a0admin\u00a0\u00bb.<\/p>\n\n\n\n<div class=\"wp-block-image\"><figure class=\"aligncenter size-full\"><img decoding=\"async\" src=\"https:\/\/www.wpautotranslate.com\/wp-content\/uploads\/2020\/10\/yandex-05.png\" alt=\"\" class=\"wp-image-2888\" \/><\/figure><\/div>\n\n\n\n<p>Une fois cr\u00e9\u00e9, nous cliquerons sur l\u2019option pour cr\u00e9er une nouvelle cl\u00e9, et ce sera de type cl\u00e9 API.<\/p>\n\n\n\n<div class=\"wp-block-image\"><figure class=\"aligncenter size-full\"><img decoding=\"async\" src=\"https:\/\/www.wpautotranslate.com\/wp-content\/uploads\/2020\/10\/yandex-06.png\" alt=\"\" class=\"wp-image-2889\" \/><\/figure><\/div>\n\n\n\n<p>\u00c0 ce stade, la cl\u00e9 API et la cl\u00e9 secr\u00e8te seront cr\u00e9\u00e9es. Ce sont les deux donn\u00e9es n\u00e9cessaires restantes.<\/p>\n\n\n\n<div class=\"wp-block-image\"><figure class=\"aligncenter size-full\"><img decoding=\"async\" src=\"https:\/\/www.wpautotranslate.com\/wp-content\/uploads\/2020\/10\/yandex-07.png\" alt=\"\" class=\"wp-image-2890\" \/><\/figure><\/div>\n\n\n\n<p>Et maintenant, avec l\u2019ID de dossier, la cl\u00e9 API et la cl\u00e9 secr\u00e8te, nous allons aller dans la section Param\u00e8tres du plugin et les inclure dans l\u2019onglet Yandex.<\/p>\n\n\n\n<div class=\"wp-block-image\"><figure class=\"aligncenter size-full\"><img decoding=\"async\" src=\"https:\/\/www.wpautotranslate.com\/wp-content\/uploads\/2020\/10\/yandex-08.png\" alt=\"\" class=\"wp-image-2891\" \/><\/figure><\/div>\n\n\n\n<p>\n","protected":false},"excerpt":{"rendered":"<p>Pour utiliser la traduction Yandex, vous avez besoin d\u2019un compte dans votre Yandex Cloud, et ici de la cr\u00e9ation d\u2019une instance du syst\u00e8me Translate. Lorsque vous cr\u00e9ez un compte sur votre Cloud, il cr\u00e9e automatiquement une instance que nous pouvons utiliser pour obtenir l\u2019API. Ici, nous verrons notre cloud, qui est le dossier. &#8230; <a>Lire plus<\/a><\/p>\n","protected":false},"author":1,"featured_media":0,"parent":24,"menu_order":35,"comment_status":"closed","ping_status":"closed","template":"","meta":{"_seopress_robots_primary_cat":"","_seopress_titles_title":"","_seopress_titles_desc":"","_seopress_robots_index":"","inline_featured_image":false,"footnotes":""},"class_list":["post-38","page","type-page","status-publish"],"_links":{"self":[{"href":"https:\/\/www.wpautotranslate.com\/fr\/wp-json\/wp\/v2\/pages\/38","targetHints":{"allow":["GET"]}}],"collection":[{"href":"https:\/\/www.wpautotranslate.com\/fr\/wp-json\/wp\/v2\/pages"}],"about":[{"href":"https:\/\/www.wpautotranslate.com\/fr\/wp-json\/wp\/v2\/types\/page"}],"author":[{"embeddable":true,"href":"https:\/\/www.wpautotranslate.com\/fr\/wp-json\/wp\/v2\/users\/1"}],"replies":[{"embeddable":true,"href":"https:\/\/www.wpautotranslate.com\/fr\/wp-json\/wp\/v2\/comments?post=38"}],"version-history":[{"count":4,"href":"https:\/\/www.wpautotranslate.com\/fr\/wp-json\/wp\/v2\/pages\/38\/revisions"}],"predecessor-version":[{"id":231,"href":"https:\/\/www.wpautotranslate.com\/fr\/wp-json\/wp\/v2\/pages\/38\/revisions\/231"}],"up":[{"embeddable":true,"href":"https:\/\/www.wpautotranslate.com\/fr\/wp-json\/wp\/v2\/pages\/24"}],"wp:attachment":[{"href":"https:\/\/www.wpautotranslate.com\/fr\/wp-json\/wp\/v2\/media?parent=38"}],"curies":[{"name":"wp","href":"https:\/\/api.w.org\/{rel}","templated":true}]}}