{"id":36,"date":"2022-03-18T10:59:51","date_gmt":"2022-03-18T09:59:51","guid":{"rendered":"https:\/\/www.wpautotranslate.com\/en\/?page_id=36"},"modified":"2022-04-08T14:11:32","modified_gmt":"2022-04-08T12:11:32","slug":"softcatala","status":"publish","type":"page","link":"https:\/\/www.wpautotranslate.com\/fr\/wpautotranslate\/fournisseur\/softcatala\/","title":{"rendered":"Softcatal\u00e0"},"content":{"rendered":"\n<p>Pour utiliser les traductions Softcatal\u00e0, vous n\u2019avez besoin d\u2019aucun type d\u2019API ou quelque chose comme \u00e7a.<\/p>\n\n\n\n<p>Il convient de noter que Softcatal\u00e0 est une communaut\u00e9 qui promeut le catalan et que toutes les langues ne sont pas disponibles, et recommande uniquement l\u2019utilisation de cette plate-forme lors de la traduction du catalan.<\/p>\n","protected":false},"excerpt":{"rendered":"<p>Pour utiliser les traductions Softcatal\u00e0, vous n\u2019avez besoin d\u2019aucun type d\u2019API ou quelque chose comme \u00e7a. Il convient de noter que Softcatal\u00e0 est une communaut\u00e9 qui promeut le catalan et que toutes les langues ne sont pas disponibles, et recommande uniquement l\u2019utilisation de cette plate-forme lors de la traduction du catalan.<\/p>\n","protected":false},"author":1,"featured_media":0,"parent":24,"menu_order":30,"comment_status":"closed","ping_status":"closed","template":"","meta":{"_seopress_robots_primary_cat":"","_seopress_titles_title":"","_seopress_titles_desc":"","_seopress_robots_index":"","inline_featured_image":false,"footnotes":""},"class_list":["post-36","page","type-page","status-publish"],"_links":{"self":[{"href":"https:\/\/www.wpautotranslate.com\/fr\/wp-json\/wp\/v2\/pages\/36","targetHints":{"allow":["GET"]}}],"collection":[{"href":"https:\/\/www.wpautotranslate.com\/fr\/wp-json\/wp\/v2\/pages"}],"about":[{"href":"https:\/\/www.wpautotranslate.com\/fr\/wp-json\/wp\/v2\/types\/page"}],"author":[{"embeddable":true,"href":"https:\/\/www.wpautotranslate.com\/fr\/wp-json\/wp\/v2\/users\/1"}],"replies":[{"embeddable":true,"href":"https:\/\/www.wpautotranslate.com\/fr\/wp-json\/wp\/v2\/comments?post=36"}],"version-history":[{"count":2,"href":"https:\/\/www.wpautotranslate.com\/fr\/wp-json\/wp\/v2\/pages\/36\/revisions"}],"predecessor-version":[{"id":185,"href":"https:\/\/www.wpautotranslate.com\/fr\/wp-json\/wp\/v2\/pages\/36\/revisions\/185"}],"up":[{"embeddable":true,"href":"https:\/\/www.wpautotranslate.com\/fr\/wp-json\/wp\/v2\/pages\/24"}],"wp:attachment":[{"href":"https:\/\/www.wpautotranslate.com\/fr\/wp-json\/wp\/v2\/media?parent=36"}],"curies":[{"name":"wp","href":"https:\/\/api.w.org\/{rel}","templated":true}]}}