{"id":32,"date":"2022-03-18T10:58:53","date_gmt":"2022-03-18T09:58:53","guid":{"rendered":"https:\/\/www.wpautotranslate.com\/en\/?page_id=32"},"modified":"2022-04-08T14:11:30","modified_gmt":"2022-04-08T12:11:30","slug":"ibm","status":"publish","type":"page","link":"https:\/\/www.wpautotranslate.com\/fr\/wpautotranslate\/fournisseur\/ibm\/","title":{"rendered":"IBM"},"content":{"rendered":"\n<p>Pour utiliser l\u2019API IBM Watson, nous devons avoir un compte dans votre cloud et <a aria-label=\"choose the service option (opens in a new tab)\" href=\"https:\/\/cloud.ibm.com\/catalog\/services\/language-translator\" target=\"_blank\" rel=\"noreferrer noopener\" class=\"rank-math-link\">choisir l\u2019option de service<\/a> souhait\u00e9e.<\/p>\n\n\n\n<div class=\"wp-block-image\"><figure class=\"aligncenter size-full\"><img decoding=\"async\" src=\"https:\/\/www.wpautotranslate.com\/wp-content\/uploads\/2020\/10\/ibm-01.png\" alt=\"\" class=\"wp-image-2871\" \/><\/figure><\/div>\n\n\n\n<p>Une fois que nous l\u2019avons cr\u00e9\u00e9, dans la section G\u00e9rer, nous aurons acc\u00e8s \u00e0 l\u2019API cl\u00e9 et \u00e0 l\u2019URL. Les deux contenus sont n\u00e9cessaires \u00e0 la configuration.<\/p>\n\n\n\n<div class=\"wp-block-image\"><figure class=\"aligncenter size-full\"><img decoding=\"async\" src=\"https:\/\/www.wpautotranslate.com\/wp-content\/uploads\/2020\/10\/ibm-02.png\" alt=\"\" class=\"wp-image-2872\" \/><\/figure><\/div>\n\n\n\n<p>Une fois que nous les avons enregistr\u00e9s, nous irons \u00e0 la section du plugin IBM et ajouterons les deux \u00e9l\u00e9ments.<\/p>\n\n\n\n<div class=\"wp-block-image\"><figure class=\"aligncenter size-full\"><img decoding=\"async\" src=\"https:\/\/www.wpautotranslate.com\/wp-content\/uploads\/2020\/10\/ibm-03.png\" alt=\"\" class=\"wp-image-2873\" \/><\/figure><\/div>\n\n\n\n<p>\n","protected":false},"excerpt":{"rendered":"<p>Pour utiliser l\u2019API IBM Watson, nous devons avoir un compte dans votre cloud et choisir l\u2019option de service souhait\u00e9e. Une fois que nous l\u2019avons cr\u00e9\u00e9, dans la section G\u00e9rer, nous aurons acc\u00e8s \u00e0 l\u2019API cl\u00e9 et \u00e0 l\u2019URL. Les deux contenus sont n\u00e9cessaires \u00e0 la configuration. Une fois que nous les avons sauv\u00e9s, &#8230; <a>Lire plus<\/a><\/p>\n","protected":false},"author":1,"featured_media":0,"parent":24,"menu_order":25,"comment_status":"closed","ping_status":"closed","template":"","meta":{"_seopress_robots_primary_cat":"","_seopress_titles_title":"","_seopress_titles_desc":"","_seopress_robots_index":"","inline_featured_image":false,"footnotes":""},"class_list":["post-32","page","type-page","status-publish"],"_links":{"self":[{"href":"https:\/\/www.wpautotranslate.com\/fr\/wp-json\/wp\/v2\/pages\/32","targetHints":{"allow":["GET"]}}],"collection":[{"href":"https:\/\/www.wpautotranslate.com\/fr\/wp-json\/wp\/v2\/pages"}],"about":[{"href":"https:\/\/www.wpautotranslate.com\/fr\/wp-json\/wp\/v2\/types\/page"}],"author":[{"embeddable":true,"href":"https:\/\/www.wpautotranslate.com\/fr\/wp-json\/wp\/v2\/users\/1"}],"replies":[{"embeddable":true,"href":"https:\/\/www.wpautotranslate.com\/fr\/wp-json\/wp\/v2\/comments?post=32"}],"version-history":[{"count":4,"href":"https:\/\/www.wpautotranslate.com\/fr\/wp-json\/wp\/v2\/pages\/32\/revisions"}],"predecessor-version":[{"id":229,"href":"https:\/\/www.wpautotranslate.com\/fr\/wp-json\/wp\/v2\/pages\/32\/revisions\/229"}],"up":[{"embeddable":true,"href":"https:\/\/www.wpautotranslate.com\/fr\/wp-json\/wp\/v2\/pages\/24"}],"wp:attachment":[{"href":"https:\/\/www.wpautotranslate.com\/fr\/wp-json\/wp\/v2\/media?parent=32"}],"curies":[{"name":"wp","href":"https:\/\/api.w.org\/{rel}","templated":true}]}}