{"id":30,"date":"2022-03-18T10:58:15","date_gmt":"2022-03-18T09:58:15","guid":{"rendered":"https:\/\/www.wpautotranslate.com\/en\/?page_id=30"},"modified":"2022-06-17T14:03:57","modified_gmt":"2022-06-17T12:03:57","slug":"google","status":"publish","type":"page","link":"https:\/\/www.wpautotranslate.com\/fr\/wpautotranslate\/fournisseur\/google\/","title":{"rendered":"Google"},"content":{"rendered":"\n<p>Pour utiliser l\u2019API Google, le contenu JSON de la cl\u00e9. Le processus est un peu complexe, mais il peut \u00eatre fait. La premi\u00e8re chose \u00e0 faire est de s\u2019inscrire et d\u2019avoir un compte <a href=\"https:\/\/cloud.google.com\/translate\/\" target=\"_blank\" aria-label=\"Google Cloud (opens in a new tab)\" rel=\"noreferrer noopener\" class=\"rank-math-link\">Google Cloud<\/a> .<\/p>\n\n\n\n<p>La premi\u00e8re chose \u00e0 faire est de s\u00e9lectionner l\u2019option API &amp; Services, puis l\u2019option <a aria-label=\"Credentials (opens in a new tab)\" href=\"https:\/\/console.cloud.google.com\/apis\/credentials\" target=\"_blank\" rel=\"noreferrer noopener\" class=\"rank-math-link\">Informations d\u2019identification<\/a> .<\/p>\n\n\n<div class=\"wp-block-image\">\n<figure class=\"aligncenter size-full\"><img decoding=\"async\" src=\"https:\/\/www.wpautotranslate.com\/wp-content\/uploads\/2020\/10\/google-01.png\" alt=\"\" class=\"wp-image-2862\"\/><\/figure>\n<\/div>\n\n\n<p>Nous s\u00e9lectionnerons l\u2019option pour cr\u00e9er des informations d\u2019identification et l\u00e0, nous choisirons celui du type Compte de service.<\/p>\n\n\n<div class=\"wp-block-image\">\n<figure class=\"aligncenter size-full\"><img decoding=\"async\" src=\"https:\/\/www.wpautotranslate.com\/wp-content\/uploads\/2020\/10\/google-02.png\" alt=\"\" class=\"wp-image-2863\"\/><\/figure>\n<\/div>\n\n\n<p>L\u00e0, nous mettrons le nom et l\u2019identifiant que nous voulons qu\u2019il soit r\u00e9pertori\u00e9.<\/p>\n\n\n<div class=\"wp-block-image\">\n<figure class=\"aligncenter size-full\"><img decoding=\"async\" src=\"https:\/\/www.wpautotranslate.com\/wp-content\/uploads\/2020\/10\/google-03.png\" alt=\"\" class=\"wp-image-2864\"\/><\/figure>\n<\/div>\n\n\n<p>Et nous vous donnerons les autorisations du propri\u00e9taire.<\/p>\n\n\n<div class=\"wp-block-image\">\n<figure class=\"aligncenter size-full\"><img decoding=\"async\" src=\"https:\/\/www.wpautotranslate.com\/wp-content\/uploads\/2020\/10\/google-04.png\" alt=\"\" class=\"wp-image-2865\"\/><\/figure>\n<\/div>\n\n\n<p>Une fois cr\u00e9\u00e9e, si nous entrons dans le compte, nous cr\u00e9erons la cl\u00e9 elle-m\u00eame.<\/p>\n\n\n<div class=\"wp-block-image\">\n<figure class=\"aligncenter size-full\"><img decoding=\"async\" src=\"https:\/\/www.wpautotranslate.com\/wp-content\/uploads\/2020\/10\/google-05.png\" alt=\"\" class=\"wp-image-2866\"\/><\/figure>\n<\/div>\n\n\n<p>Parmi les types de cl\u00e9, nous s\u00e9lectionnerons le type JSON<\/p>\n\n\n<div class=\"wp-block-image\">\n<figure class=\"aligncenter size-full\"><img decoding=\"async\" src=\"https:\/\/www.wpautotranslate.com\/wp-content\/uploads\/2020\/10\/google-06.png\" alt=\"\" class=\"wp-image-2867\"\/><\/figure>\n<\/div>\n\n\n<p>Lors de la cr\u00e9ation de la cl\u00e9, nous recevrons un fichier \u00e0 t\u00e9l\u00e9charger. Ce fichier JSON est un fichier texte. \u00c0 l\u2019int\u00e9rieur, tout le contenu est la cl\u00e9 n\u00e9cessaire au fonctionnement de l\u2019API.<\/p>\n\n\n\n<p>Nous allons copier le contenu du fichier et proc\u00e9der \u00e0 l\u2019acc\u00e8s au panneau Param\u00e8tres du plugin et l\u2019inclure dans l\u2019onglet Google.<\/p>\n\n\n<div class=\"wp-block-image\">\n<figure class=\"aligncenter size-full\"><img decoding=\"async\" src=\"https:\/\/www.wpautotranslate.com\/wp-content\/uploads\/2020\/10\/google-07.png\" alt=\"\" class=\"wp-image-2868\"\/><\/figure>\n<\/div>\n\n\n<p>\n","protected":false},"excerpt":{"rendered":"<p>Pour utiliser l\u2019API Google, le contenu JSON de la cl\u00e9. Le processus est un peu complexe, mais il peut \u00eatre fait. La premi\u00e8re chose \u00e0 faire est de s\u2019inscrire et d\u2019avoir un compte Google Cloud. La premi\u00e8re chose \u00e0 faire est de s\u00e9lectionner l\u2019option API &amp; Services, puis l\u2019option Informations d\u2019identification. Nous allons &#8230; <a>Lire plus<\/a><\/p>\n","protected":false},"author":1,"featured_media":0,"parent":24,"menu_order":20,"comment_status":"closed","ping_status":"closed","template":"","meta":{"_seopress_robots_primary_cat":"","_seopress_titles_title":"","_seopress_titles_desc":"","_seopress_robots_index":"","inline_featured_image":false,"footnotes":""},"class_list":["post-30","page","type-page","status-publish"],"_links":{"self":[{"href":"https:\/\/www.wpautotranslate.com\/fr\/wp-json\/wp\/v2\/pages\/30","targetHints":{"allow":["GET"]}}],"collection":[{"href":"https:\/\/www.wpautotranslate.com\/fr\/wp-json\/wp\/v2\/pages"}],"about":[{"href":"https:\/\/www.wpautotranslate.com\/fr\/wp-json\/wp\/v2\/types\/page"}],"author":[{"embeddable":true,"href":"https:\/\/www.wpautotranslate.com\/fr\/wp-json\/wp\/v2\/users\/1"}],"replies":[{"embeddable":true,"href":"https:\/\/www.wpautotranslate.com\/fr\/wp-json\/wp\/v2\/comments?post=30"}],"version-history":[{"count":5,"href":"https:\/\/www.wpautotranslate.com\/fr\/wp-json\/wp\/v2\/pages\/30\/revisions"}],"predecessor-version":[{"id":242,"href":"https:\/\/www.wpautotranslate.com\/fr\/wp-json\/wp\/v2\/pages\/30\/revisions\/242"}],"up":[{"embeddable":true,"href":"https:\/\/www.wpautotranslate.com\/fr\/wp-json\/wp\/v2\/pages\/24"}],"wp:attachment":[{"href":"https:\/\/www.wpautotranslate.com\/fr\/wp-json\/wp\/v2\/media?parent=30"}],"curies":[{"name":"wp","href":"https:\/\/api.w.org\/{rel}","templated":true}]}}