{"id":28,"date":"2022-03-18T10:57:31","date_gmt":"2022-03-18T09:57:31","guid":{"rendered":"https:\/\/www.wpautotranslate.com\/en\/?page_id=28"},"modified":"2022-04-08T14:11:29","modified_gmt":"2022-04-08T12:11:29","slug":"deepl","status":"publish","type":"page","link":"https:\/\/www.wpautotranslate.com\/fr\/wpautotranslate\/fournisseur\/deepl\/","title":{"rendered":"DeepL"},"content":{"rendered":"\n<p>Pour utiliser l\u2019API de DeepL, nous aurons besoin <a href=\"https:\/\/www.deepl.com\/pro#developer\" target=\"_blank\" aria-label=\"Develper (opens in a new tab)\" rel=\"noreferrer noopener\" class=\"rank-math-link\">d\u2019un compte Develper<\/a> qui nous permette d\u2019acc\u00e9der \u00e0 votre API. Seule l\u2019API cl\u00e9 est requise pour son fonctionnement.<\/p>\n\n\n\n<p>Une fois que vous avez cr\u00e9\u00e9 le compte, vous pouvez acc\u00e9der au panneau <a aria-label=\"Account (opens in a new tab)\" href=\"https:\/\/www.deepl.com\/pro-account.html\" target=\"_blank\" rel=\"noreferrer noopener\" class=\"rank-math-link\">Compte<\/a> et vous y trouverez la zone avec l\u2019API.<\/p>\n\n\n\n<div class=\"wp-block-image\"><figure class=\"aligncenter size-full\"><img decoding=\"async\" src=\"https:\/\/www.wpautotranslate.com\/wp-content\/uploads\/2020\/10\/deepl-01.png\" alt=\"\" class=\"wp-image-2856\" \/><\/figure><\/div>\n\n\n\n<p>Une fois que vous avez l\u2019API, vous pouvez acc\u00e9der au panneau Param\u00e8tres du plugin et l\u2019inclure dans l\u2019onglet de DeepL.<\/p>\n\n\n\n<div class=\"wp-block-image\"><figure class=\"aligncenter size-full\"><img decoding=\"async\" src=\"https:\/\/www.wpautotranslate.com\/wp-content\/uploads\/2020\/10\/deepl-02.png\" alt=\"\" class=\"wp-image-2857\" \/><\/figure><\/div>\n\n\n\n<p>\n","protected":false},"excerpt":{"rendered":"<p>Pour utiliser l\u2019API de DeepL, nous aurons besoin d\u2019un compte Develper qui nous permette d\u2019acc\u00e9der \u00e0 votre API. Seule l\u2019API cl\u00e9 est requise pour son fonctionnement. Une fois que vous avez cr\u00e9\u00e9 le compte, vous pouvez acc\u00e9der au panneau Compte et vous y trouverez la zone avec l\u2019API. Une fois que vous avez l\u2019API, &#8230; <a>Lire plus<\/a><\/p>\n","protected":false},"author":1,"featured_media":0,"parent":24,"menu_order":15,"comment_status":"closed","ping_status":"closed","template":"","meta":{"_seopress_robots_primary_cat":"","_seopress_titles_title":"","_seopress_titles_desc":"","_seopress_robots_index":"","inline_featured_image":false,"footnotes":""},"class_list":["post-28","page","type-page","status-publish"],"_links":{"self":[{"href":"https:\/\/www.wpautotranslate.com\/fr\/wp-json\/wp\/v2\/pages\/28","targetHints":{"allow":["GET"]}}],"collection":[{"href":"https:\/\/www.wpautotranslate.com\/fr\/wp-json\/wp\/v2\/pages"}],"about":[{"href":"https:\/\/www.wpautotranslate.com\/fr\/wp-json\/wp\/v2\/types\/page"}],"author":[{"embeddable":true,"href":"https:\/\/www.wpautotranslate.com\/fr\/wp-json\/wp\/v2\/users\/1"}],"replies":[{"embeddable":true,"href":"https:\/\/www.wpautotranslate.com\/fr\/wp-json\/wp\/v2\/comments?post=28"}],"version-history":[{"count":4,"href":"https:\/\/www.wpautotranslate.com\/fr\/wp-json\/wp\/v2\/pages\/28\/revisions"}],"predecessor-version":[{"id":227,"href":"https:\/\/www.wpautotranslate.com\/fr\/wp-json\/wp\/v2\/pages\/28\/revisions\/227"}],"up":[{"embeddable":true,"href":"https:\/\/www.wpautotranslate.com\/fr\/wp-json\/wp\/v2\/pages\/24"}],"wp:attachment":[{"href":"https:\/\/www.wpautotranslate.com\/fr\/wp-json\/wp\/v2\/media?parent=28"}],"curies":[{"name":"wp","href":"https:\/\/api.w.org\/{rel}","templated":true}]}}