{"id":26,"date":"2022-03-18T10:57:00","date_gmt":"2022-03-18T09:57:00","guid":{"rendered":"https:\/\/www.wpautotranslate.com\/en\/?page_id=26"},"modified":"2023-10-18T10:53:52","modified_gmt":"2023-10-18T08:53:52","slug":"amazone","status":"publish","type":"page","link":"https:\/\/www.wpautotranslate.com\/fr\/wpautotranslate\/fournisseur\/amazone\/","title":{"rendered":"Amazone"},"content":{"rendered":"\n<p>Pour appliquer la configuration Amazon, nous aurons besoin de 3 donn\u00e9es : Cl\u00e9 d\u2019acc\u00e8s, Cl\u00e9 secr\u00e8te et R\u00e9gion. <\/p>\n\n\n\n<p>La premi\u00e8re chose que nous allons faire est de visiter la page <a href=\"https:\/\/aws.amazon.com\/translate\/\" target=\"_blank\" aria-label=\"Amazon Translate (opens in a new tab)\" rel=\"noreferrer noopener\" class=\"rank-math-link\">Amazon Translate<\/a> et de cr\u00e9er un compte si nous n\u2019en avons pas.<\/p>\n\n\n\n<p>Une fois le compte cr\u00e9\u00e9 et configur\u00e9, nous acc\u00e9derons \u00e0 la section <a aria-label=\"Your Security Credentials (opens in a new tab)\" href=\"https:\/\/console.aws.amazon.com\/iam\/home#\/security_credentials\" target=\"_blank\" rel=\"noreferrer noopener\" class=\"rank-math-link\">Vos informations d\u2019identification de s\u00e9curit\u00e9<\/a> .<\/p>\n\n\n<div class=\"wp-block-image\">\n<figure class=\"aligncenter size-full\"><img decoding=\"async\" src=\"https:\/\/www.wpautotranslate.com\/wp-content\/uploads\/2020\/10\/amazon-01.png\" alt=\"\" class=\"wp-image-2848\"\/><\/figure>\n<\/div>\n\n\n<p>L\u00e0, choisissez l\u2019option Cl\u00e9s d\u2019acc\u00e8s (ID de cl\u00e9 d\u2019acc\u00e8s et cl\u00e9 d\u2019acc\u00e8s secr\u00e8te) et cliquez sur cr\u00e9er une nouvelle cl\u00e9. Cela g\u00e9n\u00e9rera deux des donn\u00e9es dont nous avons besoin, la cl\u00e9 d\u2019acc\u00e8s et la cl\u00e9 secr\u00e8te.<\/p>\n\n\n<div class=\"wp-block-image\">\n<figure class=\"aligncenter size-full\"><img decoding=\"async\" src=\"https:\/\/www.wpautotranslate.com\/wp-content\/uploads\/2020\/10\/amazon-02.png\" alt=\"\" class=\"wp-image-2849\"\/><\/figure>\n<\/div>\n\n\n<p>Ensuite, nous visiterons la section <a aria-label=\"Translation API (opens in a new tab)\" href=\"https:\/\/console.aws.amazon.com\/translate\/home\" target=\"_blank\" rel=\"noreferrer noopener\" class=\"rank-math-link\">API de traduction<\/a> . L\u00e0, dans la zone sup\u00e9rieure, nous avons toutes les zones disponibles \u00e0 utiliser. Nous n\u2019avons qu\u2019\u00e0 en choisir un et \u00e0 utiliser son code de r\u00e9gion.<\/p>\n\n\n<div class=\"wp-block-image\">\n<figure class=\"aligncenter size-full\"><img decoding=\"async\" src=\"https:\/\/www.wpautotranslate.com\/wp-content\/uploads\/2020\/10\/amazon-03.png\" alt=\"\" class=\"wp-image-2850\"\/><\/figure>\n<\/div>\n\n\n<p>En ce moment, nous avons d\u00e9j\u00e0 les 3 options disponibles, nous allons donc aller dans l\u2019onglet Amazon du plugin et remplir les 3 donn\u00e9es.<\/p>\n\n\n<div class=\"wp-block-image\">\n<figure class=\"aligncenter size-full\"><img decoding=\"async\" src=\"https:\/\/www.wpautotranslate.com\/wp-content\/uploads\/2020\/10\/amazon-04.png\" alt=\"\" class=\"wp-image-2851\"\/><\/figure>\n<\/div>\n\n\n<p>\n","protected":false},"excerpt":{"rendered":"<p>Pour appliquer la configuration Amazon, nous aurons besoin de 3 donn\u00e9es : Cl\u00e9 d\u2019acc\u00e8s, Cl\u00e9 secr\u00e8te et R\u00e9gion. La premi\u00e8re chose que nous allons faire est de visiter la page Amazon Translate et de cr\u00e9er un compte si nous n\u2019en avons pas. Une fois le compte cr\u00e9\u00e9 et configur\u00e9, nous acc\u00e9derons \u00e0 la section Vos informations d\u2019identification de s\u00e9curit\u00e9. L\u00e0, choisissez le &#8230; <a>Lire plus<\/a><\/p>\n","protected":false},"author":1,"featured_media":0,"parent":24,"menu_order":10,"comment_status":"closed","ping_status":"closed","template":"","meta":{"_seopress_robots_primary_cat":"","_seopress_titles_title":"","_seopress_titles_desc":"","_seopress_robots_index":"","inline_featured_image":false,"footnotes":""},"class_list":["post-26","page","type-page","status-publish"],"_links":{"self":[{"href":"https:\/\/www.wpautotranslate.com\/fr\/wp-json\/wp\/v2\/pages\/26","targetHints":{"allow":["GET"]}}],"collection":[{"href":"https:\/\/www.wpautotranslate.com\/fr\/wp-json\/wp\/v2\/pages"}],"about":[{"href":"https:\/\/www.wpautotranslate.com\/fr\/wp-json\/wp\/v2\/types\/page"}],"author":[{"embeddable":true,"href":"https:\/\/www.wpautotranslate.com\/fr\/wp-json\/wp\/v2\/users\/1"}],"replies":[{"embeddable":true,"href":"https:\/\/www.wpautotranslate.com\/fr\/wp-json\/wp\/v2\/comments?post=26"}],"version-history":[{"count":5,"href":"https:\/\/www.wpautotranslate.com\/fr\/wp-json\/wp\/v2\/pages\/26\/revisions"}],"predecessor-version":[{"id":248,"href":"https:\/\/www.wpautotranslate.com\/fr\/wp-json\/wp\/v2\/pages\/26\/revisions\/248"}],"up":[{"embeddable":true,"href":"https:\/\/www.wpautotranslate.com\/fr\/wp-json\/wp\/v2\/pages\/24"}],"wp:attachment":[{"href":"https:\/\/www.wpautotranslate.com\/fr\/wp-json\/wp\/v2\/media?parent=26"}],"curies":[{"name":"wp","href":"https:\/\/api.w.org\/{rel}","templated":true}]}}