{"id":24,"date":"2022-03-18T10:56:20","date_gmt":"2022-03-18T09:56:20","guid":{"rendered":"https:\/\/www.wpautotranslate.com\/en\/?page_id=24"},"modified":"2022-06-17T14:05:27","modified_gmt":"2022-06-17T12:05:27","slug":"fournisseur","status":"publish","type":"page","link":"https:\/\/www.wpautotranslate.com\/fr\/wpautotranslate\/fournisseur\/","title":{"rendered":"Configuration de l\u2019API"},"content":{"rendered":"\n<p>Ce plugin fonctionne gr\u00e2ce \u00e0 une multitude d\u2019API provenant de diff\u00e9rents fournisseurs. Selon les langues dans lesquelles vous souhaitez traduire, nous vous recommandons de choisir l\u2019une ou l\u2019autre.<\/p>\n\n\n\n<p>Vous avez ici l\u2019aide sp\u00e9cifique des diff\u00e9rents prestataires de traduction disponibles :<\/p>\n\n\n\n<ul class=\"wp-block-list\"><li><a href=\"https:\/\/www.wpautotranslate.com\/fr\/wpautotranslate\/fournisseur\/amazone\/\">Amazon<\/a><\/li><li><a href=\"https:\/\/www.wpautotranslate.com\/fr\/wpautotranslate\/fournisseur\/deepl\/\">DeepL<\/a><\/li><li><a href=\"https:\/\/www.wpautotranslate.com\/fr\/wpautotranslate\/fournisseur\/google\/\">Google<\/a><\/li><li><a href=\"https:\/\/www.wpautotranslate.com\/fr\/wpautotranslate\/fournisseur\/ibm\/\">IBM<\/a><\/li><li><a href=\"https:\/\/www.wpautotranslate.com\/fr\/wpautotranslate\/fournisseur\/microsoft\/\">Microsoft<\/a><\/li><li><a href=\"https:\/\/www.wpautotranslate.com\/fr\/wpautotranslate\/fournisseur\/softcatala\/\">Softcatal\u00e0<\/a><\/li><li><a href=\"https:\/\/www.wpautotranslate.com\/fr\/wpautotranslate\/fournisseur\/yandex\/\">Yandex<\/a><\/li><\/ul>\n","protected":false},"excerpt":{"rendered":"<p>Ce plugin fonctionne gr\u00e2ce \u00e0 une multitude d\u2019API provenant de diff\u00e9rents fournisseurs. Selon les langues dans lesquelles vous souhaitez traduire, nous vous recommandons de choisir l\u2019une ou l\u2019autre. Ici, vous avez l\u2019aide sp\u00e9cifique des diff\u00e9rents fournisseurs de traduction disponibles: Amazon DeepL Google IBM Microsoft Softcatal\u00e0 Yandex<\/p>\n","protected":false},"author":1,"featured_media":0,"parent":6,"menu_order":20,"comment_status":"closed","ping_status":"closed","template":"","meta":{"_seopress_robots_primary_cat":"","_seopress_titles_title":"","_seopress_titles_desc":"","_seopress_robots_index":"","inline_featured_image":false,"footnotes":""},"class_list":["post-24","page","type-page","status-publish"],"_links":{"self":[{"href":"https:\/\/www.wpautotranslate.com\/fr\/wp-json\/wp\/v2\/pages\/24","targetHints":{"allow":["GET"]}}],"collection":[{"href":"https:\/\/www.wpautotranslate.com\/fr\/wp-json\/wp\/v2\/pages"}],"about":[{"href":"https:\/\/www.wpautotranslate.com\/fr\/wp-json\/wp\/v2\/types\/page"}],"author":[{"embeddable":true,"href":"https:\/\/www.wpautotranslate.com\/fr\/wp-json\/wp\/v2\/users\/1"}],"replies":[{"embeddable":true,"href":"https:\/\/www.wpautotranslate.com\/fr\/wp-json\/wp\/v2\/comments?post=24"}],"version-history":[{"count":4,"href":"https:\/\/www.wpautotranslate.com\/fr\/wp-json\/wp\/v2\/pages\/24\/revisions"}],"predecessor-version":[{"id":243,"href":"https:\/\/www.wpautotranslate.com\/fr\/wp-json\/wp\/v2\/pages\/24\/revisions\/243"}],"up":[{"embeddable":true,"href":"https:\/\/www.wpautotranslate.com\/fr\/wp-json\/wp\/v2\/pages\/6"}],"wp:attachment":[{"href":"https:\/\/www.wpautotranslate.com\/fr\/wp-json\/wp\/v2\/media?parent=24"}],"curies":[{"name":"wp","href":"https:\/\/api.w.org\/{rel}","templated":true}]}}