{"id":22,"date":"2022-03-18T10:55:51","date_gmt":"2022-03-18T09:55:51","guid":{"rendered":"https:\/\/www.wpautotranslate.com\/en\/?page_id=22"},"modified":"2022-04-08T14:11:26","modified_gmt":"2022-04-08T12:11:26","slug":"choisir","status":"publish","type":"page","link":"https:\/\/www.wpautotranslate.com\/fr\/wpautotranslate\/choisir\/","title":{"rendered":"Comment choisir un fournisseur de traduction"},"content":{"rendered":"\n<p>Ce plug-in vous permet de traduire le contenu mais le fait via des outils externes, gr\u00e2ce aux API de traduction de fournisseurs tels que Amazon, DeepL, Google, IBM, Microsoft, Softcatal\u00e0 ou Yandex.<\/p>\n\n\n\n<p>Actuellement, vous ne pouvez choisir qu\u2019une seule API lors de la traduction (cela changera dans les versions futures), de sorte que la prise en charge de la traduction sera limit\u00e9e par les possibilit\u00e9s offertes par ce fournisseur et son API.<\/p>\n\n\n\n<h3 class=\"wp-block-heading\">Comment choisir ?<\/h3>\n\n\n\n<p>Il y a essentiellement 3 \u00e9l\u00e9ments \u00e0 consid\u00e9rer lors du choix d\u2019un fournisseur:<\/p>\n\n\n\n<ol class=\"wp-block-list\"><li>Les langues de traduction. Chaque fournisseur dispose d\u2019une s\u00e9rie de langues \u00e0 partir desquelles il peut traduire, une s\u00e9rie de paires de langues. Selon les langues de votre site, vous devez v\u00e9rifier qu\u2019elles sont prises en charge.<\/li><li>Quantit\u00e9 de texte \u00e0 traduire. Chaque fournisseur offre une s\u00e9rie de limites dans ses versions gratuites. Par exemple, Microsoft autorise 2 millions de caract\u00e8res par mois. Gardez \u00e0 l\u2019esprit que, approximativement, Quichotte est de 2 millions de caract\u00e8res, ou la Bible est de 3 millions.<\/li><li>Le prix. Bien que presque tous les fournisseurs autorisent un nombre limit\u00e9 de caract\u00e8res gratuits par mois, vous devez garder \u00e0 l\u2019esprit qu\u2019il peut y avoir des co\u00fbts suppl\u00e9mentaires si vous d\u00e9passez les limites pendant un certain temps.<\/li><\/ol>\n\n\n\n<h3 class=\"wp-block-heading\">Nos suggestions<\/h3>\n\n\n\n<p>De tous les fournisseurs, nous vous recommandons d\u2019utiliser Microsoft par d\u00e9faut. Actuellement, c\u2019est le fournisseur qui offre les meilleures conditions \u00e9conomiques. Malgr\u00e9 cela, sur le plan de la qualit\u00e9, de nombreuses personnes d\u00e9cident d\u2019utiliser DeepL, qui est plus petit en termes de nombre de langues, en particulier \u00e0 des fins de r\u00e9f\u00e9rencement.<\/p>\n\n\n\n<p>Si vous avez des langues tr\u00e8s particuli\u00e8res, nous vous sugg\u00e9rons d\u2019aller vers des syst\u00e8mes aussi locaux que possible. Par exemple Yandex pour le russe ou Softcatal\u00e0 pour le catalan.<\/p>\n","protected":false},"excerpt":{"rendered":"<p>Ce plug-in vous permet de traduire le contenu mais le fait via des outils externes, gr\u00e2ce aux API de traduction de fournisseurs tels que Amazon, DeepL, Google, IBM, Microsoft, Softcatal\u00e0 ou Yandex. Actuellement, vous ne pouvez choisir qu\u2019une seule API lors de la traduction (cela changera dans les versions futures), de sorte que la prise en charge de la traduction sera limit\u00e9e par &#8230; <a title=\"\u00a0\u00bb class=\"read-more\u00a0\u00bb href=\"\u00a0\u00bb aria-label=\"Plus sur \u00ab\u00a0>Lire plus<\/a><\/p>\n","protected":false},"author":1,"featured_media":0,"parent":6,"menu_order":18,"comment_status":"closed","ping_status":"closed","template":"","meta":{"_seopress_robots_primary_cat":"","_seopress_titles_title":"","_seopress_titles_desc":"","_seopress_robots_index":"","inline_featured_image":false,"footnotes":""},"class_list":["post-22","page","type-page","status-publish"],"_links":{"self":[{"href":"https:\/\/www.wpautotranslate.com\/fr\/wp-json\/wp\/v2\/pages\/22","targetHints":{"allow":["GET"]}}],"collection":[{"href":"https:\/\/www.wpautotranslate.com\/fr\/wp-json\/wp\/v2\/pages"}],"about":[{"href":"https:\/\/www.wpautotranslate.com\/fr\/wp-json\/wp\/v2\/types\/page"}],"author":[{"embeddable":true,"href":"https:\/\/www.wpautotranslate.com\/fr\/wp-json\/wp\/v2\/users\/1"}],"replies":[{"embeddable":true,"href":"https:\/\/www.wpautotranslate.com\/fr\/wp-json\/wp\/v2\/comments?post=22"}],"version-history":[{"count":2,"href":"https:\/\/www.wpautotranslate.com\/fr\/wp-json\/wp\/v2\/pages\/22\/revisions"}],"predecessor-version":[{"id":178,"href":"https:\/\/www.wpautotranslate.com\/fr\/wp-json\/wp\/v2\/pages\/22\/revisions\/178"}],"up":[{"embeddable":true,"href":"https:\/\/www.wpautotranslate.com\/fr\/wp-json\/wp\/v2\/pages\/6"}],"wp:attachment":[{"href":"https:\/\/www.wpautotranslate.com\/fr\/wp-json\/wp\/v2\/media?parent=22"}],"curies":[{"name":"wp","href":"https:\/\/api.w.org\/{rel}","templated":true}]}}