{"id":18,"date":"2022-03-18T10:54:48","date_gmt":"2022-03-18T09:54:48","guid":{"rendered":"https:\/\/www.wpautotranslate.com\/en\/?page_id=18"},"modified":"2022-04-11T12:44:40","modified_gmt":"2022-04-11T10:44:40","slug":"actualisation","status":"publish","type":"page","link":"https:\/\/www.wpautotranslate.com\/fr\/wpautotranslate\/actualisation\/","title":{"rendered":"Actualisation"},"content":{"rendered":"\n<p>Pour mettre \u00e0 jour le plugin, vous pouvez utiliser le syst\u00e8me de mise \u00e0 jour automatique, si vous avez la licence active. Si vous ne l\u2019avez pas ou si vous avez le fichier \u00e0 mettre \u00e0 jour, vous pouvez le t\u00e9l\u00e9charger \u00e0 partir du panneau.<\/p>\n\n\n\n<p>Une fois le fichier t\u00e9l\u00e9charg\u00e9, vous devez vous rendre sur le site principal de votre WordPress Multisite et l\u2019ajouter comme n\u2019importe quel autre plugin.<\/p>\n\n\n\n<p>Tout d\u2019abord, nous allons cliquer sur le bouton Ajouter nouveau.<\/p>\n\n\n\n<div class=\"wp-block-image\"><figure class=\"aligncenter size-full is-resized\"><img loading=\"lazy\" decoding=\"async\" src=\"https:\/\/www.wpautotranslate.com\/wp-content\/uploads\/2020\/10\/installation-01.png\" alt=\"\" class=\"wp-image-2830\" width=\"582\" height=\"120\" \/><\/figure><\/div>\n\n\n\n<p>L\u00e0, nous choisirons Upload Plugin.<\/p>\n\n\n\n<div class=\"wp-block-image\"><figure class=\"aligncenter size-full is-resized\"><img loading=\"lazy\" decoding=\"async\" src=\"https:\/\/www.wpautotranslate.com\/wp-content\/uploads\/2020\/10\/installation-02.png\" alt=\"\" class=\"wp-image-2831\" width=\"738\" height=\"168\" \/><\/figure><\/div>\n\n\n\n<p>Nous verrons une zone o\u00f9 nous pouvons s\u00e9lectionner le fichier que nous avons pr\u00e9c\u00e9demment t\u00e9l\u00e9charg\u00e9.<\/p>\n\n\n\n<div class=\"wp-block-image\"><figure class=\"aligncenter size-full is-resized\"><img loading=\"lazy\" decoding=\"async\" src=\"https:\/\/www.wpautotranslate.com\/wp-content\/uploads\/2020\/10\/installation-03.png\" alt=\"\" class=\"wp-image-2832\" width=\"734\" height=\"206\" \/><\/figure><\/div>\n\n\n\n<p>Une fois s\u00e9lectionn\u00e9, cliquez sur Installer maintenant.<\/p>\n\n\n\n<div class=\"wp-block-image\"><figure class=\"aligncenter size-full is-resized\"><img loading=\"lazy\" decoding=\"async\" src=\"https:\/\/www.wpautotranslate.com\/wp-content\/uploads\/2020\/10\/installation-04.png\" alt=\"\" class=\"wp-image-2833\" width=\"730\" height=\"213\" \/><\/figure><\/div>\n\n\n\n<p>Vous trouverez un avis vous informant des donn\u00e9es de la version actuelle et nouvelle. Si tout est correct, vous pouvez cliquer sur Remplacer actuel par t\u00e9l\u00e9charg\u00e9.<\/p>\n\n\n\n<div class=\"wp-block-image\"><figure class=\"aligncenter size-full is-resized\"><img loading=\"lazy\" decoding=\"async\" src=\"https:\/\/www.wpautotranslate.com\/wp-content\/uploads\/2020\/10\/upgrade-01.png\" alt=\"\" class=\"wp-image-2838\" width=\"621\" height=\"400\" \/><\/figure><\/div>\n","protected":false},"excerpt":{"rendered":"<p>Pour mettre \u00e0 jour le plugin, vous pouvez utiliser le syst\u00e8me de mise \u00e0 jour automatique, si vous avez la licence active. Si vous ne l\u2019avez pas ou si vous avez le fichier \u00e0 mettre \u00e0 jour, vous pouvez le t\u00e9l\u00e9charger \u00e0 partir du panneau. Une fois le fichier t\u00e9l\u00e9charg\u00e9, vous devez vous rendre sur le site principal de votre WordPress Multisite et ajouter &#8230; <a>Lire plus<\/a><\/p>\n","protected":false},"author":1,"featured_media":0,"parent":6,"menu_order":10,"comment_status":"closed","ping_status":"closed","template":"","meta":{"_seopress_robots_primary_cat":"","_seopress_titles_title":"","_seopress_titles_desc":"","_seopress_robots_index":"","inline_featured_image":false,"footnotes":""},"class_list":["post-18","page","type-page","status-publish"],"_links":{"self":[{"href":"https:\/\/www.wpautotranslate.com\/fr\/wp-json\/wp\/v2\/pages\/18","targetHints":{"allow":["GET"]}}],"collection":[{"href":"https:\/\/www.wpautotranslate.com\/fr\/wp-json\/wp\/v2\/pages"}],"about":[{"href":"https:\/\/www.wpautotranslate.com\/fr\/wp-json\/wp\/v2\/types\/page"}],"author":[{"embeddable":true,"href":"https:\/\/www.wpautotranslate.com\/fr\/wp-json\/wp\/v2\/users\/1"}],"replies":[{"embeddable":true,"href":"https:\/\/www.wpautotranslate.com\/fr\/wp-json\/wp\/v2\/comments?post=18"}],"version-history":[{"count":4,"href":"https:\/\/www.wpautotranslate.com\/fr\/wp-json\/wp\/v2\/pages\/18\/revisions"}],"predecessor-version":[{"id":224,"href":"https:\/\/www.wpautotranslate.com\/fr\/wp-json\/wp\/v2\/pages\/18\/revisions\/224"}],"up":[{"embeddable":true,"href":"https:\/\/www.wpautotranslate.com\/fr\/wp-json\/wp\/v2\/pages\/6"}],"wp:attachment":[{"href":"https:\/\/www.wpautotranslate.com\/fr\/wp-json\/wp\/v2\/media?parent=18"}],"curies":[{"name":"wp","href":"https:\/\/api.w.org\/{rel}","templated":true}]}}