{"id":16,"date":"2022-03-18T10:54:03","date_gmt":"2022-03-18T09:54:03","guid":{"rendered":"https:\/\/www.wpautotranslate.com\/en\/?page_id=16"},"modified":"2022-04-08T14:11:24","modified_gmt":"2022-04-08T12:11:24","slug":"installation","status":"publish","type":"page","link":"https:\/\/www.wpautotranslate.com\/fr\/wpautotranslate\/installation\/","title":{"rendered":"Installation"},"content":{"rendered":"\n<p>Pour installer le plug-in, vous devez acc\u00e9der \u00e0 <a href=\"https:\/\/www.wpautotranslate.com\/my-account\/\" data-type=\"URL\" data-id=\"https:\/\/www.wpautotranslate.com\/my-account\/\">Mon compte<\/a> et aller \u00e0 Afficher les d\u00e9tails et les t\u00e9l\u00e9chargements. Au bas de la page, vous aurez un lien pour t\u00e9l\u00e9charger la derni\u00e8re version du plugin. Vous aurez \u00e9galement votre ID de licence.<\/p>\n\n\n\n<p>Une fois le fichier t\u00e9l\u00e9charg\u00e9, vous devez vous rendre sur le site principal de votre WordPress Multisite et l\u2019ajouter comme n\u2019importe quel autre plugin.<\/p>\n\n\n\n<p>Tout d\u2019abord, nous allons cliquer sur le bouton Ajouter nouveau.<\/p>\n\n\n\n<div class=\"wp-block-image\"><figure class=\"aligncenter size-full is-resized\"><img loading=\"lazy\" decoding=\"async\" src=\"https:\/\/www.wpautotranslate.com\/wp-content\/uploads\/2020\/10\/installation-01.png\" alt=\"\" class=\"wp-image-2830\" width=\"582\" height=\"120\" \/><\/figure><\/div>\n\n\n\n<p>L\u00e0, nous choisirons Upload Plugin.<\/p>\n\n\n\n<div class=\"wp-block-image\"><figure class=\"aligncenter size-full is-resized\"><img loading=\"lazy\" decoding=\"async\" src=\"https:\/\/www.wpautotranslate.com\/wp-content\/uploads\/2020\/10\/installation-02.png\" alt=\"\" class=\"wp-image-2831\" width=\"738\" height=\"168\" \/><\/figure><\/div>\n\n\n\n<p>Nous verrons une zone o\u00f9 nous pouvons s\u00e9lectionner le fichier que nous avons pr\u00e9c\u00e9demment t\u00e9l\u00e9charg\u00e9.<\/p>\n\n\n\n<div class=\"wp-block-image\"><figure class=\"aligncenter size-full is-resized\"><img loading=\"lazy\" decoding=\"async\" src=\"https:\/\/www.wpautotranslate.com\/wp-content\/uploads\/2020\/10\/installation-03.png\" alt=\"\" class=\"wp-image-2832\" width=\"734\" height=\"206\" \/><\/figure><\/div>\n\n\n\n<p>Une fois s\u00e9lectionn\u00e9, cliquez sur Installer maintenant.<\/p>\n\n\n\n<div class=\"wp-block-image\"><figure class=\"aligncenter size-full is-resized\"><img loading=\"lazy\" decoding=\"async\" src=\"https:\/\/www.wpautotranslate.com\/wp-content\/uploads\/2020\/10\/installation-04.png\" alt=\"\" class=\"wp-image-2833\" width=\"730\" height=\"213\" \/><\/figure><\/div>\n\n\n\n<p>Si nous revenons \u00e0 la liste des plugins, nous pouvons l\u2019activer au niveau du r\u00e9seau.<\/p>\n\n\n\n<div class=\"wp-block-image\"><figure class=\"aligncenter size-full is-resized\"><img loading=\"lazy\" decoding=\"async\" src=\"https:\/\/www.wpautotranslate.com\/wp-content\/uploads\/2020\/10\/installation-05.png\" alt=\"\" class=\"wp-image-2834\" width=\"671\" height=\"83\" \/><\/figure><\/div>\n\n\n\n<p>Une fois actif, dans le menu des options, nous verrons l\u2019option Traduction automatique.<\/p>\n\n\n\n<div class=\"wp-block-image\"><figure class=\"aligncenter size-full is-resized\"><img loading=\"lazy\" decoding=\"async\" src=\"https:\/\/www.wpautotranslate.com\/wp-content\/uploads\/2020\/10\/installation-06.png\" alt=\"\" class=\"wp-image-2835\" width=\"192\" height=\"322\" \/><\/figure><\/div>\n","protected":false},"excerpt":{"rendered":"<p>Pour installer le plug-in, vous devez acc\u00e9der \u00e0 Mon compte et aller \u00e0 Afficher les d\u00e9tails et les t\u00e9l\u00e9chargements. Au bas de la page, vous aurez un lien pour t\u00e9l\u00e9charger la derni\u00e8re version du plugin. Vous aurez \u00e9galement votre ID de licence. Une fois le fichier t\u00e9l\u00e9charg\u00e9, vous devez aller au &#8230; <a>Lire plus<\/a><\/p>\n","protected":false},"author":1,"featured_media":0,"parent":6,"menu_order":10,"comment_status":"closed","ping_status":"closed","template":"","meta":{"_seopress_robots_primary_cat":"","_seopress_titles_title":"","_seopress_titles_desc":"","_seopress_robots_index":"","inline_featured_image":false,"footnotes":""},"class_list":["post-16","page","type-page","status-publish"],"_links":{"self":[{"href":"https:\/\/www.wpautotranslate.com\/fr\/wp-json\/wp\/v2\/pages\/16","targetHints":{"allow":["GET"]}}],"collection":[{"href":"https:\/\/www.wpautotranslate.com\/fr\/wp-json\/wp\/v2\/pages"}],"about":[{"href":"https:\/\/www.wpautotranslate.com\/fr\/wp-json\/wp\/v2\/types\/page"}],"author":[{"embeddable":true,"href":"https:\/\/www.wpautotranslate.com\/fr\/wp-json\/wp\/v2\/users\/1"}],"replies":[{"embeddable":true,"href":"https:\/\/www.wpautotranslate.com\/fr\/wp-json\/wp\/v2\/comments?post=16"}],"version-history":[{"count":4,"href":"https:\/\/www.wpautotranslate.com\/fr\/wp-json\/wp\/v2\/pages\/16\/revisions"}],"predecessor-version":[{"id":223,"href":"https:\/\/www.wpautotranslate.com\/fr\/wp-json\/wp\/v2\/pages\/16\/revisions\/223"}],"up":[{"embeddable":true,"href":"https:\/\/www.wpautotranslate.com\/fr\/wp-json\/wp\/v2\/pages\/6"}],"wp:attachment":[{"href":"https:\/\/www.wpautotranslate.com\/fr\/wp-json\/wp\/v2\/media?parent=16"}],"curies":[{"name":"wp","href":"https:\/\/api.w.org\/{rel}","templated":true}]}}