{"id":12,"date":"2022-03-18T10:24:32","date_gmt":"2022-03-18T09:24:32","guid":{"rendered":"https:\/\/www.wpautotranslate.com\/en\/?page_id=12"},"modified":"2022-04-11T12:42:09","modified_gmt":"2022-04-11T10:42:09","slug":"exigences","status":"publish","type":"page","link":"https:\/\/www.wpautotranslate.com\/fr\/wpautotranslate\/exigences\/","title":{"rendered":"Conditions"},"content":{"rendered":"\n<p>La configuration requise pour l\u2019utilisation de ce plug-in est la suivante :<\/p>\n\n\n\n<p><strong>WordPress (en anglais)<\/strong><\/p>\n\n\n\n<ul class=\"wp-block-list\"><li>Version minimale: WordPress 5.4<\/li><li>Version maximale: WordPress 5.9<\/li><\/ul>\n\n\n\n<p><strong>PHP<\/strong><\/p>\n\n\n\n<ul class=\"wp-block-list\"><li>Version minimale : PHP 7.3<\/li><li>Version maximale: PHP 8.1<\/li><\/ul>\n\n\n\n<p><strong>MultilingualPresse<\/strong><\/p>\n\n\n\n<ul class=\"wp-block-list\"><li>Version minimale : MultilingualPress 3.4<\/li><li>Version maximale: MultilingualPress 3.9<\/li><\/ul>\n\n\n\n<p>Si ces trois \u00e9l\u00e9ments sont r\u00e9unis, vous pourrez utiliser le plugin sans aucun probl\u00e8me. Le plugin peut fonctionner avec des versions sup\u00e9rieures et inf\u00e9rieures, mais avec cette combinaison, nous assurons son fonctionnement.<\/p>\n","protected":false},"excerpt":{"rendered":"<p>Les conditions requises pour l\u2019utilisation de ce plug-in sont les suivantes: WordPress Version minimale: WordPress 5.4 Version maximale: WordPress 5.9 PHP Version minimale: PHP 7.3 Version maximale: PHP 8.1 MultilingualPress Version minimale: MultilingualPress 3.4 Version maximale: MultilingualPress 3.9 Si ces trois \u00e9l\u00e9ments sont remplis, vous pourrez utiliser le plugin sans aucun probl\u00e8me. Le plugin pourrait &#8230; <a>Lire plus<\/a><\/p>\n","protected":false},"author":1,"featured_media":0,"parent":6,"menu_order":5,"comment_status":"closed","ping_status":"closed","template":"","meta":{"_seopress_robots_primary_cat":"","_seopress_titles_title":"","_seopress_titles_desc":"","_seopress_robots_index":"","inline_featured_image":false,"footnotes":""},"class_list":["post-12","page","type-page","status-publish"],"_links":{"self":[{"href":"https:\/\/www.wpautotranslate.com\/fr\/wp-json\/wp\/v2\/pages\/12","targetHints":{"allow":["GET"]}}],"collection":[{"href":"https:\/\/www.wpautotranslate.com\/fr\/wp-json\/wp\/v2\/pages"}],"about":[{"href":"https:\/\/www.wpautotranslate.com\/fr\/wp-json\/wp\/v2\/types\/page"}],"author":[{"embeddable":true,"href":"https:\/\/www.wpautotranslate.com\/fr\/wp-json\/wp\/v2\/users\/1"}],"replies":[{"embeddable":true,"href":"https:\/\/www.wpautotranslate.com\/fr\/wp-json\/wp\/v2\/comments?post=12"}],"version-history":[{"count":4,"href":"https:\/\/www.wpautotranslate.com\/fr\/wp-json\/wp\/v2\/pages\/12\/revisions"}],"predecessor-version":[{"id":222,"href":"https:\/\/www.wpautotranslate.com\/fr\/wp-json\/wp\/v2\/pages\/12\/revisions\/222"}],"up":[{"embeddable":true,"href":"https:\/\/www.wpautotranslate.com\/fr\/wp-json\/wp\/v2\/pages\/6"}],"wp:attachment":[{"href":"https:\/\/www.wpautotranslate.com\/fr\/wp-json\/wp\/v2\/media?parent=12"}],"curies":[{"name":"wp","href":"https:\/\/api.w.org\/{rel}","templated":true}]}}