{"id":64,"date":"2022-03-25T11:45:24","date_gmt":"2022-03-25T10:45:24","guid":{"rendered":"https:\/\/www.wpautotranslate.com\/es\/?page_id=64"},"modified":"2022-04-20T11:35:26","modified_gmt":"2022-04-20T09:35:26","slug":"traduccion-taxonommia","status":"publish","type":"page","link":"https:\/\/www.wpautotranslate.com\/es\/documentacion\/traduccion-taxonommia\/","title":{"rendered":"Traducci\u00f3n de una taxonom\u00eda, etiqueta o categor\u00eda"},"content":{"rendered":"\n<p>Si quieres traducir, por ejemplo, una Categor\u00eda debes ir al \u00e1rea de categor\u00edas del idioma de origen que utilizes para la traducci\u00f3n. En este ejemplo vamos a crear una categor\u00eda (en espa\u00f1ol) y la vamos a traducir a 3 idiomas al mismo tiempo: catal\u00e1n, ingl\u00e9s y franc\u00e9s.<\/p>\n\n\n\n<p>Lo primero, es ir a la secci\u00f3n de <strong>Categor\u00edas<\/strong> y rellenar una nueva.<\/p>\n\n\n\n<div class=\"wp-block-image\"><figure class=\"aligncenter size-full\"><img decoding=\"async\" src=\"https:\/\/www.wpautotranslate.com\/wp-content\/uploads\/2020\/10\/taxonomy-01.png\" alt=\"\" class=\"wp-image-2894\" \/><\/figure><\/div>\n\n\n\n<p>Selecciona la opci\u00f3n de editar para introducir tu archivo.<\/p>\n\n\n\n<div class=\"wp-block-image\"><figure class=\"aligncenter size-full\"><img decoding=\"async\" src=\"https:\/\/www.wpautotranslate.com\/wp-content\/uploads\/2020\/10\/taxonomy-02.png\" alt=\"\" class=\"wp-image-2895\" \/><\/figure><\/div>\n\n\n\n<p>Activa todos los idiomas que quieras traducir y crea sus correspondientes categor\u00edas. Se traducir\u00e1 el t\u00edtulo, la slug y la descripci\u00f3n.<\/p>\n\n\n\n<div class=\"wp-block-image\"><figure class=\"aligncenter size-full\"><img decoding=\"async\" src=\"https:\/\/www.wpautotranslate.com\/wp-content\/uploads\/2020\/10\/taxonomy-03.png\" alt=\"\" class=\"wp-image-2896\" \/><\/figure><\/div>\n\n\n\n<p>Una vez creados, podr\u00e1s acceder a ellos directamente desde el enlace de cada idioma.<\/p>\n\n\n\n<div class=\"wp-block-image\"><figure class=\"aligncenter size-full\"><img decoding=\"async\" src=\"https:\/\/www.wpautotranslate.com\/wp-content\/uploads\/2020\/10\/taxonomy-04.png\" alt=\"\" class=\"wp-image-2897\" \/><\/figure><\/div>\n\n\n\n<p>All\u00ed podr\u00e1s ver los elementos traducidos<\/p>\n\n\n\n<div class=\"wp-block-image\"><figure class=\"aligncenter size-full\"><img decoding=\"async\" src=\"https:\/\/www.wpautotranslate.com\/wp-content\/uploads\/2020\/10\/taxonomy-05.png\" alt=\"\" class=\"wp-image-2898\" \/><\/figure><\/div>\n\n\n\n<p><\/p>\n","protected":false},"excerpt":{"rendered":"<p>Si queremos traducir una Categor\u00eda (por ejemplo) iremos al \u00e1rea de categor\u00edas del idioma de origen que utilizaremos para la traducci\u00f3n. En este ejemplo vamos a crear una categor\u00eda (en castellano) y la vamos a traducir a 3 idiomas a la vez: catal\u00e1n, ingl\u00e9s&#8230; <a title=\"Traducci\u00f3n de una taxonom\u00eda, etiqueta o categor\u00eda\" class=\"read-more\" href=\"https:\/\/www.wpautotranslate.com\/en\/wpautotranslate\/translate-taxonomy\/\" aria-label=\"M\u00e1s informaci\u00f3n sobre la traducci\u00f3n de una taxonom\u00eda, etiqueta o categor\u00eda\">Leer m\u00e1s<\/a><\/p>\n","protected":false},"author":1,"featured_media":0,"parent":173,"menu_order":53,"comment_status":"closed","ping_status":"closed","template":"","meta":{"_seopress_robots_primary_cat":"","_seopress_titles_title":"","_seopress_titles_desc":"","_seopress_robots_index":"","inline_featured_image":false,"footnotes":""},"class_list":["post-64","page","type-page","status-publish"],"_links":{"self":[{"href":"https:\/\/www.wpautotranslate.com\/es\/wp-json\/wp\/v2\/pages\/64","targetHints":{"allow":["GET"]}}],"collection":[{"href":"https:\/\/www.wpautotranslate.com\/es\/wp-json\/wp\/v2\/pages"}],"about":[{"href":"https:\/\/www.wpautotranslate.com\/es\/wp-json\/wp\/v2\/types\/page"}],"author":[{"embeddable":true,"href":"https:\/\/www.wpautotranslate.com\/es\/wp-json\/wp\/v2\/users\/1"}],"replies":[{"embeddable":true,"href":"https:\/\/www.wpautotranslate.com\/es\/wp-json\/wp\/v2\/comments?post=64"}],"version-history":[{"count":3,"href":"https:\/\/www.wpautotranslate.com\/es\/wp-json\/wp\/v2\/pages\/64\/revisions"}],"predecessor-version":[{"id":278,"href":"https:\/\/www.wpautotranslate.com\/es\/wp-json\/wp\/v2\/pages\/64\/revisions\/278"}],"up":[{"embeddable":true,"href":"https:\/\/www.wpautotranslate.com\/es\/wp-json\/wp\/v2\/pages\/173"}],"wp:attachment":[{"href":"https:\/\/www.wpautotranslate.com\/es\/wp-json\/wp\/v2\/media?parent=64"}],"curies":[{"name":"wp","href":"https:\/\/api.w.org\/{rel}","templated":true}]}}