{"id":58,"date":"2022-03-25T11:52:04","date_gmt":"2022-03-25T10:52:04","guid":{"rendered":"https:\/\/www.wpautotranslate.com\/es\/?page_id=58"},"modified":"2022-04-19T17:25:25","modified_gmt":"2022-04-19T15:25:25","slug":"softcatala","status":"publish","type":"page","link":"https:\/\/www.wpautotranslate.com\/es\/documentacion\/configuracion-api\/softcatala\/","title":{"rendered":"Softcatal\u00e0"},"content":{"rendered":"\n<p>Para utilizar las traducciones de Softcatal\u00e0 no necesitas ning\u00fan tipo de API ni nada por el estilo.<\/p>\n\n\n\n<p>Cabe destacar que Softcatal\u00e0 es una comunidad que promueve el catal\u00e1n y que no todos los idiomas est\u00e1n disponibles, y solo se recomienda el uso de esta plataforma a la hora de traducir del catal\u00e1n.<\/p>\n","protected":false},"excerpt":{"rendered":"<p>Para utilizar las traducciones de Softcatal\u00e0 no necesitas ning\u00fan tipo de API ni nada por el estilo. Cabe destacar que Softcatal\u00e0 es una comunidad que promueve el catal\u00e1n y que no todos los idiomas est\u00e1n disponibles, y solo recomienda el uso de esta plataforma a la hora de traducir del catal\u00e1n.<\/p>\n","protected":false},"author":1,"featured_media":0,"parent":180,"menu_order":30,"comment_status":"closed","ping_status":"closed","template":"","meta":{"_seopress_robots_primary_cat":"","_seopress_titles_title":"","_seopress_titles_desc":"","_seopress_robots_index":"","inline_featured_image":false,"footnotes":""},"class_list":["post-58","page","type-page","status-publish"],"_links":{"self":[{"href":"https:\/\/www.wpautotranslate.com\/es\/wp-json\/wp\/v2\/pages\/58","targetHints":{"allow":["GET"]}}],"collection":[{"href":"https:\/\/www.wpautotranslate.com\/es\/wp-json\/wp\/v2\/pages"}],"about":[{"href":"https:\/\/www.wpautotranslate.com\/es\/wp-json\/wp\/v2\/types\/page"}],"author":[{"embeddable":true,"href":"https:\/\/www.wpautotranslate.com\/es\/wp-json\/wp\/v2\/users\/1"}],"replies":[{"embeddable":true,"href":"https:\/\/www.wpautotranslate.com\/es\/wp-json\/wp\/v2\/comments?post=58"}],"version-history":[{"count":2,"href":"https:\/\/www.wpautotranslate.com\/es\/wp-json\/wp\/v2\/pages\/58\/revisions"}],"predecessor-version":[{"id":271,"href":"https:\/\/www.wpautotranslate.com\/es\/wp-json\/wp\/v2\/pages\/58\/revisions\/271"}],"up":[{"embeddable":true,"href":"https:\/\/www.wpautotranslate.com\/es\/wp-json\/wp\/v2\/pages\/180"}],"wp:attachment":[{"href":"https:\/\/www.wpautotranslate.com\/es\/wp-json\/wp\/v2\/media?parent=58"}],"curies":[{"name":"wp","href":"https:\/\/api.w.org\/{rel}","templated":true}]}}