{"id":191,"date":"2022-03-25T12:17:02","date_gmt":"2022-03-25T11:17:02","guid":{"rendered":"https:\/\/www.wpautotranslate.com\/es\/?page_id=91"},"modified":"2022-04-21T17:46:34","modified_gmt":"2022-04-21T15:46:34","slug":"afiliacion","status":"publish","type":"page","link":"https:\/\/www.wpautotranslate.com\/es\/afiliacion\/","title":{"rendered":"Afiliaci\u00f3n"},"content":{"rendered":"\n<p>Disponemos de un programa de afiliados para todos aquellos que quieran promocionar la venta del plugin y sus renovaciones o actualizaciones.<\/p>\n\n\n\n<p>De esta forma, por cada venta que se realice tendr\u00e1 una tasa de comisi\u00f3n del 10% para el afiliado que la promueva.<\/p>\n\n\n\n<p>Para participar en el programa de afiliados puedes <a aria-label=\"register on our site (opens in a new tab)\" class=\"rank-math-link\" href=\"https:\/\/www.wpautotranslate.com\/affiliate-area\/\" target=\"_blank\" rel=\"noreferrer noopener\">registrarse en nuestro sitio<\/a>.<\/p>\n\n\n\n<div class=\"wp-block-image\"><figure class=\"aligncenter size-full\"><img decoding=\"async\" src=\"https:\/\/www.wpautotranslate.com\/wp-content\/uploads\/2020\/11\/affiliate-3.png\" alt=\"\" class=\"wp-image-3006\" \/><\/figure><\/div>\n\n\n\n<p>Y una vez all\u00ed podr\u00e1s ver la informaci\u00f3n necesaria para generar la URL de promoci\u00f3n del producto.<\/p>\n\n\n\n<div class=\"wp-block-image\"><figure class=\"aligncenter size-full\"><img decoding=\"async\" src=\"https:\/\/www.wpautotranslate.com\/wp-content\/uploads\/2020\/11\/affiliate-1.png\" alt=\"\" class=\"wp-image-3003\" \/><\/figure><\/div>\n\n\n\n<p>As\u00ed como los datos estad\u00edsticos.<\/p>\n\n\n\n<div class=\"wp-block-image\"><figure class=\"aligncenter size-full\"><img decoding=\"async\" src=\"https:\/\/www.wpautotranslate.com\/wp-content\/uploads\/2020\/11\/affiliate-2.png\" alt=\"\" class=\"wp-image-3004\" \/><\/figure><\/div>\n\n\n\n<p>Te pagaremos cuando llegues a 50\u20ac trimestralmente. <\/p>\n","protected":false},"excerpt":{"rendered":"<p>Disponemos de un programa de afiliados para todos aquellos que quieran promocionar la venta del plugin y sus renovaciones o actualizaciones. Es por eso que por cada venta que se realice tendr\u00e1 una tasa de comisi\u00f3n del 10% para el afiliado que la promueva. Para participar en el programa de afiliados puedes registrarte en nuestro &#8230; <a title=\"Affiliation\" class=\"read-more\" href=\"https:\/\/www.wpautotranslate.com\/en\/affiliation\/\" aria-label=\"More on Affiliation\">Leer m\u00e1s<\/a><\/p>\n","protected":false},"author":1,"featured_media":0,"parent":0,"menu_order":50,"comment_status":"closed","ping_status":"closed","template":"","meta":{"_seopress_robots_primary_cat":"","_seopress_titles_title":"","_seopress_titles_desc":"","_seopress_robots_index":"","inline_featured_image":false,"footnotes":""},"class_list":["post-191","page","type-page","status-publish"],"_links":{"self":[{"href":"https:\/\/www.wpautotranslate.com\/es\/wp-json\/wp\/v2\/pages\/191","targetHints":{"allow":["GET"]}}],"collection":[{"href":"https:\/\/www.wpautotranslate.com\/es\/wp-json\/wp\/v2\/pages"}],"about":[{"href":"https:\/\/www.wpautotranslate.com\/es\/wp-json\/wp\/v2\/types\/page"}],"author":[{"embeddable":true,"href":"https:\/\/www.wpautotranslate.com\/es\/wp-json\/wp\/v2\/users\/1"}],"replies":[{"embeddable":true,"href":"https:\/\/www.wpautotranslate.com\/es\/wp-json\/wp\/v2\/comments?post=191"}],"version-history":[{"count":3,"href":"https:\/\/www.wpautotranslate.com\/es\/wp-json\/wp\/v2\/pages\/191\/revisions"}],"predecessor-version":[{"id":297,"href":"https:\/\/www.wpautotranslate.com\/es\/wp-json\/wp\/v2\/pages\/191\/revisions\/297"}],"wp:attachment":[{"href":"https:\/\/www.wpautotranslate.com\/es\/wp-json\/wp\/v2\/media?parent=191"}],"curies":[{"name":"wp","href":"https:\/\/api.w.org\/{rel}","templated":true}]}}