{"id":190,"date":"2022-03-25T12:15:47","date_gmt":"2022-03-25T11:15:47","guid":{"rendered":"https:\/\/www.wpautotranslate.com\/es\/?page_id=87"},"modified":"2022-04-21T17:33:29","modified_gmt":"2022-04-21T15:33:29","slug":"cuenta","status":"publish","type":"page","link":"https:\/\/www.wpautotranslate.com\/es\/cuenta\/","title":{"rendered":"Mi Cuenta \/ Registro"},"content":{"rendered":"\n<p>Cuando accedes a tu cuenta desde el men\u00fa de navegaci\u00f3n, puedes acceder a <a href=\"https:\/\/www.wpautotranslate.com\/my-account\/\" data-type=\"URL\" data-id=\"https:\/\/www.wpautotranslate.com\/my-account\/\">tu cuenta<\/a> (si ya existe) o <a href=\"https:\/\/www.wpautotranslate.com\/my-account\/\" data-type=\"URL\" data-id=\"https:\/\/www.wpautotranslate.com\/my-account\/\">crear una nueva<\/a>.<\/p>\n\n\n\n<div class=\"wp-block-image\"><figure class=\"aligncenter size-full\"><img decoding=\"async\" src=\"https:\/\/www.wpautotranslate.com\/wp-content\/uploads\/2020\/11\/account-login.png\" alt=\"\" class=\"wp-image-3014\" \/><\/figure><\/div>\n\n\n\n<p>Solo necesitar\u00e1s introducir un nombre de usuario, una cuenta de correo electr\u00f3nico y la contrase\u00f1a que deseas usar.<\/p>\n\n\n\n<div class=\"wp-block-image\"><figure class=\"aligncenter size-full\"><img decoding=\"async\" src=\"https:\/\/www.wpautotranslate.com\/wp-content\/uploads\/2020\/11\/account-new.png\" alt=\"\" class=\"wp-image-3015\" \/><\/figure><\/div>\n\n\n\n<p>En caso de que no recuerdes tu contrase\u00f1a, puedes usar el bot\u00f3n de <a href=\"https:\/\/www.wpautotranslate.com\/my-account\/lost-password\/\" data-type=\"URL\" data-id=\"https:\/\/www.wpautotranslate.com\/my-account\/lost-password\/\" target=\"_blank\" rel=\"noreferrer noopener\">contrase\u00f1a perdida<\/a><\/p>\n\n\n\n<div class=\"wp-block-image\"><figure class=\"aligncenter size-large\"><img decoding=\"async\" src=\"https:\/\/www.wpautotranslate.com\/wp-content\/uploads\/2020\/11\/account-forgot.png\" alt=\"\" class=\"wp-image-3016\" \/><\/figure><\/div>\n\n\n\n<p><\/p>\n","protected":false},"excerpt":{"rendered":"<p>Cuando accede a Su cuenta desde el men\u00fa de navegaci\u00f3n, puede acceder a su cuenta (si ya existe) o crear una nueva. Solo necesitar\u00e1 ingresar un nombre de usuario, una cuenta de correo electr\u00f3nico y la contrase\u00f1a que desea usar. En caso de que no recuerde su contrase\u00f1a, \u00bfpuede usar la contrase\u00f1a perdida?<\/p>\n","protected":false},"author":1,"featured_media":0,"parent":0,"menu_order":40,"comment_status":"closed","ping_status":"closed","template":"","meta":{"_seopress_robots_primary_cat":"","_seopress_titles_title":"","_seopress_titles_desc":"","_seopress_robots_index":"","inline_featured_image":false,"footnotes":""},"class_list":["post-190","page","type-page","status-publish"],"_links":{"self":[{"href":"https:\/\/www.wpautotranslate.com\/es\/wp-json\/wp\/v2\/pages\/190","targetHints":{"allow":["GET"]}}],"collection":[{"href":"https:\/\/www.wpautotranslate.com\/es\/wp-json\/wp\/v2\/pages"}],"about":[{"href":"https:\/\/www.wpautotranslate.com\/es\/wp-json\/wp\/v2\/types\/page"}],"author":[{"embeddable":true,"href":"https:\/\/www.wpautotranslate.com\/es\/wp-json\/wp\/v2\/users\/1"}],"replies":[{"embeddable":true,"href":"https:\/\/www.wpautotranslate.com\/es\/wp-json\/wp\/v2\/comments?post=190"}],"version-history":[{"count":3,"href":"https:\/\/www.wpautotranslate.com\/es\/wp-json\/wp\/v2\/pages\/190\/revisions"}],"predecessor-version":[{"id":294,"href":"https:\/\/www.wpautotranslate.com\/es\/wp-json\/wp\/v2\/pages\/190\/revisions\/294"}],"wp:attachment":[{"href":"https:\/\/www.wpautotranslate.com\/es\/wp-json\/wp\/v2\/media?parent=190"}],"curies":[{"name":"wp","href":"https:\/\/api.w.org\/{rel}","templated":true}]}}