{"id":189,"date":"2022-03-25T11:46:08","date_gmt":"2022-03-25T10:46:08","guid":{"rendered":"https:\/\/www.wpautotranslate.com\/es\/?page_id=68"},"modified":"2022-04-21T17:20:28","modified_gmt":"2022-04-21T15:20:28","slug":"instalacion","status":"publish","type":"page","link":"https:\/\/www.wpautotranslate.com\/es\/instalacion\/","title":{"rendered":"Instalaci\u00f3n de WPAutoTranslate desde cero"},"content":{"rendered":"\n<p>Este tutorial te mostrar\u00e1 c\u00f3mo tener un sitio de WordPress en varios idiomas y obtener las traducciones f\u00e1cilmente con WordPress AutoTranslate.<\/p>\n\n\n\n<h2 class=\"wp-block-heading\">Requisitos<\/h2>\n\n\n\n<ul class=\"wp-block-list\"><li>Servidor<\/li><li>WordPress<\/li><li>MultilingualPress (plugin)<\/li><li>WP AutoTranslate para MultilingualPress (plugin)<\/li><li>Clave de la API de Microsoft Translate<\/li><\/ul>\n\n\n\n<h2 class=\"wp-block-heading\">Instalaci\u00f3n<\/h2>\n\n\n\n<p>Lo primero que debes hacer es crear tu nuevo WordPress, uno normal. Ya hemos configurado los datos de la base de datos anteriormente. Tu alojamiento puede tener la opci\u00f3n de instalaci\u00f3n \u00abcon un solo clic\u00bb. \u00a1Puedes usarlo!<\/p>\n\n\n\n<p>Cuando entres en el sitio, lo primero que se te pedir\u00e1 es el idioma principal que vamos a utilizar. En este caso, nuestro idioma principal ser\u00e1 el ingl\u00e9s.<\/p>\n\n\n\n<p>Rellena el nombre del sitio, el usuario administrador principal, la contrase\u00f1a y la cuenta de correo electr\u00f3nico. Entonces, haz clic en Instalar WordPress.<\/p>\n\n\n\n<figure class=\"wp-block-video aligncenter\"><video controls src=\"https:\/\/www.wpautotranslate.com\/wp-content\/uploads\/2020\/11\/v001-1.mp4\"><\/video><\/figure>\n\n\n\n<h2 class=\"wp-block-heading\">Configuraci\u00f3n<\/h2>\n\n\n\n<p>A continuaci\u00f3n, hay que activar la posibilidad de que nuestro sitio sea un WordPress Multisite. Introduciremos nuestro archivo wp-config.php (v\u00eda FTP o el sistema que queramos) y a\u00f1adir la siguiente l\u00ednea.<\/p>\n\n\n\n<pre class=\"wp-block-code\"><code>define( 'WP_ALLOW_MULTISITE', true );<\/code><\/pre>\n\n\n\n<div class=\"wp-block-image\"><figure class=\"aligncenter size-full\"><img decoding=\"async\" src=\"https:\/\/www.wpautotranslate.com\/wp-content\/uploads\/2020\/11\/v002-1.png\" alt=\"\" class=\"wp-image-3052\" \/><\/figure><\/div>\n\n\n\n<p>Cuando hayamos actualizado el archivo de configuraci\u00f3n de WordPress, entraremos en WordPress y activaremos el sistema WordPress MultiSite.<\/p>\n\n\n\n<p>Accede a WordPress y, una vez all\u00ed, haz click a la opci\u00f3n Herramientas en el men\u00fa y dentro de Configuraci\u00f3n de Red.<\/p>\n\n\n\n<p>Elegire entre subdominios o carpetas, pondremos el nombre que queramos a la red y al correo principal.<\/p>\n\n\n\n<p>Una vez creado, te dar\u00e1 instrucciones para a\u00f1adir a tu wp-config.php y a tu .htaccess.<\/p>\n\n\n\n<figure class=\"wp-block-video aligncenter\"><video controls src=\"https:\/\/www.wpautotranslate.com\/wp-content\/uploads\/2020\/11\/v003-1.mp4\"><\/video><\/figure>\n\n\n\n<p>A\u00f1ade aqu\u00ed la informaci\u00f3n a wp-config.php como sigue<\/p>\n\n\n\n<div class=\"wp-block-image\"><figure class=\"aligncenter size-full\"><img decoding=\"async\" src=\"https:\/\/www.wpautotranslate.com\/wp-content\/uploads\/2020\/11\/v004.png\" alt=\"\" class=\"wp-image-3055\" \/><\/figure><\/div>\n\n\n\n<p>A\u00f1ade la informaci\u00f3n al .htaccess como sigue<\/p>\n\n\n\n<div class=\"wp-block-image\"><figure class=\"aligncenter size-full\"><img decoding=\"async\" src=\"https:\/\/www.wpautotranslate.com\/wp-content\/uploads\/2020\/11\/v005.png\" alt=\"\" class=\"wp-image-3056\" \/><\/figure><\/div>\n\n\n\n<p>Una vez actualizados los archivos, vuelve al panel. Normalmente, se te cerrar\u00e1 la sesi\u00f3n y se lt pedir\u00e1 que introduzcas de nuevo tu nombre de usuario y contrase\u00f1a. Una vez entres, ya estar\u00e1s en la instalaci\u00f3n de WordPress MultiSite, aunque solo un sitio (el principal).<\/p>\n\n\n\n<figure class=\"wp-block-video aligncenter\"><video controls src=\"https:\/\/www.wpautotranslate.com\/wp-content\/uploads\/2020\/11\/v006-1.mp4\"><\/video><\/figure>\n\n\n\n<h2 class=\"wp-block-heading\">MultilingualPress<\/h2>\n\n\n\n<p>Antes de crear los nuevos sitios, instala MultilingualPress, el plugin que permite atribuir idiomas y relaciones entre los diferentes sitios. Una vez instalado, act\u00edvalo para que sea funcional.<\/p>\n\n\n\n<figure class=\"wp-block-video aligncenter\"><video controls src=\"https:\/\/www.wpautotranslate.com\/wp-content\/uploads\/2020\/11\/v007-1.mp4\"><\/video><\/figure>\n\n\n\n<h2 class=\"wp-block-heading\">Creaci\u00f3n de sitios<\/h2>\n\n\n\n<p>Ahora es el momento de crear los diferentes sitios. En este caso, crearemos un sitio en ingl\u00e9s, espa\u00f1ol, franc\u00e9s y alem\u00e1n (el video solo muestra el \u00faltimo creado).<\/p>\n\n\n\n<figure class=\"wp-block-video aligncenter\"><video controls src=\"https:\/\/www.wpautotranslate.com\/wp-content\/uploads\/2020\/11\/v008-1.mp4\"><\/video><\/figure>\n\n\n\n<h2 class=\"wp-block-heading\">WP AutoTranslate<\/h2>\n\n\n\n<p>Ahora que has creado todos los sitios, instala WordPress AutoTranslate para MultilingualPress. Debes a\u00f1adir el plugin a nivel de red y activarlo.<\/p>\n\n\n\n<figure class=\"wp-block-video aligncenter\"><video controls src=\"https:\/\/www.wpautotranslate.com\/wp-content\/uploads\/2020\/11\/v009-1.mp4\"><\/video><\/figure>\n\n\n\n<p>Ahora hay que establecer uno de los proveedores de traducci\u00f3n. En este caso, vamos a usar Microsoft (hay <a href=\"https:\/\/www.wpautotranslate.com\/en\/wpautotranslate\/provider\/microsoft\/\" data-type=\"URL\" data-id=\"https:\/\/www.wpautotranslate.com\/en\/wpautotranslate\/provider\/microsoft\/\" target=\"_blank\" rel=\"noreferrer noopener\">seguir los pasos para obtener los datos de la API<\/a>). Una vez que configuramos la API de Microsoft, la activamos como el principal proveedor de traducci\u00f3n.<\/p>\n\n\n\n<figure class=\"wp-block-video aligncenter\"><video controls src=\"https:\/\/www.wpautotranslate.com\/wp-content\/uploads\/2020\/11\/v010-3.mp4\"><\/video><\/figure>\n\n\n\n<h2 class=\"wp-block-heading\">Traducir contenido<\/h2>\n\n\n\n<p>Ahora que lo tienes todo, vamos a crear una nueva categor\u00eda para nuestras publicaciones. Crea la categor\u00eda e introd\u00facela para seleccionar los idiomas a los que quieres que se traduzcan. Podr\u00e1s acceder a algunos de ellos para comprobar que se ha traducido correctamente.<\/p>\n\n\n\n<p>Podemos ir a cualquiera de los 4 idiomas que hemos creado para realizar la traducci\u00f3n, no tiene por qu\u00e9 ser el idioma principal de la instalaci\u00f3n. En este caso nuestro objetivo es traducir el Quijote del espa\u00f1ol a otros idiomas, por lo que vamos a utilizar el espa\u00f1ol como lengua inicial.<\/p>\n\n\n\n<figure class=\"wp-block-video aligncenter\"><video controls src=\"https:\/\/www.wpautotranslate.com\/wp-content\/uploads\/2020\/11\/v011-1.mp4\"><\/video><\/figure>\n\n\n\n<p>Ahora que tenemos la categor\u00eda, agreguemos el comienzo del primer cap\u00edtulo como un Post. Del mismo modo, lo traduciremos a los dem\u00e1s idiomas.<\/p>\n\n\n\n<figure class=\"wp-block-video aligncenter\"><video controls src=\"https:\/\/www.wpautotranslate.com\/wp-content\/uploads\/2020\/11\/v012-1.mp4\"><\/video><\/figure>\n\n\n\n<h2 class=\"wp-block-heading\">Fin<\/h2>\n\n\n\n<p>\u00a1Y eso es todo! Tienes todo listo para configurar tu red de sitios en varios idiomas de una manera f\u00e1cil y sencilla.<\/p>\n","protected":false},"excerpt":{"rendered":"<p>Este tutorial le mostrar\u00e1 c\u00f3mo tener un sitio de WordPress en varios idiomas y facilitar las traducciones con WordPress AutoTranslate. Requisitos Alojamiento WordPress MultilingualPress (plugin) WP AutoTranslate for MultilingualPress (plugin) Microsoft Translate API Key Installation Lo primero que haremos ser\u00e1 crear nuestro nuevo WordPress, uno normal. Ya hemos configurado la base de datos&#8230; <a title=\"Instalaci\u00f3n de WPAutoTranslate desde cero\" class=\"read-more\" href=\"https:\/\/www.wpautotranslate.com\/en\/install\/\" aria-label=\"M\u00e1s informaci\u00f3n sobre la instalaci\u00f3n de WPAutoTranslate desde cero\">Leer m\u00e1s<\/a><\/p>\n","protected":false},"author":1,"featured_media":0,"parent":0,"menu_order":30,"comment_status":"closed","ping_status":"closed","template":"","meta":{"_seopress_robots_primary_cat":"","_seopress_titles_title":"","_seopress_titles_desc":"","_seopress_robots_index":"","inline_featured_image":false,"footnotes":""},"class_list":["post-189","page","type-page","status-publish"],"_links":{"self":[{"href":"https:\/\/www.wpautotranslate.com\/es\/wp-json\/wp\/v2\/pages\/189","targetHints":{"allow":["GET"]}}],"collection":[{"href":"https:\/\/www.wpautotranslate.com\/es\/wp-json\/wp\/v2\/pages"}],"about":[{"href":"https:\/\/www.wpautotranslate.com\/es\/wp-json\/wp\/v2\/types\/page"}],"author":[{"embeddable":true,"href":"https:\/\/www.wpautotranslate.com\/es\/wp-json\/wp\/v2\/users\/1"}],"replies":[{"embeddable":true,"href":"https:\/\/www.wpautotranslate.com\/es\/wp-json\/wp\/v2\/comments?post=189"}],"version-history":[{"count":4,"href":"https:\/\/www.wpautotranslate.com\/es\/wp-json\/wp\/v2\/pages\/189\/revisions"}],"predecessor-version":[{"id":291,"href":"https:\/\/www.wpautotranslate.com\/es\/wp-json\/wp\/v2\/pages\/189\/revisions\/291"}],"wp:attachment":[{"href":"https:\/\/www.wpautotranslate.com\/es\/wp-json\/wp\/v2\/media?parent=189"}],"curies":[{"name":"wp","href":"https:\/\/api.w.org\/{rel}","templated":true}]}}