{"id":188,"date":"2022-03-25T11:47:25","date_gmt":"2022-03-25T10:47:25","guid":{"rendered":"https:\/\/www.wpautotranslate.com\/es\/?page_id=66"},"modified":"2022-04-20T12:09:35","modified_gmt":"2022-04-20T10:09:35","slug":"traducir-entradas-paginas","status":"publish","type":"page","link":"https:\/\/www.wpautotranslate.com\/es\/documentacion\/traducir-entradas-paginas\/","title":{"rendered":"Traducci\u00f3n de una entrada, p\u00e1gina o Custom Post Type"},"content":{"rendered":"\n<p>Si quieres traducir, por ejemplo, un post debes ir al \u00e1rea de post del idioma de origen que vayas a utilizar para la traducci\u00f3n. En este ejemplo vamos a crear un post en espa\u00f1ol y lo vamos a traducir a 3 idiomas al mismo tiempo: catal\u00e1n, ingl\u00e9s y franc\u00e9s.<\/p>\n\n\n\n<p>Lo primero, es ir a la secci\u00f3n del post y rellenar una nueva.<\/p>\n\n\n\n<div class=\"wp-block-image\"><figure class=\"aligncenter size-full\"><img decoding=\"async\" src=\"https:\/\/www.wpautotranslate.com\/wp-content\/uploads\/2020\/10\/post-01.png\" alt=\"\" class=\"wp-image-2901\" \/><\/figure><\/div>\n\n\n\n<p>Activa todos los idiomas que quieras traducir y crea sus correspondientes categor\u00edas. El t\u00edtulo, el slug, el extracto y la descripci\u00f3n ser\u00e1n traducidos autom\u00e1ticamente.<\/p>\n\n\n\n<div class=\"wp-block-image\"><figure class=\"aligncenter size-full\"><img decoding=\"async\" src=\"https:\/\/www.wpautotranslate.com\/wp-content\/uploads\/2020\/10\/post-02.png\" alt=\"\" class=\"wp-image-2902\" \/><\/figure><\/div>\n\n\n\n<p>Una vez creados (publicados o borradores), se puede acceder a ellos directamente desde el enlace de cada idioma.<\/p>\n\n\n\n<div class=\"wp-block-image\"><figure class=\"aligncenter size-full\"><img decoding=\"async\" src=\"https:\/\/www.wpautotranslate.com\/wp-content\/uploads\/2020\/10\/post-03.png\" alt=\"\" class=\"wp-image-2903\" \/><\/figure><\/div>\n\n\n\n<p>All\u00ed podr\u00e1s ver los elementos traducidos.<\/p>\n\n\n\n<div class=\"wp-block-image\"><figure class=\"aligncenter size-full\"><img decoding=\"async\" src=\"https:\/\/www.wpautotranslate.com\/wp-content\/uploads\/2020\/10\/post-04.png\" alt=\"\" class=\"wp-image-2904\" \/><\/figure><\/div>\n\n\n\n<p>\n","protected":false},"excerpt":{"rendered":"<p>Si queremos traducir un post (por ejemplo) iremos al \u00e1rea de post del idioma de origen que vamos a utilizar para la traducci\u00f3n. En este ejemplo vamos a crear un post (en espa\u00f1ol) y lo vamos a traducir a 3 idiomas al mismo tiempo: &#8230; <a title=\"Traducci\u00f3n de una publicaci\u00f3n, p\u00e1gina o tipo de publicaci\u00f3n personalizada\" class=\"read-more\" href=\"https:\/\/www.wpautotranslate.com\/en\/wpautotranslate\/translate-post\/\" aria-label=\"M\u00e1s informaci\u00f3n sobre la traducci\u00f3n de una publicaci\u00f3n, p\u00e1gina o tipo de publicaci\u00f3n personalizada\">Leer m\u00e1s<\/a><\/p>\n","protected":false},"author":1,"featured_media":0,"parent":173,"menu_order":55,"comment_status":"closed","ping_status":"closed","template":"","meta":{"_seopress_robots_primary_cat":"","_seopress_titles_title":"","_seopress_titles_desc":"","_seopress_robots_index":"","inline_featured_image":false,"footnotes":""},"class_list":["post-188","page","type-page","status-publish"],"_links":{"self":[{"href":"https:\/\/www.wpautotranslate.com\/es\/wp-json\/wp\/v2\/pages\/188","targetHints":{"allow":["GET"]}}],"collection":[{"href":"https:\/\/www.wpautotranslate.com\/es\/wp-json\/wp\/v2\/pages"}],"about":[{"href":"https:\/\/www.wpautotranslate.com\/es\/wp-json\/wp\/v2\/types\/page"}],"author":[{"embeddable":true,"href":"https:\/\/www.wpautotranslate.com\/es\/wp-json\/wp\/v2\/users\/1"}],"replies":[{"embeddable":true,"href":"https:\/\/www.wpautotranslate.com\/es\/wp-json\/wp\/v2\/comments?post=188"}],"version-history":[{"count":3,"href":"https:\/\/www.wpautotranslate.com\/es\/wp-json\/wp\/v2\/pages\/188\/revisions"}],"predecessor-version":[{"id":282,"href":"https:\/\/www.wpautotranslate.com\/es\/wp-json\/wp\/v2\/pages\/188\/revisions\/282"}],"up":[{"embeddable":true,"href":"https:\/\/www.wpautotranslate.com\/es\/wp-json\/wp\/v2\/pages\/173"}],"wp:attachment":[{"href":"https:\/\/www.wpautotranslate.com\/es\/wp-json\/wp\/v2\/media?parent=188"}],"curies":[{"name":"wp","href":"https:\/\/api.w.org\/{rel}","templated":true}]}}