{"id":186,"date":"2022-03-25T11:52:34","date_gmt":"2022-03-25T10:52:34","guid":{"rendered":"https:\/\/www.wpautotranslate.com\/es\/?page_id=60"},"modified":"2022-04-19T23:12:15","modified_gmt":"2022-04-19T21:12:15","slug":"yandex","status":"publish","type":"page","link":"https:\/\/www.wpautotranslate.com\/es\/documentacion\/configuracion-api\/yandex\/","title":{"rendered":"Yandex"},"content":{"rendered":"\n<p>Para utilizar la traducci\u00f3n de Yandex necesitas una cuenta dentro de tu Yandex Cloud, y aqu\u00ed la creaci\u00f3n de una instancia del sistema de <strong>Traducci\u00f3n<\/strong>.<\/p>\n\n\n\n<p>Cuando creas una cuenta en tu nube, crea autom\u00e1ticamente <a aria-label=\"creates an instance (opens in a new tab)\" class=\"rank-math-link\" href=\"https:\/\/console.cloud.yandex.com\/\" target=\"_blank\" rel=\"noreferrer noopener\">una instancia<\/a> que podemos usar para obtener la API. Aqu\u00ed ver\u00e1s nuestra nube, que es la Carpeta. Esta ser\u00e1 nuestra primera clave necesaria para utilizarlo.<\/p>\n\n\n\n<div class=\"wp-block-image\"><figure class=\"aligncenter size-full\"><img decoding=\"async\" src=\"https:\/\/www.wpautotranslate.com\/wp-content\/uploads\/2020\/10\/yandex-01.png\" alt=\"\" class=\"wp-image-2884\" \/><\/figure><\/div>\n\n\n\n<p>Una vez que la tengas, debes crear la Clave de la API para la instancia. Ahora, debes entrar en la subsecci\u00f3n.<\/p>\n\n\n\n<div class=\"wp-block-image\"><figure class=\"aligncenter size-full\"><img decoding=\"async\" src=\"https:\/\/www.wpautotranslate.com\/wp-content\/uploads\/2020\/10\/yandex-02.png\" alt=\"\" class=\"wp-image-2885\" \/><\/figure><\/div>\n\n\n\n<p>All\u00ed, deber\u00e1s seleccionar la opci\u00f3n <strong>Cuentas de Servicio<\/strong>.<\/p>\n\n\n\n<div class=\"wp-block-image\"><figure class=\"aligncenter size-full\"><img decoding=\"async\" src=\"https:\/\/www.wpautotranslate.com\/wp-content\/uploads\/2020\/10\/yandex-03.png\" alt=\"\" class=\"wp-image-2886\" \/><\/figure><\/div>\n\n\n\n<p>Y aqu\u00ed deber\u00e1s <strong>crear un nuevo servicio<\/strong>.<\/p>\n\n\n\n<div class=\"wp-block-image\"><figure class=\"aligncenter size-full\"><img decoding=\"async\" src=\"https:\/\/www.wpautotranslate.com\/wp-content\/uploads\/2020\/10\/yandex-04.png\" alt=\"\" class=\"wp-image-2887\" \/><\/figure><\/div>\n\n\n\n<p>Entonces, escribe el nombre y da los permisos de \u00abadministrador\u00bb.<\/p>\n\n\n\n<div class=\"wp-block-image\"><figure class=\"aligncenter size-full\"><img decoding=\"async\" src=\"https:\/\/www.wpautotranslate.com\/wp-content\/uploads\/2020\/10\/yandex-05.png\" alt=\"\" class=\"wp-image-2888\" \/><\/figure><\/div>\n\n\n\n<p>Una vez creada, haz click sobre la opci\u00f3n para crear una nueva clave, y esta ser\u00e1 de tipo <strong>clave de la API<\/strong>.<\/p>\n\n\n\n<div class=\"wp-block-image\"><figure class=\"aligncenter size-full\"><img decoding=\"async\" src=\"https:\/\/www.wpautotranslate.com\/wp-content\/uploads\/2020\/10\/yandex-06.png\" alt=\"\" class=\"wp-image-2889\" \/><\/figure><\/div>\n\n\n\n<p>En este momento se crear\u00e1 la clave de la API y la clave secreta. Estos son los dos datos necesarios restantes.<\/p>\n\n\n\n<div class=\"wp-block-image\"><figure class=\"aligncenter size-full\"><img decoding=\"async\" src=\"https:\/\/www.wpautotranslate.com\/wp-content\/uploads\/2020\/10\/yandex-07.png\" alt=\"\" class=\"wp-image-2890\" \/><\/figure><\/div>\n\n\n\n<p>Y ahora, con el ID de carpeta, la clave API y la clave secreta ve a la secci\u00f3n de Configuraci\u00f3n del plugin e incl\u00fayelos en la pesta\u00f1a <strong>Yandex<\/strong>.<\/p>\n\n\n\n<div class=\"wp-block-image\"><figure class=\"aligncenter size-full\"><img decoding=\"async\" src=\"https:\/\/www.wpautotranslate.com\/wp-content\/uploads\/2020\/10\/yandex-08.png\" alt=\"\" class=\"wp-image-2891\" \/><\/figure><\/div>\n\n\n\n<p>\n","protected":false},"excerpt":{"rendered":"<p>Para utilizar la traducci\u00f3n de Yandex necesitas una cuenta dentro de tu Yandex Cloud, y aqu\u00ed la creaci\u00f3n de una instancia del sistema Translate. Cuando crea una cuenta en su nube, crea autom\u00e1ticamente una instancia que podemos usar para obtener la API. Aqu\u00ed veremos nuestra nube, que es la Carpeta. &#8230; <a title=\"Yandex\" class=\"read-more\" href=\"https:\/\/www.wpautotranslate.com\/en\/wpautotranslate\/provider\/yandex\/\" aria-label=\"M\u00e1s sobre Yandex\">Leer m\u00e1s<\/a><\/p>\n","protected":false},"author":1,"featured_media":0,"parent":180,"menu_order":35,"comment_status":"closed","ping_status":"closed","template":"","meta":{"_seopress_robots_primary_cat":"","_seopress_titles_title":"","_seopress_titles_desc":"","_seopress_robots_index":"","inline_featured_image":false,"footnotes":""},"class_list":["post-186","page","type-page","status-publish"],"_links":{"self":[{"href":"https:\/\/www.wpautotranslate.com\/es\/wp-json\/wp\/v2\/pages\/186","targetHints":{"allow":["GET"]}}],"collection":[{"href":"https:\/\/www.wpautotranslate.com\/es\/wp-json\/wp\/v2\/pages"}],"about":[{"href":"https:\/\/www.wpautotranslate.com\/es\/wp-json\/wp\/v2\/types\/page"}],"author":[{"embeddable":true,"href":"https:\/\/www.wpautotranslate.com\/es\/wp-json\/wp\/v2\/users\/1"}],"replies":[{"embeddable":true,"href":"https:\/\/www.wpautotranslate.com\/es\/wp-json\/wp\/v2\/comments?post=186"}],"version-history":[{"count":2,"href":"https:\/\/www.wpautotranslate.com\/es\/wp-json\/wp\/v2\/pages\/186\/revisions"}],"predecessor-version":[{"id":273,"href":"https:\/\/www.wpautotranslate.com\/es\/wp-json\/wp\/v2\/pages\/186\/revisions\/273"}],"up":[{"embeddable":true,"href":"https:\/\/www.wpautotranslate.com\/es\/wp-json\/wp\/v2\/pages\/180"}],"wp:attachment":[{"href":"https:\/\/www.wpautotranslate.com\/es\/wp-json\/wp\/v2\/media?parent=186"}],"curies":[{"name":"wp","href":"https:\/\/api.w.org\/{rel}","templated":true}]}}