{"id":185,"date":"2022-03-25T11:50:30","date_gmt":"2022-03-25T10:50:30","guid":{"rendered":"https:\/\/www.wpautotranslate.com\/es\/?page_id=56"},"modified":"2022-06-28T15:59:27","modified_gmt":"2022-06-28T13:59:27","slug":"microsoft","status":"publish","type":"page","link":"https:\/\/www.wpautotranslate.com\/es\/documentacion\/configuracion-api\/microsoft\/","title":{"rendered":"Microsoft"},"content":{"rendered":"\n<h3 class=\"gb-headline gb-headline-545765af gb-headline-text\">C\u00f3mo obtener la clave API<\/h3>\n\n\n\n<p>Para usar la API de Microsoft necesitas una cuenta de Azure, donde obtendr\u00e1s la clave de la API y la regi\u00f3n en la que usar\u00e1s el sistema de traducci\u00f3n.<\/p>\n\n\n\n<p>Despu\u00e9s de crear una cuenta gratuita lo primero que tenemos que hacer es <a href=\"https:\/\/ms.portal.azure.com\/#create\/Microsoft.CognitiveServicesTextTranslation\" target=\"_blank\" rel=\"noreferrer noopener\">crear la instancia<\/a> para el sistema de traducci\u00f3n. En grupo de recursos creamos uno nuevo y lo denominamos, por ejemplo, WPAutoTranslate. <\/p>\n\n\n<div class=\"wp-block-image\">\n<figure class=\"aligncenter size-full is-resized\"><img loading=\"lazy\" decoding=\"async\" src=\"https:\/\/close.technology\/wp-content\/uploads\/2022\/06\/recurso1.png\" alt=\"Recurso1\" class=\"wp-image-2692\" width=\"647\" height=\"520\"\/><\/figure>\n<\/div>\n\n\n<p>En detalles de la instancia elegiremos como regi\u00f3n <strong>Francia central<\/strong> y de nombre le podemos poner el que deseemos, en este caso lo hemos denominado WPAT.<\/p>\n\n\n<div class=\"wp-block-image\">\n<figure class=\"aligncenter size-full is-resized\"><img loading=\"lazy\" decoding=\"async\" src=\"https:\/\/close.technology\/wp-content\/uploads\/2022\/06\/recurso2.png\" alt=\"Recurso2\" class=\"wp-image-2693\" width=\"655\" height=\"327\"\/><\/figure>\n<\/div>\n\n\n<p>El plan de la tarifa ser\u00e1 <strong>Free<\/strong> <strong>F0<\/strong>. Pulsamos revisar y crear y en la siguiente pantalla que nos aparece pulsamos el bot\u00f3n <strong>Ir al recurso<\/strong>:<\/p>\n\n\n<div class=\"wp-block-image\">\n<figure class=\"aligncenter size-full\"><img loading=\"lazy\" decoding=\"async\" width=\"729\" height=\"338\" src=\"https:\/\/www.wpautotranslate.com\/es\/wp-content\/uploads\/sites\/8\/2022\/06\/Recurso-3-e1655465830441.png\" alt=\"\" class=\"wp-image-325\"\/><\/figure>\n<\/div>\n\n\n<p>Nos vamos a continuaci\u00f3n a <strong>Claves y punto de conexi\u00f3n<\/strong>. All\u00ed selecciona cualquiera de las dos claves que te dan, as\u00ed como la regi\u00f3n.<\/p>\n\n\n<div class=\"wp-block-image\">\n<figure class=\"aligncenter size-full is-resized\"><img loading=\"lazy\" decoding=\"async\" src=\"https:\/\/close.technology\/wp-content\/uploads\/2022\/06\/recurso5.png\" alt=\"Recurso5\" class=\"wp-image-2696\" width=\"703\" height=\"478\"\/><\/figure>\n<\/div>\n\n\n<p>Utiliza estos datos en la pesta\u00f1a <strong>Microsoft<\/strong> dentro de la configuraci\u00f3n del plugin.<\/p>\n\n\n<div class=\"wp-block-image\">\n<figure class=\"aligncenter size-full is-resized\"><img loading=\"lazy\" decoding=\"async\" src=\"https:\/\/www.wpautotranslate.com\/wp-content\/uploads\/2020\/10\/microsoft-04.png\" alt=\"\" class=\"wp-image-2879\" width=\"700\" height=\"272\"\/><\/figure>\n<\/div>\n\n\n<div style=\"height:51px\" aria-hidden=\"true\" class=\"wp-block-spacer\"><\/div>\n\n\n\n<h3 class=\"gb-headline gb-headline-b17b478d gb-headline-text\">\u00bfQu\u00e9 ocurre al acabar el periodo gratuito?<\/h3>\n\n\n\n<p>Cuando creamos una cuenta gratuita de Azure, tenemos un mes de servicios populares gratis y un cr\u00e9dito de USD200. Dentro de esos servicios gratuitos se encuentran <strong>2 millones de cadenas de traducci\u00f3n al mes<\/strong>. Al finalizar los 30 d\u00edas o despu\u00e9s de gastar el cr\u00e9dito (lo que ocurra primero), Azure enviar\u00e1 un correo electr\u00f3nico para cambiar a la tarifa de pago por uso. <\/p>\n\n\n\n<p>Cuando cambiamos a esta tarifa es importante conocer que seguiremos teniendo <strong>12 meses extra <\/strong>de servicios populares gratis (dentro de los que se encuentran los 2 Millones de cadenas gratuitas\/mes). Transcurrido el a\u00f1o s\u00ed que se implementar\u00e1 la tarifa de pago por uso y es necesario pagar cada mes en funci\u00f3n de las cadenas que usemos. El costo se cobrar\u00e1 con el m\u00e9todo de pago que hayamos proporcionado. Aqu\u00ed os dejamos el listado de<a href=\"https:\/\/azure.microsoft.com\/es-es\/pricing\/details\/cognitive-services\/translator\/\"> precios<\/a> seg\u00fan las cadenas que usemos. Nuestro caso corresponde a los precios de <strong>traducci\u00f3n est\u00e1ndar<\/strong>.<\/p>\n\n\n\n<p>Una pregunta que os puede surgir es por qu\u00e9 no crear directamente nuestra cuenta con la tarifa de pago por uso, en vez de con la gratuita, y as\u00ed evitar crear el recurso por partida doble, aunque perdamos un mes de servicios gratuitos. Y la respuesta es que no es tan ventajoso, pues <strong>s\u00f3lo al pasar de la tarifa gratuita a la de pago por uso<\/strong> nos proporcionar\u00e1n los 12 meses extra de servicios populares gratis.<\/p>\n\n\n\n<p>Vamos a ver, por \u00faltimo, c\u00f3mo tenemos que proceder cuando recibamos el correo electr\u00f3nico de Azure avis\u00e1ndonos de que tenemos que cambiar a la tarifa de pago por uso. Primeramente pulsamos el bot\u00f3n <strong>Actualizar ahora<\/strong> que aparece en el email:<\/p>\n\n\n<div class=\"wp-block-image\">\n<figure class=\"aligncenter size-full is-resized\"><img loading=\"lazy\" decoding=\"async\" src=\"https:\/\/close.technology\/wp-content\/uploads\/2022\/06\/microsoft-azure.png\" alt=\"Microsoft Azure\" class=\"wp-image-2686\" width=\"571\" height=\"406\"\/><\/figure>\n<\/div>\n\n\n<p>Se nos abre entonces una pantalla de Microsoft Azure donde tendremos que verificar nuestro n\u00famero de tel\u00e9fono: <\/p>\n\n\n<div class=\"wp-block-image\">\n<figure class=\"aligncenter size-full is-resized\"><img loading=\"lazy\" decoding=\"async\" src=\"https:\/\/close.technology\/wp-content\/uploads\/2022\/06\/actualziar-azure.png\" alt=\"Actualziar Azure\" class=\"wp-image-2687\" width=\"590\" height=\"313\"\/><\/figure>\n<\/div>\n\n\n<p>Y despu\u00e9s elegir el tipo de suscripci\u00f3n, donde seleccionaremos <strong>B\u00e1sico<\/strong>:<\/p>\n\n\n<div class=\"wp-block-image\">\n<figure class=\"aligncenter size-full is-resized\"><img loading=\"lazy\" decoding=\"async\" src=\"https:\/\/close.technology\/wp-content\/uploads\/2022\/06\/azure-2.png\" alt=\"Azure 2\" class=\"wp-image-2688\" width=\"603\" height=\"458\"\/><\/figure>\n<\/div>\n\n\n<p>Una vez actualizado el tipo de suscripci\u00f3n nos pedir\u00e1 validar un n\u00famero de tarjeta bancaria para asociarlo a nuestra cuenta. Para ello tendremos que realizar el \u00abpago\u00bb de 0 euros.<\/p>\n\n\n\n<p>Una vez guardado el m\u00e9todo de pago en Azure nuestro recurso de traducci\u00f3n durar\u00e1 otros 12 meses m\u00e1s. El plan de la tarifa del recurso ser\u00e1 el mismo que hemos usado con la cuenta gratis: <strong>Free<\/strong> <strong>F0<\/strong>. <\/p>\n","protected":false},"excerpt":{"rendered":"<p>Para usar la API de Microsoft necesitaremos una cuenta de Azure, donde obtendremos la API de claves y la regi\u00f3n en la que usaremos el sistema de traducci\u00f3n. Crearemos la instancia para el sistema de traducci\u00f3n. Una vez creado, iremos al \u00e1rea claves y endpoint. All\u00ed seleccionaremos cualquiera de &#8230; <a title=\"Microsoft\" class=\"read-more\" href=\"https:\/\/www.wpautotranslate.com\/en\/wpautotranslate\/provider\/microsoft\/\" aria-label=\"M\u00e1s sobre Microsoft\">Leer m\u00e1s<\/a><\/p>\n","protected":false},"author":1,"featured_media":0,"parent":180,"menu_order":25,"comment_status":"closed","ping_status":"closed","template":"","meta":{"_seopress_robots_primary_cat":"","_seopress_titles_title":"","_seopress_titles_desc":"","_seopress_robots_index":"","inline_featured_image":false,"footnotes":""},"class_list":["post-185","page","type-page","status-publish"],"_links":{"self":[{"href":"https:\/\/www.wpautotranslate.com\/es\/wp-json\/wp\/v2\/pages\/185","targetHints":{"allow":["GET"]}}],"collection":[{"href":"https:\/\/www.wpautotranslate.com\/es\/wp-json\/wp\/v2\/pages"}],"about":[{"href":"https:\/\/www.wpautotranslate.com\/es\/wp-json\/wp\/v2\/types\/page"}],"author":[{"embeddable":true,"href":"https:\/\/www.wpautotranslate.com\/es\/wp-json\/wp\/v2\/users\/1"}],"replies":[{"embeddable":true,"href":"https:\/\/www.wpautotranslate.com\/es\/wp-json\/wp\/v2\/comments?post=185"}],"version-history":[{"count":5,"href":"https:\/\/www.wpautotranslate.com\/es\/wp-json\/wp\/v2\/pages\/185\/revisions"}],"predecessor-version":[{"id":328,"href":"https:\/\/www.wpautotranslate.com\/es\/wp-json\/wp\/v2\/pages\/185\/revisions\/328"}],"up":[{"embeddable":true,"href":"https:\/\/www.wpautotranslate.com\/es\/wp-json\/wp\/v2\/pages\/180"}],"wp:attachment":[{"href":"https:\/\/www.wpautotranslate.com\/es\/wp-json\/wp\/v2\/media?parent=185"}],"curies":[{"name":"wp","href":"https:\/\/api.w.org\/{rel}","templated":true}]}}