{"id":184,"date":"2022-03-25T11:30:31","date_gmt":"2022-03-25T10:30:31","guid":{"rendered":"https:\/\/www.wpautotranslate.com\/es\/?page_id=54"},"modified":"2022-04-19T16:48:38","modified_gmt":"2022-04-19T14:48:38","slug":"ibm","status":"publish","type":"page","link":"https:\/\/www.wpautotranslate.com\/es\/documentacion\/configuracion-api\/ibm\/","title":{"rendered":"IBM"},"content":{"rendered":"\n<p>Para utilizar la API de IBM Watson necesitas tener una cuenta en su nube y <a aria-label=\"choose the service option (opens in a new tab)\" class=\"rank-math-link\" href=\"https:\/\/cloud.ibm.com\/catalog\/services\/language-translator\" target=\"_blank\" rel=\"noreferrer noopener\">elegir la opci\u00f3n de servicio<\/a> que quieras.<\/p>\n\n\n\n<div class=\"wp-block-image\"><figure class=\"aligncenter size-full\"><img decoding=\"async\" src=\"https:\/\/www.wpautotranslate.com\/wp-content\/uploads\/2020\/10\/ibm-01.png\" alt=\"\" class=\"wp-image-2871\" \/><\/figure><\/div>\n\n\n\n<p>Una vez lo hayamos creado, en la secci\u00f3n <strong>Gestionar<\/strong> tendr\u00e1s acceso a la clave de la API y a la URL. Ambos datos son necesarios para la configuraci\u00f3n.<\/p>\n\n\n\n<div class=\"wp-block-image\"><figure class=\"aligncenter size-full\"><img decoding=\"async\" src=\"https:\/\/www.wpautotranslate.com\/wp-content\/uploads\/2020\/10\/ibm-02.png\" alt=\"\" class=\"wp-image-2872\" \/><\/figure><\/div>\n\n\n\n<p>Una vez los tengas guardados, debes ir al apartado de <strong>IBM<\/strong> del plugin y a\u00f1adir ambos elementos.<\/p>\n\n\n\n<div class=\"wp-block-image\"><figure class=\"aligncenter size-full\"><img decoding=\"async\" src=\"https:\/\/www.wpautotranslate.com\/wp-content\/uploads\/2020\/10\/ibm-03.png\" alt=\"\" class=\"wp-image-2873\" \/><\/figure><\/div>\n\n\n\n<p>\n","protected":false},"excerpt":{"rendered":"<p>Para utilizar la API de IBM Watson necesitaremos tener una cuenta en su nube y elegir la opci\u00f3n de servicio que queramos. Una vez lo hayamos creado, en la secci\u00f3n Gestionar tendremos acceso a la API de claves y a la URL. Ambos contenidos son necesarios para la configuraci\u00f3n. Una vez que los tengamos guardados, &#8230; <a title=\"IBM\" class=\"read-more\" href=\"https:\/\/www.wpautotranslate.com\/en\/wpautotranslate\/provider\/ibm\/\" aria-label=\"M\u00e1s sobre IBM\">Leer m\u00e1s<\/a><\/p>\n","protected":false},"author":1,"featured_media":0,"parent":180,"menu_order":25,"comment_status":"closed","ping_status":"closed","template":"","meta":{"_seopress_robots_primary_cat":"","_seopress_titles_title":"","_seopress_titles_desc":"","_seopress_robots_index":"","inline_featured_image":false,"footnotes":""},"class_list":["post-184","page","type-page","status-publish"],"_links":{"self":[{"href":"https:\/\/www.wpautotranslate.com\/es\/wp-json\/wp\/v2\/pages\/184","targetHints":{"allow":["GET"]}}],"collection":[{"href":"https:\/\/www.wpautotranslate.com\/es\/wp-json\/wp\/v2\/pages"}],"about":[{"href":"https:\/\/www.wpautotranslate.com\/es\/wp-json\/wp\/v2\/types\/page"}],"author":[{"embeddable":true,"href":"https:\/\/www.wpautotranslate.com\/es\/wp-json\/wp\/v2\/users\/1"}],"replies":[{"embeddable":true,"href":"https:\/\/www.wpautotranslate.com\/es\/wp-json\/wp\/v2\/comments?post=184"}],"version-history":[{"count":2,"href":"https:\/\/www.wpautotranslate.com\/es\/wp-json\/wp\/v2\/pages\/184\/revisions"}],"predecessor-version":[{"id":266,"href":"https:\/\/www.wpautotranslate.com\/es\/wp-json\/wp\/v2\/pages\/184\/revisions\/266"}],"up":[{"embeddable":true,"href":"https:\/\/www.wpautotranslate.com\/es\/wp-json\/wp\/v2\/pages\/180"}],"wp:attachment":[{"href":"https:\/\/www.wpautotranslate.com\/es\/wp-json\/wp\/v2\/media?parent=184"}],"curies":[{"name":"wp","href":"https:\/\/api.w.org\/{rel}","templated":true}]}}