{"id":182,"date":"2022-03-25T11:27:24","date_gmt":"2022-03-25T10:27:24","guid":{"rendered":"https:\/\/www.wpautotranslate.com\/es\/?page_id=47"},"modified":"2022-04-19T12:33:42","modified_gmt":"2022-04-19T10:33:42","slug":"deepl","status":"publish","type":"page","link":"https:\/\/www.wpautotranslate.com\/es\/documentacion\/configuracion-api\/deepl\/","title":{"rendered":"DeepL"},"content":{"rendered":"\n<p>Para utilizar la API de DeepL necesitar\u00e1s una cuenta de<a aria-label=\"Develper (opens in a new tab)\" class=\"rank-math-link\" href=\"https:\/\/www.deepl.com\/pro#developer\" target=\"_blank\" rel=\"noreferrer noopener\"> Develper<\/a> que te permita acceder a la API. Solo se requiere la API clave para su funcionamiento.<\/p>\n\n\n\n<p>Una vez que hayas creado la cuenta, puedes acceder al panel <a aria-label=\"Account (opens in a new tab)\" class=\"rank-math-link\" href=\"https:\/\/www.deepl.com\/pro-account.html\" target=\"_blank\" rel=\"noreferrer noopener\">Cuenta<\/a> y all\u00ed encontrar\u00e1s el \u00e1rea con la API.<\/p>\n\n\n\n<div class=\"wp-block-image\"><figure class=\"aligncenter size-full\"><img decoding=\"async\" src=\"https:\/\/www.wpautotranslate.com\/wp-content\/uploads\/2020\/10\/deepl-01.png\" alt=\"\" class=\"wp-image-2856\" \/><\/figure><\/div>\n\n\n\n<p>Una vez que tengas la API, puedes acceder al panel de Configuraci\u00f3n del plugin e incluirlo en la pesta\u00f1a de DeepL.<\/p>\n\n\n\n<div class=\"wp-block-image\"><figure class=\"aligncenter size-full\"><img decoding=\"async\" src=\"https:\/\/www.wpautotranslate.com\/wp-content\/uploads\/2020\/10\/deepl-02.png\" alt=\"\" class=\"wp-image-2857\" \/><\/figure><\/div>\n\n\n\n<p><\/p>\n","protected":false},"excerpt":{"rendered":"<p>Para utilizar la API de DeepL necesitaremos una cuenta de Develper que nos permita acceder a tu API. Solo se requiere la API clave para su funcionamiento. Una vez que haya creado la cuenta, puede acceder al panel Cuenta y all\u00ed encontrar\u00e1 el \u00e1rea con la API. Una vez que tenga la API, &#8230; <a title=\"DeepL\" class=\"read-more\" href=\"https:\/\/www.wpautotranslate.com\/en\/wpautotranslate\/provider\/deepl\/\" aria-label=\"M\u00e1s sobre DeepL\">Leer m\u00e1s<\/a><\/p>\n","protected":false},"author":1,"featured_media":0,"parent":180,"menu_order":15,"comment_status":"closed","ping_status":"closed","template":"","meta":{"_seopress_robots_primary_cat":"","_seopress_titles_title":"","_seopress_titles_desc":"","_seopress_robots_index":"","inline_featured_image":false,"footnotes":""},"class_list":["post-182","page","type-page","status-publish"],"_links":{"self":[{"href":"https:\/\/www.wpautotranslate.com\/es\/wp-json\/wp\/v2\/pages\/182","targetHints":{"allow":["GET"]}}],"collection":[{"href":"https:\/\/www.wpautotranslate.com\/es\/wp-json\/wp\/v2\/pages"}],"about":[{"href":"https:\/\/www.wpautotranslate.com\/es\/wp-json\/wp\/v2\/types\/page"}],"author":[{"embeddable":true,"href":"https:\/\/www.wpautotranslate.com\/es\/wp-json\/wp\/v2\/users\/1"}],"replies":[{"embeddable":true,"href":"https:\/\/www.wpautotranslate.com\/es\/wp-json\/wp\/v2\/comments?post=182"}],"version-history":[{"count":3,"href":"https:\/\/www.wpautotranslate.com\/es\/wp-json\/wp\/v2\/pages\/182\/revisions"}],"predecessor-version":[{"id":261,"href":"https:\/\/www.wpautotranslate.com\/es\/wp-json\/wp\/v2\/pages\/182\/revisions\/261"}],"up":[{"embeddable":true,"href":"https:\/\/www.wpautotranslate.com\/es\/wp-json\/wp\/v2\/pages\/180"}],"wp:attachment":[{"href":"https:\/\/www.wpautotranslate.com\/es\/wp-json\/wp\/v2\/media?parent=182"}],"curies":[{"name":"wp","href":"https:\/\/api.w.org\/{rel}","templated":true}]}}