{"id":181,"date":"2022-03-25T11:26:25","date_gmt":"2022-03-25T10:26:25","guid":{"rendered":"https:\/\/www.wpautotranslate.com\/es\/?page_id=44"},"modified":"2023-10-18T10:53:42","modified_gmt":"2023-10-18T08:53:42","slug":"amazon","status":"publish","type":"page","link":"https:\/\/www.wpautotranslate.com\/es\/documentacion\/configuracion-api\/amazon\/","title":{"rendered":"Amazon"},"content":{"rendered":"\n<p>Para implementar la configuraci\u00f3n de Amazon necesitaremos 3 datos: Clave de Acceso, Clave Secreta y Regi\u00f3n. <\/p>\n\n\n\n<p>Lo primero que debes hacer es visitar la p\u00e1gina <a aria-label=\"Amazon Translate (opens in a new tab)\" class=\"rank-math-link\" href=\"https:\/\/aws.amazon.com\/translate\/\" target=\"_blank\" rel=\"noreferrer noopener\">de Amazon Translate<\/a> y crear una cuenta si aun no la tienes.<\/p>\n\n\n\n<p>Una vez tengas la cuenta creada y configurada, accede a la secci\u00f3n <a aria-label=\"Your Security Credentials (opens in a new tab)\" class=\"rank-math-link\" href=\"https:\/\/console.aws.amazon.com\/iam\/home#\/security_credentials\" target=\"_blank\" rel=\"noreferrer noopener\">Tus Credenciales de Seguridad<\/a>.<\/p>\n\n\n<div class=\"wp-block-image\">\n<figure class=\"aligncenter size-full\"><img decoding=\"async\" src=\"https:\/\/www.wpautotranslate.com\/wp-content\/uploads\/2020\/10\/amazon-01.png\" alt=\"\" class=\"wp-image-2848\"\/><\/figure>\n<\/div>\n\n\n<p>All\u00ed, elige la opci\u00f3n Claves de acceso (ID de clave de acceso y clave de acceso secreta) y haz clic en crear una nueva clave. Esto generar\u00e1 dos de los datos que se necesitan, Clave de acceso y Clave secreta.<\/p>\n\n\n<div class=\"wp-block-image\">\n<figure class=\"aligncenter size-full\"><img decoding=\"async\" src=\"https:\/\/www.wpautotranslate.com\/wp-content\/uploads\/2020\/10\/amazon-02.png\" alt=\"\" class=\"wp-image-2849\"\/><\/figure>\n<\/div>\n\n\n<p>Luego visita la secci\u00f3n <a aria-label=\"Translation API (opens in a new tab)\" class=\"rank-math-link\" href=\"https:\/\/console.aws.amazon.com\/translate\/home\" target=\"_blank\" rel=\"noreferrer noopener\">API de traducci\u00f3n<\/a> . All\u00ed, en el area superior, encontrar\u00e1s todas las zonas disponibles para usar. Solo tienes que elegir una y usar su c\u00f3digo de regi\u00f3n.<\/p>\n\n\n<div class=\"wp-block-image\">\n<figure class=\"aligncenter size-full\"><img decoding=\"async\" src=\"https:\/\/www.wpautotranslate.com\/wp-content\/uploads\/2020\/10\/amazon-03.png\" alt=\"\" class=\"wp-image-2850\"\/><\/figure>\n<\/div>\n\n\n<p>En este momento, ya tienes las 3 opciones disponibles, por lo que deber\u00e1s ir a la pesta\u00f1a \u00abAmazon\u00bb del plugin y rellenar los 3 datos.<\/p>\n\n\n<div class=\"wp-block-image\">\n<figure class=\"aligncenter size-full\"><img decoding=\"async\" src=\"https:\/\/www.wpautotranslate.com\/wp-content\/uploads\/2020\/10\/amazon-04.png\" alt=\"\" class=\"wp-image-2851\"\/><\/figure>\n<\/div>\n\n\n<p><\/p>\n","protected":false},"excerpt":{"rendered":"<p>Para aplicar la configuraci\u00f3n de Amazon necesitaremos 3 datos: Clave de Acceso, Clave Secreta y Regi\u00f3n. Lo primero que haremos ser\u00e1 visitar la p\u00e1gina de Amazon Translate y crear una cuenta si no tenemos una. Una vez tengamos la cuenta creada y configurada, accederemos a la secci\u00f3n Tus Credenciales de Seguridad. All\u00ed, elige el &#8230; <a title=\"Amazon\" class=\"read-more\" href=\"https:\/\/www.wpautotranslate.com\/en\/wpautotranslate\/provider\/amazon\/\" aria-label=\"M\u00e1s en Amazon\">Leer m\u00e1s<\/a><\/p>\n","protected":false},"author":1,"featured_media":0,"parent":180,"menu_order":10,"comment_status":"closed","ping_status":"closed","template":"","meta":{"_seopress_robots_primary_cat":"","_seopress_titles_title":"","_seopress_titles_desc":"","_seopress_robots_index":"","inline_featured_image":false,"footnotes":""},"class_list":["post-181","page","type-page","status-publish"],"_links":{"self":[{"href":"https:\/\/www.wpautotranslate.com\/es\/wp-json\/wp\/v2\/pages\/181","targetHints":{"allow":["GET"]}}],"collection":[{"href":"https:\/\/www.wpautotranslate.com\/es\/wp-json\/wp\/v2\/pages"}],"about":[{"href":"https:\/\/www.wpautotranslate.com\/es\/wp-json\/wp\/v2\/types\/page"}],"author":[{"embeddable":true,"href":"https:\/\/www.wpautotranslate.com\/es\/wp-json\/wp\/v2\/users\/1"}],"replies":[{"embeddable":true,"href":"https:\/\/www.wpautotranslate.com\/es\/wp-json\/wp\/v2\/comments?post=181"}],"version-history":[{"count":4,"href":"https:\/\/www.wpautotranslate.com\/es\/wp-json\/wp\/v2\/pages\/181\/revisions"}],"predecessor-version":[{"id":333,"href":"https:\/\/www.wpautotranslate.com\/es\/wp-json\/wp\/v2\/pages\/181\/revisions\/333"}],"up":[{"embeddable":true,"href":"https:\/\/www.wpautotranslate.com\/es\/wp-json\/wp\/v2\/pages\/180"}],"wp:attachment":[{"href":"https:\/\/www.wpautotranslate.com\/es\/wp-json\/wp\/v2\/media?parent=181"}],"curies":[{"name":"wp","href":"https:\/\/api.w.org\/{rel}","templated":true}]}}