{"id":180,"date":"2022-03-25T11:25:38","date_gmt":"2022-03-25T10:25:38","guid":{"rendered":"https:\/\/www.wpautotranslate.com\/es\/?page_id=40"},"modified":"2022-06-17T12:58:06","modified_gmt":"2022-06-17T10:58:06","slug":"configuracion-api","status":"publish","type":"page","link":"https:\/\/www.wpautotranslate.com\/es\/documentacion\/configuracion-api\/","title":{"rendered":"Configuraci\u00f3n de la API"},"content":{"rendered":"\n<p>Este plugin funciona gracias a multitud de APIs que provienen de diferentes proveedores. Dependiendo de los idiomas a los que quieras traducir, te recomendamos que elijas uno u otro.<\/p>\n\n\n\n<p>Aqu\u00ed tienes la ayuda espec\u00edfica de los diferentes proveedores de traducci\u00f3n disponibles:<\/p>\n\n\n\n<ul class=\"wp-block-list\"><li><a href=\"https:\/\/www.wpautotranslate.com\/es\/documentacion\/configuracion-api\/deepl\/\">Amazon<\/a><\/li><li><a href=\"https:\/\/www.wpautotranslate.com\/es\/documentacion\/configuracion-api\/deepl\/\">DeepL<\/a><\/li><li><a href=\"https:\/\/www.wpautotranslate.com\/es\/documentacion\/configuracion-api\/google\/\">Google<\/a><\/li><li><a href=\"https:\/\/www.wpautotranslate.com\/es\/documentacion\/configuracion-api\/ibm\/\">IBM<\/a><\/li><li><a href=\"https:\/\/www.wpautotranslate.com\/es\/documentacion\/configuracion-api\/microsoft\/\">Microsoft<\/a><\/li><li><a href=\"https:\/\/www.wpautotranslate.com\/es\/documentacion\/configuracion-api\/softcatala\/\">Softcatal\u00e0<\/a><\/li><li><a href=\"https:\/\/www.wpautotranslate.com\/es\/documentacion\/configuracion-api\/yandex\/\">Yandex<\/a><\/li><\/ul>\n","protected":false},"excerpt":{"rendered":"<p>Este plugin funciona gracias a multitud de APIs que provienen de diferentes proveedores. Dependiendo de los idiomas a los que quieras traducir, te recomendamos que elijas uno u otro. Aqu\u00ed tienes la ayuda espec\u00edfica de los diferentes proveedores de traducci\u00f3n disponibles: Amazon DeepL Google IBM Microsoft Softcatal\u00e0 Yandex<\/p>\n","protected":false},"author":1,"featured_media":0,"parent":173,"menu_order":20,"comment_status":"closed","ping_status":"closed","template":"","meta":{"_seopress_robots_primary_cat":"","_seopress_titles_title":"","_seopress_titles_desc":"","_seopress_robots_index":"","inline_featured_image":false,"footnotes":""},"class_list":["post-180","page","type-page","status-publish"],"_links":{"self":[{"href":"https:\/\/www.wpautotranslate.com\/es\/wp-json\/wp\/v2\/pages\/180","targetHints":{"allow":["GET"]}}],"collection":[{"href":"https:\/\/www.wpautotranslate.com\/es\/wp-json\/wp\/v2\/pages"}],"about":[{"href":"https:\/\/www.wpautotranslate.com\/es\/wp-json\/wp\/v2\/types\/page"}],"author":[{"embeddable":true,"href":"https:\/\/www.wpautotranslate.com\/es\/wp-json\/wp\/v2\/users\/1"}],"replies":[{"embeddable":true,"href":"https:\/\/www.wpautotranslate.com\/es\/wp-json\/wp\/v2\/comments?post=180"}],"version-history":[{"count":3,"href":"https:\/\/www.wpautotranslate.com\/es\/wp-json\/wp\/v2\/pages\/180\/revisions"}],"predecessor-version":[{"id":302,"href":"https:\/\/www.wpautotranslate.com\/es\/wp-json\/wp\/v2\/pages\/180\/revisions\/302"}],"up":[{"embeddable":true,"href":"https:\/\/www.wpautotranslate.com\/es\/wp-json\/wp\/v2\/pages\/173"}],"wp:attachment":[{"href":"https:\/\/www.wpautotranslate.com\/es\/wp-json\/wp\/v2\/media?parent=180"}],"curies":[{"name":"wp","href":"https:\/\/api.w.org\/{rel}","templated":true}]}}