{"id":179,"date":"2022-03-25T11:24:39","date_gmt":"2022-03-25T10:24:39","guid":{"rendered":"https:\/\/www.wpautotranslate.com\/es\/?page_id=38"},"modified":"2022-04-18T17:33:18","modified_gmt":"2022-04-18T15:33:18","slug":"elegir-un-proveedor-de-traduccion","status":"publish","type":"page","link":"https:\/\/www.wpautotranslate.com\/es\/documentacion\/elegir-un-proveedor-de-traduccion\/","title":{"rendered":"C\u00f3mo elegir un proveedor de traducci\u00f3n"},"content":{"rendered":"\n<p>Este plugin permite traducir los contenidos e tu web a trav\u00e9s de herramientas externas, gracias a las APIs de traducci\u00f3n de proveedores como Amazon, DeepL, Google, IBM, Microsoft, Softcatal\u00e0 o Yandex.<\/p>\n\n\n\n<p>Actualmente solo se puede elegir una \u00fanica API a la hora de traducir (esto cambiar\u00e1 en futuras versiones), por lo que el soporte de traducci\u00f3n estar\u00e1 limitado por las posibilidades que ofrece ese proveedor y su API.<\/p>\n\n\n\n<h3 class=\"wp-block-heading\">\u00bfC\u00f3mo elegir?<\/h3>\n\n\n\n<p>B\u00e1sicamente hay 3 elementos a tener en cuenta a la hora de elegir un proveedor:<\/p>\n\n\n\n<ol class=\"wp-block-list\"><li>Los idiomas de traducci\u00f3n. Cada proveedor tiene una serie de idiomas desde los que puede traducir, una serie de pares de idiomas. Por lo que debes verificar que los idiomas de su sitio sean compatibles.<\/li><li>La cantidad de texto que se va a traducir. Cada proveedor ofrece una serie de l\u00edmites en sus versiones gratuitas. Por ejemplo, Microsoft permite 2 millones de caracteres al mes. Ten en cuenta que el Quijote tiene aproximadamente 2 millones de caracteres o la Biblia 3 millones.<\/li><li>El precio. Aunque casi todos los proveedores permiten un n\u00famero limitado de caracteres gratuitos por mes, debes tener en cuenta que puede haber costes adicionales si excedes los l\u00edmites durante un per\u00edodo de tiempo.<\/li><\/ol>\n\n\n\n<h3 class=\"wp-block-heading\">Nuestras sugerencias<\/h3>\n\n\n\n<p>De todos los proveedores, recomendamos usar Microsoft de forma predeterminada. Actualmente, es el proveedor que ofrece las mejores condiciones econ\u00f3micas. Aun as\u00ed, a nivel de calidad, muchas personas deciden usar DeepL, que es m\u00e1s peque\u00f1o en t\u00e9rminos de n\u00famero de idiomas, especialmente para fines de SEO.<\/p>\n\n\n\n<p>Si tiene idiomas muy particulares, te sugerimos que vayas a los sistemas lo m\u00e1s locales posible. Por ejemplo Yandex para ruso o Softcatal\u00e0 para catal\u00e1n.<\/p>\n","protected":false},"excerpt":{"rendered":"<p>Este plug-in permite traducir los contenidos pero lo hace a trav\u00e9s de herramientas externas, gracias a las APIs de traducci\u00f3n de proveedores como Amazon, DeepL, Google, IBM, Microsoft, Softcatal\u00e0 o Yandex. Actualmente solo se puede elegir una \u00fanica API al traducir (esto cambiar\u00e1 en futuras versiones) por lo que el soporte de traducci\u00f3n estar\u00e1 limitado por &#8230; <a title=\"C\u00f3mo elegir un proveedor de traducci\u00f3n\" class=\"read-more\" href=\"https:\/\/www.wpautotranslate.com\/en\/wpautotranslate\/choose\/\" aria-label=\"M\u00e1s informaci\u00f3n sobre C\u00f3mo elegir un proveedor de traducci\u00f3n\">Leer m\u00e1s<\/a><\/p>\n","protected":false},"author":1,"featured_media":0,"parent":173,"menu_order":18,"comment_status":"closed","ping_status":"closed","template":"","meta":{"_seopress_robots_primary_cat":"","_seopress_titles_title":"","_seopress_titles_desc":"","_seopress_robots_index":"","inline_featured_image":false,"footnotes":""},"class_list":["post-179","page","type-page","status-publish"],"_links":{"self":[{"href":"https:\/\/www.wpautotranslate.com\/es\/wp-json\/wp\/v2\/pages\/179","targetHints":{"allow":["GET"]}}],"collection":[{"href":"https:\/\/www.wpautotranslate.com\/es\/wp-json\/wp\/v2\/pages"}],"about":[{"href":"https:\/\/www.wpautotranslate.com\/es\/wp-json\/wp\/v2\/types\/page"}],"author":[{"embeddable":true,"href":"https:\/\/www.wpautotranslate.com\/es\/wp-json\/wp\/v2\/users\/1"}],"replies":[{"embeddable":true,"href":"https:\/\/www.wpautotranslate.com\/es\/wp-json\/wp\/v2\/comments?post=179"}],"version-history":[{"count":2,"href":"https:\/\/www.wpautotranslate.com\/es\/wp-json\/wp\/v2\/pages\/179\/revisions"}],"predecessor-version":[{"id":256,"href":"https:\/\/www.wpautotranslate.com\/es\/wp-json\/wp\/v2\/pages\/179\/revisions\/256"}],"up":[{"embeddable":true,"href":"https:\/\/www.wpautotranslate.com\/es\/wp-json\/wp\/v2\/pages\/173"}],"wp:attachment":[{"href":"https:\/\/www.wpautotranslate.com\/es\/wp-json\/wp\/v2\/media?parent=179"}],"curies":[{"name":"wp","href":"https:\/\/api.w.org\/{rel}","templated":true}]}}