{"id":178,"date":"2022-03-25T11:41:49","date_gmt":"2022-03-25T10:41:49","guid":{"rendered":"https:\/\/www.wpautotranslate.com\/es\/?page_id=36"},"modified":"2022-04-15T12:18:26","modified_gmt":"2022-04-15T10:18:26","slug":"licencia","status":"publish","type":"page","link":"https:\/\/www.wpautotranslate.com\/es\/documentacion\/licencia\/","title":{"rendered":"Configuraci\u00f3n de la licencia"},"content":{"rendered":"\n<p>Tienes tu licencia en el \u00e1rea <a href=\"https:\/\/www.wpautotranslate.com\/my-account\/\" data-type=\"URL\" data-id=\"https:\/\/www.wpautotranslate.com\/my-account\/\">Mi cuenta<\/a> . All\u00ed encontrar\u00e1s el bot\u00f3n Ver Licencias.<\/p>\n\n\n\n<p>Una vez que tengas tu c\u00f3digo, puede ir a la opci\u00f3n AutoTranslate en el men\u00fa de red de WordPress y agregarlo en la pesta\u00f1a Licencia.<\/p>\n\n\n\n<div class=\"wp-block-image\"><figure class=\"aligncenter size-full is-resized\"><img loading=\"lazy\" decoding=\"async\" src=\"https:\/\/www.wpautotranslate.com\/wp-content\/uploads\/2020\/10\/license-01.png\" alt=\"\" class=\"wp-image-2842\" width=\"737\" height=\"223\" \/><\/figure><\/div>\n\n\n\n<p>Cuando hagas clic en Activar Licencia, recibir\u00e1s un mensaje como \u00abLicencia activada correctamente para este sitio\u00bb.<\/p>\n","protected":false},"excerpt":{"rendered":"<p>Tiene su licencia en el \u00e1rea Mi cuenta. All\u00ed encontrar\u00e1 el bot\u00f3n Ver licencias. Una vez que tenga su c\u00f3digo, puede ir a la opci\u00f3n AutoTranslate en el men\u00fa de red de WordPress y agregarlo a la pesta\u00f1a Licencia. Al hacer clic en Activar licencia, recibir\u00e1 un mensaje como Licencia activada &#8230; <a title=\"Configurar la licencia\" class=\"read-more\" href=\"https:\/\/www.wpautotranslate.com\/en\/wpautotranslate\/license\/\" aria-label=\"M\u00e1s informaci\u00f3n sobre la configuraci\u00f3n de la licencia\">Leer m\u00e1s<\/a><\/p>\n","protected":false},"author":1,"featured_media":0,"parent":173,"menu_order":15,"comment_status":"closed","ping_status":"closed","template":"","meta":{"_seopress_robots_primary_cat":"","_seopress_titles_title":"","_seopress_titles_desc":"","_seopress_robots_index":"","inline_featured_image":false,"footnotes":""},"class_list":["post-178","page","type-page","status-publish"],"_links":{"self":[{"href":"https:\/\/www.wpautotranslate.com\/es\/wp-json\/wp\/v2\/pages\/178","targetHints":{"allow":["GET"]}}],"collection":[{"href":"https:\/\/www.wpautotranslate.com\/es\/wp-json\/wp\/v2\/pages"}],"about":[{"href":"https:\/\/www.wpautotranslate.com\/es\/wp-json\/wp\/v2\/types\/page"}],"author":[{"embeddable":true,"href":"https:\/\/www.wpautotranslate.com\/es\/wp-json\/wp\/v2\/users\/1"}],"replies":[{"embeddable":true,"href":"https:\/\/www.wpautotranslate.com\/es\/wp-json\/wp\/v2\/comments?post=178"}],"version-history":[{"count":2,"href":"https:\/\/www.wpautotranslate.com\/es\/wp-json\/wp\/v2\/pages\/178\/revisions"}],"predecessor-version":[{"id":254,"href":"https:\/\/www.wpautotranslate.com\/es\/wp-json\/wp\/v2\/pages\/178\/revisions\/254"}],"up":[{"embeddable":true,"href":"https:\/\/www.wpautotranslate.com\/es\/wp-json\/wp\/v2\/pages\/173"}],"wp:attachment":[{"href":"https:\/\/www.wpautotranslate.com\/es\/wp-json\/wp\/v2\/media?parent=178"}],"curies":[{"name":"wp","href":"https:\/\/api.w.org\/{rel}","templated":true}]}}