{"id":177,"date":"2022-03-25T11:22:27","date_gmt":"2022-03-25T10:22:27","guid":{"rendered":"https:\/\/www.wpautotranslate.com\/es\/?page_id=32"},"modified":"2022-04-15T11:46:29","modified_gmt":"2022-04-15T09:46:29","slug":"actualizacion","status":"publish","type":"page","link":"https:\/\/www.wpautotranslate.com\/es\/documentacion\/actualizacion\/","title":{"rendered":"Actualizaci\u00f3n"},"content":{"rendered":"\n<p>Para actualizar el plugin puedes utilizar el sistema de actualizaci\u00f3n autom\u00e1tica, siempre que tengas la licencia activa. En caso de que no la tengas o tengas el archivo para actualizar, puedes descargarlo desde el panel.<\/p>\n\n\n\n<p>Una vez que haya descargado el archivo, debes ir al sitio principal de tu WordPress Multisite y agregarlo como cualquier otro complemento.<\/p>\n\n\n\n<p>Primero haremos clic en el bot\u00f3n A\u00f1adir Nuevo.<\/p>\n\n\n\n<div class=\"wp-block-image\"><figure class=\"aligncenter size-full is-resized\"><img loading=\"lazy\" decoding=\"async\" src=\"https:\/\/www.wpautotranslate.com\/wp-content\/uploads\/2020\/10\/installation-01.png\" alt=\"\" class=\"wp-image-2830\" width=\"582\" height=\"120\" \/><\/figure><\/div>\n\n\n\n<p>All\u00ed elegiremos Subir Plugin.<\/p>\n\n\n\n<div class=\"wp-block-image\"><figure class=\"aligncenter size-full is-resized\"><img loading=\"lazy\" decoding=\"async\" src=\"https:\/\/www.wpautotranslate.com\/wp-content\/uploads\/2020\/10\/installation-02.png\" alt=\"\" class=\"wp-image-2831\" width=\"738\" height=\"168\" \/><\/figure><\/div>\n\n\n\n<p>Veremos una zona donde podremos seleccionar el archivo que hemos descargado previamente.<\/p>\n\n\n\n<div class=\"wp-block-image\"><figure class=\"aligncenter size-full is-resized\"><img loading=\"lazy\" decoding=\"async\" src=\"https:\/\/www.wpautotranslate.com\/wp-content\/uploads\/2020\/10\/installation-03.png\" alt=\"\" class=\"wp-image-2832\" width=\"734\" height=\"206\" \/><\/figure><\/div>\n\n\n\n<p>Una vez seleccionado, hacemos clic en Instalar Ahora.<\/p>\n\n\n\n<div class=\"wp-block-image\"><figure class=\"aligncenter size-full is-resized\"><img loading=\"lazy\" decoding=\"async\" src=\"https:\/\/www.wpautotranslate.com\/wp-content\/uploads\/2020\/10\/installation-04.png\" alt=\"\" class=\"wp-image-2833\" width=\"730\" height=\"213\" \/><\/figure><\/div>\n\n\n\n<p>Encontraras un aviso que te informar\u00e1 de los datos de la versi\u00f3n actual y de la nueva. Si todo es correcto, puedes hacer clic en Reemplazar actual con subido.<\/p>\n\n\n\n<div class=\"wp-block-image\"><figure class=\"aligncenter size-full is-resized\"><img loading=\"lazy\" decoding=\"async\" src=\"https:\/\/www.wpautotranslate.com\/wp-content\/uploads\/2020\/10\/upgrade-01.png\" alt=\"\" class=\"wp-image-2838\" width=\"621\" height=\"400\" \/><\/figure><\/div>\n","protected":false},"excerpt":{"rendered":"<p>Para actualizar el plugin puedes utilizar el sistema de actualizaci\u00f3n autom\u00e1tica, si tienes la licencia activa. En caso de que no lo tengas o tengas el archivo para actualizar, puedes descargarlo desde el panel. Una vez que haya descargado el archivo, debe ir al sitio principal de su WordPress Multisite y agregar &#8230; <a title=\"Upgrading\" class=\"read-more\" href=\"https:\/\/www.wpautotranslate.com\/en\/wpautotranslate\/upgrading\/\" aria-label=\"M\u00e1s informaci\u00f3n sobre la actualizaci\u00f3n\">Leer m\u00e1s<\/a><\/p>\n","protected":false},"author":1,"featured_media":0,"parent":173,"menu_order":10,"comment_status":"closed","ping_status":"closed","template":"","meta":{"_seopress_robots_primary_cat":"","_seopress_titles_title":"","_seopress_titles_desc":"","_seopress_robots_index":"","inline_featured_image":false,"footnotes":""},"class_list":["post-177","page","type-page","status-publish"],"_links":{"self":[{"href":"https:\/\/www.wpautotranslate.com\/es\/wp-json\/wp\/v2\/pages\/177","targetHints":{"allow":["GET"]}}],"collection":[{"href":"https:\/\/www.wpautotranslate.com\/es\/wp-json\/wp\/v2\/pages"}],"about":[{"href":"https:\/\/www.wpautotranslate.com\/es\/wp-json\/wp\/v2\/types\/page"}],"author":[{"embeddable":true,"href":"https:\/\/www.wpautotranslate.com\/es\/wp-json\/wp\/v2\/users\/1"}],"replies":[{"embeddable":true,"href":"https:\/\/www.wpautotranslate.com\/es\/wp-json\/wp\/v2\/comments?post=177"}],"version-history":[{"count":2,"href":"https:\/\/www.wpautotranslate.com\/es\/wp-json\/wp\/v2\/pages\/177\/revisions"}],"predecessor-version":[{"id":252,"href":"https:\/\/www.wpautotranslate.com\/es\/wp-json\/wp\/v2\/pages\/177\/revisions\/252"}],"up":[{"embeddable":true,"href":"https:\/\/www.wpautotranslate.com\/es\/wp-json\/wp\/v2\/pages\/173"}],"wp:attachment":[{"href":"https:\/\/www.wpautotranslate.com\/es\/wp-json\/wp\/v2\/media?parent=177"}],"curies":[{"name":"wp","href":"https:\/\/api.w.org\/{rel}","templated":true}]}}