{"id":176,"date":"2022-03-25T11:40:42","date_gmt":"2022-03-25T10:40:42","guid":{"rendered":"https:\/\/www.wpautotranslate.com\/es\/?page_id=30"},"modified":"2022-04-14T12:25:12","modified_gmt":"2022-04-14T10:25:12","slug":"instalacion","status":"publish","type":"page","link":"https:\/\/www.wpautotranslate.com\/es\/documentacion\/instalacion\/","title":{"rendered":"Instalaci\u00f3n"},"content":{"rendered":"\n<p>Para instalar el plugin tienes que acceder a <a href=\"https:\/\/www.wpautotranslate.com\/my-account\/\" data-type=\"URL\" data-id=\"https:\/\/www.wpautotranslate.com\/my-account\/\">Mi Cuenta<\/a> y all\u00ed ir a Ver Detalles y Descargas. En la parte inferior de la p\u00e1gina tendr\u00e1s un enlace para descargar la \u00faltima versi\u00f3n del plugin. Tambi\u00e9n tendr\u00e1 su ID de licencia.<\/p>\n\n\n\n<p>Una vez que haya descargado el archivo, debe ir al sitio principal de su WordPress Multisite y agregarlo como cualquier otro plugin.<\/p>\n\n\n\n<p>Primero haremos clic en el bot\u00f3n Agregar nuevo.<\/p>\n\n\n\n<div class=\"wp-block-image\"><figure class=\"aligncenter size-full is-resized\"><img loading=\"lazy\" decoding=\"async\" src=\"https:\/\/www.wpautotranslate.com\/wp-content\/uploads\/2020\/10\/installation-01.png\" alt=\"\" class=\"wp-image-2830\" width=\"582\" height=\"120\" \/><\/figure><\/div>\n\n\n\n<p>All\u00ed elegiremos Upload Plugin.<\/p>\n\n\n\n<div class=\"wp-block-image\"><figure class=\"aligncenter size-full is-resized\"><img loading=\"lazy\" decoding=\"async\" src=\"https:\/\/www.wpautotranslate.com\/wp-content\/uploads\/2020\/10\/installation-02.png\" alt=\"\" class=\"wp-image-2831\" width=\"738\" height=\"168\" \/><\/figure><\/div>\n\n\n\n<p>Veremos una zona donde podremos seleccionar el archivo que hemos descargado previamente.<\/p>\n\n\n\n<div class=\"wp-block-image\"><figure class=\"aligncenter size-full is-resized\"><img loading=\"lazy\" decoding=\"async\" src=\"https:\/\/www.wpautotranslate.com\/wp-content\/uploads\/2020\/10\/installation-03.png\" alt=\"\" class=\"wp-image-2832\" width=\"734\" height=\"206\" \/><\/figure><\/div>\n\n\n\n<p>Una vez seleccionado, haga clic en Instalar ahora.<\/p>\n\n\n\n<div class=\"wp-block-image\"><figure class=\"aligncenter size-full is-resized\"><img loading=\"lazy\" decoding=\"async\" src=\"https:\/\/www.wpautotranslate.com\/wp-content\/uploads\/2020\/10\/installation-04.png\" alt=\"\" class=\"wp-image-2833\" width=\"730\" height=\"213\" \/><\/figure><\/div>\n\n\n\n<p>Si volvemos a la lista de plugins podemos activarla a nivel de Red.<\/p>\n\n\n\n<div class=\"wp-block-image\"><figure class=\"aligncenter size-full is-resized\"><img loading=\"lazy\" decoding=\"async\" src=\"https:\/\/www.wpautotranslate.com\/wp-content\/uploads\/2020\/10\/installation-05.png\" alt=\"\" class=\"wp-image-2834\" width=\"671\" height=\"83\" \/><\/figure><\/div>\n\n\n\n<p>Una vez activo, en el men\u00fa de opciones veremos la de AutoTranslate.<\/p>\n\n\n\n<div class=\"wp-block-image\"><figure class=\"aligncenter size-full is-resized\"><img loading=\"lazy\" decoding=\"async\" src=\"https:\/\/www.wpautotranslate.com\/wp-content\/uploads\/2020\/10\/installation-06.png\" alt=\"\" class=\"wp-image-2835\" width=\"192\" height=\"322\" \/><\/figure><\/div>\n","protected":false},"excerpt":{"rendered":"<p>Para instalar el plug-in tienes que acceder a Mi Cuenta y all\u00ed ir a Ver Detalles y Descargas. En la parte inferior de la p\u00e1gina tendr\u00e1s un enlace para descargar la \u00faltima versi\u00f3n del plugin. Tambi\u00e9n tendr\u00e1 su ID de licencia. Una vez descargado el archivo, debes ir al &#8230; <a title=\"Installation\" class=\"read-more\" href=\"https:\/\/www.wpautotranslate.com\/en\/wpautotranslate\/installation\/\" aria-label=\"M\u00e1s sobre la instalaci\u00f3n\">Leer m\u00e1s<\/a><\/p>\n","protected":false},"author":1,"featured_media":0,"parent":173,"menu_order":10,"comment_status":"closed","ping_status":"closed","template":"","meta":{"_seopress_robots_primary_cat":"","_seopress_titles_title":"","_seopress_titles_desc":"","_seopress_robots_index":"","inline_featured_image":false,"footnotes":""},"class_list":["post-176","page","type-page","status-publish"],"_links":{"self":[{"href":"https:\/\/www.wpautotranslate.com\/es\/wp-json\/wp\/v2\/pages\/176","targetHints":{"allow":["GET"]}}],"collection":[{"href":"https:\/\/www.wpautotranslate.com\/es\/wp-json\/wp\/v2\/pages"}],"about":[{"href":"https:\/\/www.wpautotranslate.com\/es\/wp-json\/wp\/v2\/types\/page"}],"author":[{"embeddable":true,"href":"https:\/\/www.wpautotranslate.com\/es\/wp-json\/wp\/v2\/users\/1"}],"replies":[{"embeddable":true,"href":"https:\/\/www.wpautotranslate.com\/es\/wp-json\/wp\/v2\/comments?post=176"}],"version-history":[{"count":3,"href":"https:\/\/www.wpautotranslate.com\/es\/wp-json\/wp\/v2\/pages\/176\/revisions"}],"predecessor-version":[{"id":250,"href":"https:\/\/www.wpautotranslate.com\/es\/wp-json\/wp\/v2\/pages\/176\/revisions\/250"}],"up":[{"embeddable":true,"href":"https:\/\/www.wpautotranslate.com\/es\/wp-json\/wp\/v2\/pages\/173"}],"wp:attachment":[{"href":"https:\/\/www.wpautotranslate.com\/es\/wp-json\/wp\/v2\/media?parent=176"}],"curies":[{"name":"wp","href":"https:\/\/api.w.org\/{rel}","templated":true}]}}