{"id":175,"date":"2022-03-25T11:39:34","date_gmt":"2022-03-25T10:39:34","guid":{"rendered":"https:\/\/www.wpautotranslate.com\/es\/?page_id=28"},"modified":"2022-04-12T17:20:45","modified_gmt":"2022-04-12T15:20:45","slug":"requisitos","status":"publish","type":"page","link":"https:\/\/www.wpautotranslate.com\/es\/documentacion\/requisitos\/","title":{"rendered":"Requisitos"},"content":{"rendered":"\n<p>Los requisitos para utilizar este plug-in son los siguientes:<\/p>\n\n\n\n<p><strong>WordPress<\/strong><\/p>\n\n\n\n<ul class=\"wp-block-list\"><li>Versi\u00f3n m\u00ednima: WordPress 5.4<\/li><li>Versi\u00f3n m\u00e1xima: WordPress 5.9<\/li><\/ul>\n\n\n\n<p><strong>PHP (en ingl\u00e9s<\/strong>)<\/p>\n\n\n\n<ul class=\"wp-block-list\"><li>Versi\u00f3n m\u00ednima: PHP 7.3<\/li><li>Versi\u00f3n m\u00e1xima: PHP 8.1<\/li><\/ul>\n\n\n\n<p><strong>MultilingualPress<\/strong><\/p>\n\n\n\n<ul class=\"wp-block-list\"><li>Versi\u00f3n m\u00ednima: MultilingualPress 3.4<\/li><li>Versi\u00f3n m\u00e1xima: MultilingualPress 3.9<\/li><\/ul>\n\n\n\n<p>Si estos tres elementos se encuentran instalados, podr\u00e1s usar el plugin sin ning\u00fan problema. El plugin puede funcionar con versiones superiores e inferiores, pero con esta combinaci\u00f3n, aseguramos su correcto funcionamiento.<\/p>\n","protected":false},"excerpt":{"rendered":"<p>Los requisitos para usar este plug-in son los siguientes: WordPress Versi\u00f3n m\u00ednima: WordPress 5.4 Versi\u00f3n m\u00e1xima: WordPress 5.9 PHP Versi\u00f3n m\u00ednima: PHP 7.3 Versi\u00f3n m\u00e1xima: PHP 8.1 MultilingualPress Versi\u00f3n m\u00ednima: MultilingualPress 3.4 Versi\u00f3n m\u00e1xima: MultilingualPress 3.9 Si se cumplen estos tres elementos, podr\u00e1 utilizar el plugin sin ning\u00fan problema. El plugin podr\u00eda &#8230; <a title=\"Requirements\" class=\"read-more\" href=\"https:\/\/www.wpautotranslate.com\/en\/wpautotranslate\/requirements\/\" aria-label=\"M\u00e1s sobre requisitos\">Leer m\u00e1s<\/a><\/p>\n","protected":false},"author":1,"featured_media":0,"parent":173,"menu_order":5,"comment_status":"closed","ping_status":"closed","template":"","meta":{"_seopress_robots_primary_cat":"","_seopress_titles_title":"","_seopress_titles_desc":"","_seopress_robots_index":"","inline_featured_image":false,"footnotes":""},"class_list":["post-175","page","type-page","status-publish"],"_links":{"self":[{"href":"https:\/\/www.wpautotranslate.com\/es\/wp-json\/wp\/v2\/pages\/175","targetHints":{"allow":["GET"]}}],"collection":[{"href":"https:\/\/www.wpautotranslate.com\/es\/wp-json\/wp\/v2\/pages"}],"about":[{"href":"https:\/\/www.wpautotranslate.com\/es\/wp-json\/wp\/v2\/types\/page"}],"author":[{"embeddable":true,"href":"https:\/\/www.wpautotranslate.com\/es\/wp-json\/wp\/v2\/users\/1"}],"replies":[{"embeddable":true,"href":"https:\/\/www.wpautotranslate.com\/es\/wp-json\/wp\/v2\/comments?post=175"}],"version-history":[{"count":2,"href":"https:\/\/www.wpautotranslate.com\/es\/wp-json\/wp\/v2\/pages\/175\/revisions"}],"predecessor-version":[{"id":246,"href":"https:\/\/www.wpautotranslate.com\/es\/wp-json\/wp\/v2\/pages\/175\/revisions\/246"}],"up":[{"embeddable":true,"href":"https:\/\/www.wpautotranslate.com\/es\/wp-json\/wp\/v2\/pages\/173"}],"wp:attachment":[{"href":"https:\/\/www.wpautotranslate.com\/es\/wp-json\/wp\/v2\/media?parent=175"}],"curies":[{"name":"wp","href":"https:\/\/api.w.org\/{rel}","templated":true}]}}