{"id":172,"date":"2022-03-25T11:37:12","date_gmt":"2022-03-25T10:37:12","guid":{"rendered":"https:\/\/www.wpautotranslate.com\/es\/?page_id=20"},"modified":"2022-04-12T16:21:25","modified_gmt":"2022-04-12T14:21:25","slug":"en","status":"publish","type":"page","link":"https:\/\/www.wpautotranslate.com\/es\/","title":{"rendered":"Ayuda"},"content":{"rendered":"<div class=\"gb-container gb-container-0351405d\"><div class=\"gb-inside-container\">\n<div class=\"gb-grid-wrapper gb-grid-wrapper-66e556c2\">\n<div class=\"gb-grid-column gb-grid-column-36d2e721\"><div class=\"gb-container gb-container-36d2e721\"><div class=\"gb-inside-container\">\n\n<h1 class=\"gb-headline gb-headline-47b45998 gb-headline-text\"><strong>Ayuda<\/strong><\/h1>\n\n\n\n<p>En esta p\u00e1gina encontrar\u00e1s ayuda para todos los productos que tienes en nuestro sitio. Selecciona el producto y all\u00ed encontrar\u00e1s todas las secciones e informaci\u00f3n para resolver tus dudas.<\/p>\n\n\n\n<p>En caso de que no encuentres lo que est\u00e1s buscando, puedes ponerte en <a href=\"https:\/\/www.wpautotranslate.com\/contact\/\">contacto con nosotros<\/a>.<\/p>\n\n<\/div><\/div><\/div>\n\n<div class=\"gb-grid-column gb-grid-column-09623e90\"><div class=\"gb-container gb-container-09623e90\"><div class=\"gb-inside-container\">\n\n<figure class=\"wp-block-image size-full js-scroll slide-right\"><img loading=\"lazy\" decoding=\"async\" width=\"768\" height=\"640\" src=\"https:\/\/www.wpautotranslate.com\/es\/wp-content\/uploads\/sites\/8\/2022\/04\/help-wpautotranslate-768x640-1.png\" alt=\"\" class=\"wp-image-219\" \/><\/figure>\n\n<\/div><\/div><\/div>\n<\/div>\n<\/div><\/div>\n\n<div class=\"gb-container gb-container-06bc3fe7 alignfull\"><div class=\"gb-inside-container\">\n\n<h2 class=\"gb-headline gb-headline-6ae0bab1 gb-headline-text\">WordPress AutoTranslate Pro<\/h2>\n\n\n<div class=\"gb-grid-wrapper gb-grid-wrapper-95862fa8\">\n<div class=\"gb-grid-column gb-grid-column-682c8275\"><div class=\"gb-container gb-container-682c8275\"><div class=\"gb-inside-container\">\n<div class=\"gb-button-wrapper gb-button-wrapper-c644613e\">\n\n<a class=\"gb-button gb-button-eba596ff\" href=\"\/es\/documentacion\/changelog\/\"><span class=\"gb-icon\">    <\/span><span class=\"gb-button-text\"><strong>Changelog<\/strong><\/span><\/a>\n\n<\/div>\n<\/div><\/div><\/div>\n\n<div class=\"gb-grid-column gb-grid-column-4f5ab78c\"><div class=\"gb-container gb-container-4f5ab78c\"><div class=\"gb-inside-container\">\n<div class=\"gb-button-wrapper gb-button-wrapper-d4d5b6e8\">\n\n<a class=\"gb-button gb-button-c25d68de\" href=\"\/es\/documentacion\/requisitos\/\"><span class=\"gb-icon\">       <\/span><span class=\"gb-button-text\"><strong>Requisitos<\/strong><\/span><\/a>\n\n<\/div>\n<\/div><\/div><\/div>\n\n<div class=\"gb-grid-column gb-grid-column-c8f3f180\"><div class=\"gb-container gb-container-c8f3f180\"><div class=\"gb-inside-container\">\n<div class=\"gb-button-wrapper gb-button-wrapper-5afeb03a\">\n\n<a class=\"gb-button gb-button-10fd6810\" href=\"\/es\/documentacion\/instalacion\/\"><span class=\"gb-icon\">       <\/span><span class=\"gb-button-text\"><strong>Instalaci\u00f3n<\/strong><\/span><\/a>\n\n<\/div>\n<\/div><\/div><\/div>\n\n<div class=\"gb-grid-column gb-grid-column-a2f48a16\"><div class=\"gb-container gb-container-a2f48a16\"><div class=\"gb-inside-container\">\n<div class=\"gb-button-wrapper gb-button-wrapper-d1038b73\">\n\n<a class=\"gb-button gb-button-318f1354\" href=\"\/es\/documentacion\/actualizacion\/\"><span class=\"gb-icon\">    <\/span><span class=\"gb-button-text\"><strong>Actualizaci\u00f3n<\/strong><\/span><\/a>\n\n<\/div>\n<\/div><\/div><\/div>\n\n<div class=\"gb-grid-column gb-grid-column-af439c52\"><div class=\"gb-container gb-container-af439c52\"><div class=\"gb-inside-container\">\n<div class=\"gb-button-wrapper gb-button-wrapper-216e93c4\">\n\n<a class=\"gb-button gb-button-bbe150a4\" href=\"\/es\/documentacion\/licencia\/\"><span class=\"gb-icon\">       <\/span><span class=\"gb-button-text\"><strong>Licencia<\/strong><\/span><\/a>\n\n<\/div>\n<\/div><\/div><\/div>\n\n<div class=\"gb-grid-column gb-grid-column-12870a8d\"><div class=\"gb-container gb-container-12870a8d\"><div class=\"gb-inside-container\">\n<div class=\"gb-button-wrapper gb-button-wrapper-8ebc6dd7\">\n\n<a class=\"gb-button gb-button-8d85d685\" href=\"\/es\/documentacion\/elegir-un-proveedor-de-traduccion\/\"><span class=\"gb-icon\">    <\/span><span class=\"gb-button-text\"><strong>Elegir proveedor de traducci\u00f3n<\/strong><\/span><\/a>\n\n<\/div>\n<\/div><\/div><\/div>\n\n<div class=\"gb-grid-column gb-grid-column-713f43fc\"><div class=\"gb-container gb-container-713f43fc\"><div class=\"gb-inside-container\">\n<div class=\"gb-button-wrapper gb-button-wrapper-cea24d4c\">\n\n<a class=\"gb-button gb-button-1cec3c42\" href=\"\/es\/documentacion\/configuracion-api\/\"><span class=\"gb-icon\">    <\/span><span class=\"gb-button-text\"><strong>Configuraci\u00f3n de la API<\/strong><\/span><\/a>\n\n<\/div>\n<\/div><\/div><\/div>\n\n<div class=\"gb-grid-column gb-grid-column-18edf6ee\"><div class=\"gb-container gb-container-18edf6ee\"><div class=\"gb-inside-container\">\n<div class=\"gb-button-wrapper gb-button-wrapper-05a02df5\">\n\n<a class=\"gb-button gb-button-912315fe\" href=\"\/es\/documentacion\/que-traducimos\/\"><span class=\"gb-icon\">       <\/span><span class=\"gb-button-text\">\u00bf<strong>Qu\u00e9 puedes traducir?<\/strong><\/span><\/a>\n\n<\/div>\n<\/div><\/div><\/div>\n\n<div class=\"gb-grid-column gb-grid-column-775b91ab\"><div class=\"gb-container gb-container-775b91ab\"><div class=\"gb-inside-container\">\n<div class=\"gb-button-wrapper gb-button-wrapper-8aa50dea\">\n\n<a class=\"gb-button gb-button-82a1a952 gb-button-text\" href=\"\/es\/documentacion\/traduccion-taxonommia\/\"><strong>Traducir taxonom\u00eda, etiqueta o categor\u00eda<\/strong><\/a>\n\n<\/div>\n<\/div><\/div><\/div>\n\n<div class=\"gb-grid-column gb-grid-column-59c13916\"><div class=\"gb-container gb-container-59c13916\"><div class=\"gb-inside-container\">\n<div class=\"gb-button-wrapper gb-button-wrapper-1dba5781\">\n\n<a class=\"gb-button gb-button-d3d423d8 gb-button-text\" href=\"\/es\/documentacion\/traducir-entradas-paginas\/\"><strong>Traducir entrada, p\u00e1gina y CPT<\/strong><\/a>\n\n<\/div>\n<\/div><\/div><\/div>\n<\/div>\n<\/div><\/div>\n\n<div class=\"gb-container gb-container-640d9077\"><div class=\"gb-inside-container\">\n\n<h2 class=\"gb-headline gb-headline-d9a13076 gb-headline-text\">Tutoriales<\/h2>\n\n\n\n<p class=\"has-text-align-center\">\u00bfC\u00f3mo funciona el plugin? \u00bfC\u00f3mo puedo instalarlo? \u00bfTienes demasiadas preguntas? Mira nuestros tutoriales y sal de dudas.<\/p>\n\n<\/div><\/div>\n\n<div class=\"gb-button-wrapper gb-button-wrapper-3d3d2630\">\n\n<a class=\"gb-button gb-button-17dfae47\" href=\"https:\/\/www.wpautotranslate.com\/es\/instalacion\/\"><span class=\"gb-icon\">       <\/span><span class=\"gb-button-text\"><strong>Instalar WP Auto Translate desde cero<\/strong><\/span><\/a>\n\n<\/div>\n\n<div class=\"gb-container gb-container-95bf19ad\"><div class=\"gb-inside-container\">\n\n<h2 class=\"gb-headline gb-headline-b309a340 gb-headline-text\">Sobre WordPress AutoTranslate<\/h2>\n\n\n<div class=\"gb-grid-wrapper gb-grid-wrapper-879e0654\">\n<div class=\"gb-grid-column gb-grid-column-16ba6fe5\"><div class=\"gb-container gb-container-16ba6fe5\"><a class=\"gb-container-link\" href=\"https:\/\/www.wpautotranslate.com\/es\/cuenta\/\"><\/a><div class=\"gb-inside-container\">\n\n<div class=\"wp-block-image\"><figure class=\"aligncenter size-thumbnail is-resized\"><img loading=\"lazy\" decoding=\"async\" src=\"https:\/\/www.wpautotranslate.com\/es\/wp-content\/uploads\/sites\/8\/2022\/04\/usuario.svg\" alt=\"\" class=\"wp-image-221\" width=\"128\" height=\"128\" \/><\/figure><\/div>\n\n\n\n<h2 class=\"gb-headline gb-headline-8fc559a0 gb-headline-text\">Mi cuenta\/Registro<\/h2>\n\n<\/div><\/div><\/div>\n\n<div class=\"gb-grid-column gb-grid-column-c465588d\"><div class=\"gb-container gb-container-c465588d\"><a class=\"gb-container-link\" href=\"https:\/\/www.wpautotranslate.com\/es\/afiliacion\/\"><\/a><div class=\"gb-inside-container\">\n\n<div class=\"wp-block-image\"><figure class=\"aligncenter size-thumbnail is-resized\"><img loading=\"lazy\" decoding=\"async\" src=\"https:\/\/www.wpautotranslate.com\/es\/wp-content\/uploads\/sites\/8\/2022\/04\/afiliacion.svg\" alt=\"\" class=\"wp-image-222\" width=\"128\" height=\"128\" \/><\/figure><\/div>\n\n\n\n<h2 class=\"gb-headline gb-headline-a7064f6a gb-headline-text\">Afiliaci\u00f3n<\/h2>\n\n<\/div><\/div><\/div>\n<\/div>\n<\/div><\/div>","protected":false},"excerpt":{"rendered":"<p>En esta p\u00e1gina encontrar\u00e1 ayuda para todos los productos que tiene en nuestro sitio. Selecciona el producto y all\u00ed encontrar\u00e1s todas las secciones e informaci\u00f3n para resolver tus dudas. En caso de que no encuentre lo que est\u00e1 buscando, p\u00f3ngase en contacto con nosotros. WordPress AutoTranslate Pro Changelog Requisitos instalaci\u00f3n Conjunto de actualizaci\u00f3n &#8230; <a title=\"Help\" class=\"read-more\" href=\"https:\/\/www.wpautotranslate.com\/en\/\" aria-label=\"M\u00e1s sobre La ayuda\">Leer m\u00e1s<\/a><\/p>\n","protected":false},"author":1,"featured_media":0,"parent":0,"menu_order":10,"comment_status":"closed","ping_status":"closed","template":"","meta":{"_seopress_robots_primary_cat":"","_seopress_titles_title":"","_seopress_titles_desc":"","_seopress_robots_index":"","inline_featured_image":false,"footnotes":""},"class_list":["post-172","page","type-page","status-publish"],"_links":{"self":[{"href":"https:\/\/www.wpautotranslate.com\/es\/wp-json\/wp\/v2\/pages\/172","targetHints":{"allow":["GET"]}}],"collection":[{"href":"https:\/\/www.wpautotranslate.com\/es\/wp-json\/wp\/v2\/pages"}],"about":[{"href":"https:\/\/www.wpautotranslate.com\/es\/wp-json\/wp\/v2\/types\/page"}],"author":[{"embeddable":true,"href":"https:\/\/www.wpautotranslate.com\/es\/wp-json\/wp\/v2\/users\/1"}],"replies":[{"embeddable":true,"href":"https:\/\/www.wpautotranslate.com\/es\/wp-json\/wp\/v2\/comments?post=172"}],"version-history":[{"count":4,"href":"https:\/\/www.wpautotranslate.com\/es\/wp-json\/wp\/v2\/pages\/172\/revisions"}],"predecessor-version":[{"id":240,"href":"https:\/\/www.wpautotranslate.com\/es\/wp-json\/wp\/v2\/pages\/172\/revisions\/240"}],"wp:attachment":[{"href":"https:\/\/www.wpautotranslate.com\/es\/wp-json\/wp\/v2\/media?parent=172"}],"curies":[{"name":"wp","href":"https:\/\/api.w.org\/{rel}","templated":true}]}}